{"id":17304,"date":"2024-03-23T19:56:15","date_gmt":"2024-03-23T17:56:15","guid":{"rendered":"https:\/\/tinos-rentavilla.com\/?page_id=17304"},"modified":"2025-11-09T16:00:40","modified_gmt":"2025-11-09T14:00:40","slug":"summer","status":"publish","type":"page","link":"https:\/\/tinos-rentavilla.com\/de_de\/four-seasons-tinos\/summer\/","title":{"rendered":"Sommer"},"content":{"rendered":"<div id=\"cmsmasters_row_e0it6qx3kq\" class=\"cmsmasters_row cmsmasters_color_scheme_default cmsmasters_row_top_default cmsmasters_row_bot_default cmsmasters_row_boxed\">\n<div class=\"cmsmasters_row_outer_parent\">\n<div class=\"cmsmasters_row_outer\">\n<div class=\"cmsmasters_row_inner\">\n<div class=\"cmsmasters_row_margin\">\n<div id=\"cmsmasters_column_5lhyy98iw5\" class=\"cmsmasters_column one_first\">\n<div class=\"cmsmasters_column_inner\"><div class=\"cmsmasters_text\">\n<h2 style=\"text-align: center;\">Der Sommer ist immer am sch\u00f6nsten<\/h2>\n<h3 style=\"text-align: center;\">Morgentautropfen, w\u00fcrzige Kapernbl\u00e4tter und Unbeschwertheit<\/h3>\n<p style=\"text-align: center;\">Der Ort, an dem Sommermittage die ultimative Bedeutung von Faulheit erlangen, ist Tinos. Setzen Sie sich unter eine Platane auf dem Platz von Pyrgos und sp\u00fcren Sie die k\u00fchle Brise. Spazieren Sie in der Abendd\u00e4mmerung durch die gepflasterten Gassen von Chora. Und wenn Sie tags\u00fcber an den feinsandigen Str\u00e4nden der Insel schwimmen, tauchen und surfen k\u00f6nnen, erwartet Sie nachts auf Tinos ein ganz anderes Vergn\u00fcgen. Ob bei Vollmond oder nicht, Sie werden in Panormos frischen Fisch genie\u00dfen, den Arnados besteigen \u2013 wo es sich anf\u00fchlt, als sei die Zeit stehen geblieben \u2013 oder Sie werden sich bei einem der Feste in den D\u00f6rfern der Insel am\u00fcsieren.<br \/>\nWenn Sie am 23. Juli zuf\u00e4llig auf der Insel sind, verpassen Sie nicht die Prozession der Ikone der Jungfrau Maria in dem Kloster, in dem sie erstmals entdeckt wurde. Und die Saison beginnt am 15. August in der Kirche Panagia Tinos, wo Gl\u00e4ubige aus dem ganzen Land herbeistr\u00f6men und alles festlich erscheint. So f\u00fchlt sich der Sommer auf der Insel Chalepa an, wie hausgemachte Limonade und traditionelles Nougat.<\/p>\n<\/div>\n<\/div><\/div>\n<\/div>\n<\/div>\n<\/div>\n<\/div>\n<\/div>\n<div id=\"cmsmasters_row_scxog92f7\" class=\"cmsmasters_row cmsmasters_color_scheme_default cmsmasters_row_top_default cmsmasters_row_bot_default cmsmasters_row_boxed\">\n<div class=\"cmsmasters_row_outer_parent\">\n<div class=\"cmsmasters_row_outer\">\n<div class=\"cmsmasters_row_inner\">\n<div class=\"cmsmasters_row_margin\">\n<div id=\"cmsmasters_column_d79paf0h4\" class=\"cmsmasters_column one_first\">\n<div class=\"cmsmasters_column_inner\"><\/div><\/div>\n<\/div>\n<\/div>\n<\/div>\n<\/div>\n<\/div>","protected":false},"excerpt":{"rendered":"","protected":false},"author":1,"featured_media":17308,"parent":17,"menu_order":0,"comment_status":"closed","ping_status":"closed","template":"","meta":{"rs_blank_template":"","rs_page_bg_color":"","slide_template_v7":"","footnotes":""},"class_list":["post-17304","page","type-page","status-publish","has-post-thumbnail","hentry"],"yoast_head":"<!-- This site is optimized with the Yoast SEO plugin v27.3 - https:\/\/yoast.com\/product\/yoast-seo-wordpress\/ -->\n<title>Summer | Panormos Art Villa&#039;s &amp; Suites<\/title>\n<meta name=\"description\" content=\"Feel the magic of summer in Tinos \u2014 golden beaches, moonlit nights, village festivals, and fresh seaside dining. Discover authentic island life from Panormos Art Villas &amp; Suites.\" \/>\n<meta name=\"robots\" content=\"index, follow, max-snippet:-1, max-image-preview:large, max-video-preview:-1\" \/>\n<link rel=\"canonical\" href=\"https:\/\/tinos-rentavilla.com\/de_de\/four-seasons-tinos\/summer\/\" \/>\n<meta property=\"og:locale\" content=\"de_DE\" \/>\n<meta property=\"og:type\" content=\"article\" \/>\n<meta property=\"og:title\" content=\"Summer | Panormos Art Villa&#039;s &amp; Suites\" \/>\n<meta property=\"og:description\" content=\"Feel the magic of summer in Tinos \u2014 golden beaches, moonlit nights, village festivals, and fresh seaside dining. Discover authentic island life from Panormos Art Villas &amp; Suites.\" \/>\n<meta property=\"og:url\" content=\"https:\/\/tinos-rentavilla.com\/de_de\/four-seasons-tinos\/summer\/\" \/>\n<meta property=\"og:site_name\" content=\"Panormos Art Villa&#039;s &amp; Suites\" \/>\n<meta property=\"article:modified_time\" content=\"2025-11-09T14:00:40+00:00\" \/>\n<meta property=\"og:image\" content=\"https:\/\/tinos-rentavilla.com\/wp-content\/uploads\/2024\/03\/summer-livada_0190-scaled-e1733765432706.jpg\" \/>\n\t<meta property=\"og:image:width\" content=\"2560\" \/>\n\t<meta property=\"og:image:height\" content=\"1463\" \/>\n\t<meta property=\"og:image:type\" content=\"image\/jpeg\" \/>\n<meta name=\"twitter:card\" content=\"summary_large_image\" \/>\n<meta name=\"twitter:label1\" content=\"Gesch\u00e4tzte Lesezeit\" \/>\n\t<meta name=\"twitter:data1\" content=\"2\u00a0Minuten\" \/>\n<script type=\"application\/ld+json\" class=\"yoast-schema-graph\">{\"@context\":\"https:\\\/\\\/schema.org\",\"@graph\":[{\"@type\":\"WebPage\",\"@id\":\"https:\\\/\\\/tinos-rentavilla.com\\\/four-seasons-tinos\\\/summer\\\/\",\"url\":\"https:\\\/\\\/tinos-rentavilla.com\\\/four-seasons-tinos\\\/summer\\\/\",\"name\":\"Summer | Panormos Art Villa&#039;s &amp; Suites\",\"isPartOf\":{\"@id\":\"https:\\\/\\\/tinos-rentavilla.com\\\/#website\"},\"primaryImageOfPage\":{\"@id\":\"https:\\\/\\\/tinos-rentavilla.com\\\/four-seasons-tinos\\\/summer\\\/#primaryimage\"},\"image\":{\"@id\":\"https:\\\/\\\/tinos-rentavilla.com\\\/four-seasons-tinos\\\/summer\\\/#primaryimage\"},\"thumbnailUrl\":\"https:\\\/\\\/tinos-rentavilla.com\\\/wp-content\\\/uploads\\\/2024\\\/03\\\/summer-livada_0190-scaled-e1733765432706.jpg\",\"datePublished\":\"2024-03-23T17:56:15+00:00\",\"dateModified\":\"2025-11-09T14:00:40+00:00\",\"description\":\"Feel the magic of summer in Tinos \u2014 golden beaches, moonlit nights, village festivals, and fresh seaside dining. Discover authentic island life from Panormos Art Villas & Suites.\",\"breadcrumb\":{\"@id\":\"https:\\\/\\\/tinos-rentavilla.com\\\/four-seasons-tinos\\\/summer\\\/#breadcrumb\"},\"inLanguage\":\"de\",\"potentialAction\":[{\"@type\":\"ReadAction\",\"target\":[\"https:\\\/\\\/tinos-rentavilla.com\\\/four-seasons-tinos\\\/summer\\\/\"]}]},{\"@type\":\"ImageObject\",\"inLanguage\":\"de\",\"@id\":\"https:\\\/\\\/tinos-rentavilla.com\\\/four-seasons-tinos\\\/summer\\\/#primaryimage\",\"url\":\"https:\\\/\\\/tinos-rentavilla.com\\\/wp-content\\\/uploads\\\/2024\\\/03\\\/summer-livada_0190-scaled-e1733765432706.jpg\",\"contentUrl\":\"https:\\\/\\\/tinos-rentavilla.com\\\/wp-content\\\/uploads\\\/2024\\\/03\\\/summer-livada_0190-scaled-e1733765432706.jpg\",\"width\":2560,\"height\":1463,\"caption\":\"summer livada 0190\"},{\"@type\":\"BreadcrumbList\",\"@id\":\"https:\\\/\\\/tinos-rentavilla.com\\\/four-seasons-tinos\\\/summer\\\/#breadcrumb\",\"itemListElement\":[{\"@type\":\"ListItem\",\"position\":1,\"name\":\"Home\",\"item\":\"https:\\\/\\\/tinos-rentavilla.com\\\/\"},{\"@type\":\"ListItem\",\"position\":2,\"name\":\"Four Seasons Tinos\",\"item\":\"https:\\\/\\\/tinos-rentavilla.com\\\/four-seasons-tinos\\\/\"},{\"@type\":\"ListItem\",\"position\":3,\"name\":\"Summer\"}]},{\"@type\":\"WebSite\",\"@id\":\"https:\\\/\\\/tinos-rentavilla.com\\\/#website\",\"url\":\"https:\\\/\\\/tinos-rentavilla.com\\\/\",\"name\":\"Panormos Art Villa&#039;s &amp; Suites\",\"description\":\"\",\"potentialAction\":[{\"@type\":\"SearchAction\",\"target\":{\"@type\":\"EntryPoint\",\"urlTemplate\":\"https:\\\/\\\/tinos-rentavilla.com\\\/?s={search_term_string}\"},\"query-input\":{\"@type\":\"PropertyValueSpecification\",\"valueRequired\":true,\"valueName\":\"search_term_string\"}}],\"inLanguage\":\"de\"}]}<\/script>\n<!-- \/ Yoast SEO plugin. -->","yoast_head_json":{"title":"Summer | Panormos Art Villa&#039;s &amp; Suites","description":"Feel the magic of summer in Tinos \u2014 golden beaches, moonlit nights, village festivals, and fresh seaside dining. Discover authentic island life from Panormos Art Villas & Suites.","robots":{"index":"index","follow":"follow","max-snippet":"max-snippet:-1","max-image-preview":"max-image-preview:large","max-video-preview":"max-video-preview:-1"},"canonical":"https:\/\/tinos-rentavilla.com\/de_de\/four-seasons-tinos\/summer\/","og_locale":"de_DE","og_type":"article","og_title":"Summer | Panormos Art Villa&#039;s &amp; Suites","og_description":"Feel the magic of summer in Tinos \u2014 golden beaches, moonlit nights, village festivals, and fresh seaside dining. Discover authentic island life from Panormos Art Villas & Suites.","og_url":"https:\/\/tinos-rentavilla.com\/de_de\/four-seasons-tinos\/summer\/","og_site_name":"Panormos Art Villa&#039;s &amp; Suites","article_modified_time":"2025-11-09T14:00:40+00:00","og_image":[{"width":2560,"height":1463,"url":"https:\/\/tinos-rentavilla.com\/wp-content\/uploads\/2024\/03\/summer-livada_0190-scaled-e1733765432706.jpg","type":"image\/jpeg"}],"twitter_card":"summary_large_image","twitter_misc":{"Gesch\u00e4tzte Lesezeit":"2\u00a0Minuten"},"schema":{"@context":"https:\/\/schema.org","@graph":[{"@type":"WebPage","@id":"https:\/\/tinos-rentavilla.com\/four-seasons-tinos\/summer\/","url":"https:\/\/tinos-rentavilla.com\/four-seasons-tinos\/summer\/","name":"Summer | Panormos Art Villa&#039;s &amp; Suites","isPartOf":{"@id":"https:\/\/tinos-rentavilla.com\/#website"},"primaryImageOfPage":{"@id":"https:\/\/tinos-rentavilla.com\/four-seasons-tinos\/summer\/#primaryimage"},"image":{"@id":"https:\/\/tinos-rentavilla.com\/four-seasons-tinos\/summer\/#primaryimage"},"thumbnailUrl":"https:\/\/tinos-rentavilla.com\/wp-content\/uploads\/2024\/03\/summer-livada_0190-scaled-e1733765432706.jpg","datePublished":"2024-03-23T17:56:15+00:00","dateModified":"2025-11-09T14:00:40+00:00","description":"Feel the magic of summer in Tinos \u2014 golden beaches, moonlit nights, village festivals, and fresh seaside dining. Discover authentic island life from Panormos Art Villas & Suites.","breadcrumb":{"@id":"https:\/\/tinos-rentavilla.com\/four-seasons-tinos\/summer\/#breadcrumb"},"inLanguage":"de","potentialAction":[{"@type":"ReadAction","target":["https:\/\/tinos-rentavilla.com\/four-seasons-tinos\/summer\/"]}]},{"@type":"ImageObject","inLanguage":"de","@id":"https:\/\/tinos-rentavilla.com\/four-seasons-tinos\/summer\/#primaryimage","url":"https:\/\/tinos-rentavilla.com\/wp-content\/uploads\/2024\/03\/summer-livada_0190-scaled-e1733765432706.jpg","contentUrl":"https:\/\/tinos-rentavilla.com\/wp-content\/uploads\/2024\/03\/summer-livada_0190-scaled-e1733765432706.jpg","width":2560,"height":1463,"caption":"summer livada 0190"},{"@type":"BreadcrumbList","@id":"https:\/\/tinos-rentavilla.com\/four-seasons-tinos\/summer\/#breadcrumb","itemListElement":[{"@type":"ListItem","position":1,"name":"Home","item":"https:\/\/tinos-rentavilla.com\/"},{"@type":"ListItem","position":2,"name":"Four Seasons Tinos","item":"https:\/\/tinos-rentavilla.com\/four-seasons-tinos\/"},{"@type":"ListItem","position":3,"name":"Summer"}]},{"@type":"WebSite","@id":"https:\/\/tinos-rentavilla.com\/#website","url":"https:\/\/tinos-rentavilla.com\/","name":"Panormos Art Villas &amp; Suites","description":"","potentialAction":[{"@type":"SearchAction","target":{"@type":"EntryPoint","urlTemplate":"https:\/\/tinos-rentavilla.com\/?s={search_term_string}"},"query-input":{"@type":"PropertyValueSpecification","valueRequired":true,"valueName":"search_term_string"}}],"inLanguage":"de"}]}},"_links":{"self":[{"href":"https:\/\/tinos-rentavilla.com\/de_de\/wp-json\/wp\/v2\/pages\/17304","targetHints":{"allow":["GET"]}}],"collection":[{"href":"https:\/\/tinos-rentavilla.com\/de_de\/wp-json\/wp\/v2\/pages"}],"about":[{"href":"https:\/\/tinos-rentavilla.com\/de_de\/wp-json\/wp\/v2\/types\/page"}],"author":[{"embeddable":true,"href":"https:\/\/tinos-rentavilla.com\/de_de\/wp-json\/wp\/v2\/users\/1"}],"replies":[{"embeddable":true,"href":"https:\/\/tinos-rentavilla.com\/de_de\/wp-json\/wp\/v2\/comments?post=17304"}],"version-history":[{"count":7,"href":"https:\/\/tinos-rentavilla.com\/de_de\/wp-json\/wp\/v2\/pages\/17304\/revisions"}],"predecessor-version":[{"id":18434,"href":"https:\/\/tinos-rentavilla.com\/de_de\/wp-json\/wp\/v2\/pages\/17304\/revisions\/18434"}],"up":[{"embeddable":true,"href":"https:\/\/tinos-rentavilla.com\/de_de\/wp-json\/wp\/v2\/pages\/17"}],"wp:featuredmedia":[{"embeddable":true,"href":"https:\/\/tinos-rentavilla.com\/de_de\/wp-json\/wp\/v2\/media\/17308"}],"wp:attachment":[{"href":"https:\/\/tinos-rentavilla.com\/de_de\/wp-json\/wp\/v2\/media?parent=17304"}],"curies":[{"name":"wp","href":"https:\/\/api.w.org\/{rel}","templated":true}]}}