{"id":17315,"date":"2024-03-23T20:08:16","date_gmt":"2024-03-23T18:08:16","guid":{"rendered":"https:\/\/tinos-rentavilla.com\/?page_id=17315"},"modified":"2025-11-09T16:01:42","modified_gmt":"2025-11-09T14:01:42","slug":"winter","status":"publish","type":"page","link":"https:\/\/tinos-rentavilla.com\/de_de\/four-seasons-tinos\/winter\/","title":{"rendered":"Winter"},"content":{"rendered":"<div id=\"cmsmasters_row_e0it6qx3kq\" class=\"cmsmasters_row cmsmasters_color_scheme_default cmsmasters_row_top_default cmsmasters_row_bot_default cmsmasters_row_boxed\">\n<div class=\"cmsmasters_row_outer_parent\">\n<div class=\"cmsmasters_row_outer\">\n<div class=\"cmsmasters_row_inner\">\n<div class=\"cmsmasters_row_margin\">\n<div id=\"cmsmasters_column_5lhyy98iw5\" class=\"cmsmasters_column one_first\">\n<div class=\"cmsmasters_column_inner\"><div class=\"cmsmasters_text\">\n<h2 style=\"text-align: center;\">Wie Honig- und Zimttee<\/h2>\n<h3 style=\"text-align: center;\">Traditionelle S\u00fc\u00dfigkeiten, wilde Natur und W\u00e4rme<\/h3>\n<p style=\"text-align: center;\">Die traditionellen H\u00e4user und Villen der Insel sind festlich geschm\u00fcckt, um die Winter- und Weihnachtsfeiertage willkommen zu hei\u00dfen. Es ist die Jahreszeit, die einen f\u00fcr immer auf Tinos verweilen l\u00e4sst.<br \/>\nSo begr\u00fc\u00dft Sie die Gastgeberin, indem sie Ihnen hausgemachte Kourabies anbietet, w\u00e4hrend Sie gleichzeitig den einzigartigen Duft wahrnehmen. So k\u00f6nnen Sie Fourtalia (traditionelles Omelett) in einem Caf\u00e9 im Dorf probieren.<\/p>\n<\/div>\n<\/div><\/div>\n<\/div>\n<\/div>\n<\/div>\n<\/div>\n<\/div>\n<div id=\"cmsmasters_row_scxog92f7\" class=\"cmsmasters_row cmsmasters_color_scheme_default cmsmasters_row_top_default cmsmasters_row_bot_default cmsmasters_row_boxed\">\n<div class=\"cmsmasters_row_outer_parent\">\n<div class=\"cmsmasters_row_outer\">\n<div class=\"cmsmasters_row_inner\">\n<div class=\"cmsmasters_row_margin\">\n<div id=\"cmsmasters_column_d79paf0h4\" class=\"cmsmasters_column one_first\">\n<div class=\"cmsmasters_column_inner\"><\/div><\/div>\n<\/div>\n<\/div>\n<\/div>\n<\/div>\n<\/div>","protected":false},"excerpt":{"rendered":"","protected":false},"author":1,"featured_media":17158,"parent":17,"menu_order":0,"comment_status":"closed","ping_status":"closed","template":"","meta":{"rs_blank_template":"","rs_page_bg_color":"","slide_template_v7":"","footnotes":""},"class_list":["post-17315","page","type-page","status-publish","has-post-thumbnail","hentry"],"yoast_head":"<!-- This site is optimized with the Yoast SEO plugin v27.3 - https:\/\/yoast.com\/product\/yoast-seo-wordpress\/ -->\n<title>Winter | Panormos Art Villa&#039;s &amp; Suites<\/title>\n<meta name=\"description\" content=\"Experience winter in Tinos \u2014 cozy villas, homemade sweets, and warm island hospitality. Discover the charm of the Cyclades in its most peaceful and authentic season.\" \/>\n<meta name=\"robots\" content=\"index, follow, max-snippet:-1, max-image-preview:large, max-video-preview:-1\" \/>\n<link rel=\"canonical\" href=\"https:\/\/tinos-rentavilla.com\/de_de\/four-seasons-tinos\/winter\/\" \/>\n<meta property=\"og:locale\" content=\"de_DE\" \/>\n<meta property=\"og:type\" content=\"article\" \/>\n<meta property=\"og:title\" content=\"Winter | Panormos Art Villa&#039;s &amp; Suites\" \/>\n<meta property=\"og:description\" content=\"Experience winter in Tinos \u2014 cozy villas, homemade sweets, and warm island hospitality. Discover the charm of the Cyclades in its most peaceful and authentic season.\" \/>\n<meta property=\"og:url\" content=\"https:\/\/tinos-rentavilla.com\/de_de\/four-seasons-tinos\/winter\/\" \/>\n<meta property=\"og:site_name\" content=\"Panormos Art Villa&#039;s &amp; Suites\" \/>\n<meta property=\"article:modified_time\" content=\"2025-11-09T14:01:42+00:00\" \/>\n<meta property=\"og:image\" content=\"https:\/\/tinos-rentavilla.com\/wp-content\/uploads\/2024\/02\/winter-preloretzos.jpg\" \/>\n\t<meta property=\"og:image:width\" content=\"2029\" \/>\n\t<meta property=\"og:image:height\" content=\"1353\" \/>\n\t<meta property=\"og:image:type\" content=\"image\/jpeg\" \/>\n<meta name=\"twitter:card\" content=\"summary_large_image\" \/>\n<meta name=\"twitter:label1\" content=\"Gesch\u00e4tzte Lesezeit\" \/>\n\t<meta name=\"twitter:data1\" content=\"1\u00a0Minute\" \/>\n<script type=\"application\/ld+json\" class=\"yoast-schema-graph\">{\"@context\":\"https:\\\/\\\/schema.org\",\"@graph\":[{\"@type\":\"WebPage\",\"@id\":\"https:\\\/\\\/tinos-rentavilla.com\\\/four-seasons-tinos\\\/winter\\\/\",\"url\":\"https:\\\/\\\/tinos-rentavilla.com\\\/four-seasons-tinos\\\/winter\\\/\",\"name\":\"Winter | Panormos Art Villa&#039;s &amp; Suites\",\"isPartOf\":{\"@id\":\"https:\\\/\\\/tinos-rentavilla.com\\\/#website\"},\"primaryImageOfPage\":{\"@id\":\"https:\\\/\\\/tinos-rentavilla.com\\\/four-seasons-tinos\\\/winter\\\/#primaryimage\"},\"image\":{\"@id\":\"https:\\\/\\\/tinos-rentavilla.com\\\/four-seasons-tinos\\\/winter\\\/#primaryimage\"},\"thumbnailUrl\":\"https:\\\/\\\/tinos-rentavilla.com\\\/wp-content\\\/uploads\\\/2024\\\/02\\\/winter-preloretzos.jpg\",\"datePublished\":\"2024-03-23T18:08:16+00:00\",\"dateModified\":\"2025-11-09T14:01:42+00:00\",\"description\":\"Experience winter in Tinos \u2014 cozy villas, homemade sweets, and warm island hospitality. Discover the charm of the Cyclades in its most peaceful and authentic season.\",\"breadcrumb\":{\"@id\":\"https:\\\/\\\/tinos-rentavilla.com\\\/four-seasons-tinos\\\/winter\\\/#breadcrumb\"},\"inLanguage\":\"de\",\"potentialAction\":[{\"@type\":\"ReadAction\",\"target\":[\"https:\\\/\\\/tinos-rentavilla.com\\\/four-seasons-tinos\\\/winter\\\/\"]}]},{\"@type\":\"ImageObject\",\"inLanguage\":\"de\",\"@id\":\"https:\\\/\\\/tinos-rentavilla.com\\\/four-seasons-tinos\\\/winter\\\/#primaryimage\",\"url\":\"https:\\\/\\\/tinos-rentavilla.com\\\/wp-content\\\/uploads\\\/2024\\\/02\\\/winter-preloretzos.jpg\",\"contentUrl\":\"https:\\\/\\\/tinos-rentavilla.com\\\/wp-content\\\/uploads\\\/2024\\\/02\\\/winter-preloretzos.jpg\",\"width\":2029,\"height\":1353,\"caption\":\"winter preloretzos\"},{\"@type\":\"BreadcrumbList\",\"@id\":\"https:\\\/\\\/tinos-rentavilla.com\\\/four-seasons-tinos\\\/winter\\\/#breadcrumb\",\"itemListElement\":[{\"@type\":\"ListItem\",\"position\":1,\"name\":\"Home\",\"item\":\"https:\\\/\\\/tinos-rentavilla.com\\\/\"},{\"@type\":\"ListItem\",\"position\":2,\"name\":\"Four Seasons Tinos\",\"item\":\"https:\\\/\\\/tinos-rentavilla.com\\\/four-seasons-tinos\\\/\"},{\"@type\":\"ListItem\",\"position\":3,\"name\":\"Winter\"}]},{\"@type\":\"WebSite\",\"@id\":\"https:\\\/\\\/tinos-rentavilla.com\\\/#website\",\"url\":\"https:\\\/\\\/tinos-rentavilla.com\\\/\",\"name\":\"Panormos Art Villa&#039;s &amp; Suites\",\"description\":\"\",\"potentialAction\":[{\"@type\":\"SearchAction\",\"target\":{\"@type\":\"EntryPoint\",\"urlTemplate\":\"https:\\\/\\\/tinos-rentavilla.com\\\/?s={search_term_string}\"},\"query-input\":{\"@type\":\"PropertyValueSpecification\",\"valueRequired\":true,\"valueName\":\"search_term_string\"}}],\"inLanguage\":\"de\"}]}<\/script>\n<!-- \/ Yoast SEO plugin. -->","yoast_head_json":{"title":"Winter | Panormos Art Villa&#039;s &amp; Suites","description":"Experience winter in Tinos \u2014 cozy villas, homemade sweets, and warm island hospitality. Discover the charm of the Cyclades in its most peaceful and authentic season.","robots":{"index":"index","follow":"follow","max-snippet":"max-snippet:-1","max-image-preview":"max-image-preview:large","max-video-preview":"max-video-preview:-1"},"canonical":"https:\/\/tinos-rentavilla.com\/de_de\/four-seasons-tinos\/winter\/","og_locale":"de_DE","og_type":"article","og_title":"Winter | Panormos Art Villa&#039;s &amp; Suites","og_description":"Experience winter in Tinos \u2014 cozy villas, homemade sweets, and warm island hospitality. Discover the charm of the Cyclades in its most peaceful and authentic season.","og_url":"https:\/\/tinos-rentavilla.com\/de_de\/four-seasons-tinos\/winter\/","og_site_name":"Panormos Art Villa&#039;s &amp; Suites","article_modified_time":"2025-11-09T14:01:42+00:00","og_image":[{"width":2029,"height":1353,"url":"https:\/\/tinos-rentavilla.com\/wp-content\/uploads\/2024\/02\/winter-preloretzos.jpg","type":"image\/jpeg"}],"twitter_card":"summary_large_image","twitter_misc":{"Gesch\u00e4tzte Lesezeit":"1\u00a0Minute"},"schema":{"@context":"https:\/\/schema.org","@graph":[{"@type":"WebPage","@id":"https:\/\/tinos-rentavilla.com\/four-seasons-tinos\/winter\/","url":"https:\/\/tinos-rentavilla.com\/four-seasons-tinos\/winter\/","name":"Winter | Panormos Art Villa&#039;s &amp; Suites","isPartOf":{"@id":"https:\/\/tinos-rentavilla.com\/#website"},"primaryImageOfPage":{"@id":"https:\/\/tinos-rentavilla.com\/four-seasons-tinos\/winter\/#primaryimage"},"image":{"@id":"https:\/\/tinos-rentavilla.com\/four-seasons-tinos\/winter\/#primaryimage"},"thumbnailUrl":"https:\/\/tinos-rentavilla.com\/wp-content\/uploads\/2024\/02\/winter-preloretzos.jpg","datePublished":"2024-03-23T18:08:16+00:00","dateModified":"2025-11-09T14:01:42+00:00","description":"Experience winter in Tinos \u2014 cozy villas, homemade sweets, and warm island hospitality. Discover the charm of the Cyclades in its most peaceful and authentic season.","breadcrumb":{"@id":"https:\/\/tinos-rentavilla.com\/four-seasons-tinos\/winter\/#breadcrumb"},"inLanguage":"de","potentialAction":[{"@type":"ReadAction","target":["https:\/\/tinos-rentavilla.com\/four-seasons-tinos\/winter\/"]}]},{"@type":"ImageObject","inLanguage":"de","@id":"https:\/\/tinos-rentavilla.com\/four-seasons-tinos\/winter\/#primaryimage","url":"https:\/\/tinos-rentavilla.com\/wp-content\/uploads\/2024\/02\/winter-preloretzos.jpg","contentUrl":"https:\/\/tinos-rentavilla.com\/wp-content\/uploads\/2024\/02\/winter-preloretzos.jpg","width":2029,"height":1353,"caption":"winter preloretzos"},{"@type":"BreadcrumbList","@id":"https:\/\/tinos-rentavilla.com\/four-seasons-tinos\/winter\/#breadcrumb","itemListElement":[{"@type":"ListItem","position":1,"name":"Home","item":"https:\/\/tinos-rentavilla.com\/"},{"@type":"ListItem","position":2,"name":"Four Seasons Tinos","item":"https:\/\/tinos-rentavilla.com\/four-seasons-tinos\/"},{"@type":"ListItem","position":3,"name":"Winter"}]},{"@type":"WebSite","@id":"https:\/\/tinos-rentavilla.com\/#website","url":"https:\/\/tinos-rentavilla.com\/","name":"Panormos Art Villas &amp; Suites","description":"","potentialAction":[{"@type":"SearchAction","target":{"@type":"EntryPoint","urlTemplate":"https:\/\/tinos-rentavilla.com\/?s={search_term_string}"},"query-input":{"@type":"PropertyValueSpecification","valueRequired":true,"valueName":"search_term_string"}}],"inLanguage":"de"}]}},"_links":{"self":[{"href":"https:\/\/tinos-rentavilla.com\/de_de\/wp-json\/wp\/v2\/pages\/17315","targetHints":{"allow":["GET"]}}],"collection":[{"href":"https:\/\/tinos-rentavilla.com\/de_de\/wp-json\/wp\/v2\/pages"}],"about":[{"href":"https:\/\/tinos-rentavilla.com\/de_de\/wp-json\/wp\/v2\/types\/page"}],"author":[{"embeddable":true,"href":"https:\/\/tinos-rentavilla.com\/de_de\/wp-json\/wp\/v2\/users\/1"}],"replies":[{"embeddable":true,"href":"https:\/\/tinos-rentavilla.com\/de_de\/wp-json\/wp\/v2\/comments?post=17315"}],"version-history":[{"count":3,"href":"https:\/\/tinos-rentavilla.com\/de_de\/wp-json\/wp\/v2\/pages\/17315\/revisions"}],"predecessor-version":[{"id":18197,"href":"https:\/\/tinos-rentavilla.com\/de_de\/wp-json\/wp\/v2\/pages\/17315\/revisions\/18197"}],"up":[{"embeddable":true,"href":"https:\/\/tinos-rentavilla.com\/de_de\/wp-json\/wp\/v2\/pages\/17"}],"wp:featuredmedia":[{"embeddable":true,"href":"https:\/\/tinos-rentavilla.com\/de_de\/wp-json\/wp\/v2\/media\/17158"}],"wp:attachment":[{"href":"https:\/\/tinos-rentavilla.com\/de_de\/wp-json\/wp\/v2\/media?parent=17315"}],"curies":[{"name":"wp","href":"https:\/\/api.w.org\/{rel}","templated":true}]}}