{"id":17735,"date":"2024-11-14T00:54:29","date_gmt":"2024-11-13T22:54:29","guid":{"rendered":"https:\/\/tinos-rentavilla.com\/?page_id=17735"},"modified":"2025-09-28T00:49:01","modified_gmt":"2025-09-27T21:49:01","slug":"privacy-policy","status":"publish","type":"page","link":"https:\/\/tinos-rentavilla.com\/de_de\/privacy-policy\/","title":{"rendered":"Datenschutzrichtlinie"},"content":{"rendered":"<br><span>Zuletzt aktualisiert am 13. November 2024<\/span>\n<br><span>G\u00fcltig ab 14. November 2024<\/span>\n<\/h1>\n\n<p class=\"privacy-policy-p\">\n    Diese Datenschutzrichtlinie beschreibt die Richtlinien von Nikolaos Saltamanikas, PANORMOS TINOS, Tinos 84201, Griechenland, E-Mail: panormosart@gmail.com, Telefon: 00306940000002 zur Erfassung, Verwendung und Offenlegung Ihrer Daten, die wir erfassen, wenn Sie unsere Website (https:\/\/tinos-rentavilla.com\/) nutzen. (der \u201eDienst\u201c). Indem Sie auf den Dienst zugreifen oder ihn nutzen, stimmen Sie der Erfassung, Verwendung und Offenlegung Ihrer Daten gem\u00e4\u00df dieser Datenschutzrichtlinie zu. Wenn Sie dem nicht zustimmen, greifen Sie bitte nicht auf den Dienst zu und nutzen Sie ihn nicht.\n<\/p>\n\n<p class=\"privacy-policy-p\">\n    Wir k\u00f6nnen diese Datenschutzrichtlinie jederzeit ohne vorherige Ank\u00fcndigung \u00e4ndern und werden die \u00fcberarbeitete Datenschutzrichtlinie im Service ver\u00f6ffentlichen. Die \u00fcberarbeitete Richtlinie tritt 180 Tage nach Ver\u00f6ffentlichung im Service in Kraft. Wenn Sie nach Ablauf dieser Frist weiterhin auf den Service zugreifen oder ihn nutzen, gilt dies als Zustimmung zu der \u00fcberarbeiteten Datenschutzrichtlinie. Wir empfehlen Ihnen daher, diese Seite regelm\u00e4\u00dfig zu \u00fcberpr\u00fcfen.\n<\/p>\n\n<ol class=\"privacy-policy-ol\">\n        <li>\n        <h2 class=\"privacy-policy-h2\">\n            Von uns erfasste Informationen:\n        <\/h2>\n\n        \n        <p class=\"privacy-policy-p\">\n            Wir erheben und verarbeiten die folgenden personenbezogenen Daten \u00fcber Sie:\n        <\/p>\n        <ol class=\"privacy-policy-ol\">\n\n                        <li>Name<\/li>\n            \n                        <li>E-Mail<\/li>\n            \n                        <li>Mobile<\/li>\n            \n            \n            \n            \n            \n                        \n                                    \n        <\/ol>\n        \n\n        \n\n    <\/li>\n\n    \n    \n\n        <li>\n        <h2 class=\"privacy-policy-h2\">\n            So verwenden wir Ihre Informationen:\n        <\/h2>\n        <p class=\"privacy-policy-p\">\n            Wir verwenden die \u00fcber Sie gesammelten Informationen f\u00fcr die folgenden Zwecke:\n        <\/p>\n        <ol class=\"privacy-policy-ol\">\n\n            \n            \n            \n                        <li>Erfassung von Kundenfeedback<\/li>\n            \n            \n                        <li>Zahlungsabwicklung<\/li>\n            \n            \n            \n            \n                        <li>Kundenbestellung verwalten<\/li>\n            \n            \n            \n                        <li>Streitschlichtung<\/li>\n            \n            \n        <\/ol>\n        <p class=\"privacy-policy-p\">\n            Wenn wir Ihre Daten zu anderen Zwecken nutzen m\u00f6chten, bitten wir Sie um Ihre Einwilligung. Wir nutzen Ihre Daten nur, wenn Sie uns Ihre Einwilligung erteilt haben, und dann nur f\u00fcr die Zwecke, f\u00fcr die wir Ihre Einwilligung erteilt haben, es sei denn, wir sind gesetzlich zu einer anderen Vorgehensweise verpflichtet.\n        <\/p>\n    <\/li>\n    \n    \n    <li>\n        <h2 class=\"privacy-policy-h2\">\n            So geben wir Ihre Informationen weiter:\n        <\/h2>\n\n\n                <p class=\"privacy-policy-p\">\n            Wir geben Ihre personenbezogenen Daten nicht ohne Ihre Einwilligung an Dritte weiter, au\u00dfer in den nachstehend beschriebenen begrenzten F\u00e4llen:\n        <\/p>\n        <ol class=\"privacy-policy-ol\">\n            \n            \n            \n            \n                        <li>Analyse<\/li>\n            \n            \n                    <\/ol>\n        \n        <p class=\"privacy-policy-p\">\n            Wir verlangen von diesen Dritten, dass sie die ihnen \u00fcbermittelten personenbezogenen Daten nur f\u00fcr den Zweck verwenden, f\u00fcr den sie \u00fcbermittelt wurden, und sie nicht l\u00e4nger aufbewahren, als dies zur Erf\u00fcllung des genannten Zwecks erforderlich ist.\n        <\/p>\n        <p class=\"privacy-policy-p\">\n            Wir k\u00f6nnen Ihre personenbezogenen Daten auch f\u00fcr folgende Zwecke offenlegen: (1) zur Einhaltung geltender Gesetze, Bestimmungen, Gerichtsbeschl\u00fcsse oder anderer Rechtsverfahren; (2) zur Durchsetzung Ihrer Vereinbarungen mit uns, einschlie\u00dflich dieser Datenschutzrichtlinie; oder (3) als Reaktion auf Behauptungen, dass Ihre Nutzung des Dienstes Rechte Dritter verletzt. Wenn der Dienst oder unser Unternehmen mit einem anderen Unternehmen fusioniert oder von diesem \u00fcbernommen wird, geh\u00f6ren Ihre Daten zu den Verm\u00f6genswerten, die an den neuen Eigent\u00fcmer \u00fcbertragen werden.\n        <\/p>\n    <\/li>\n    \n\n        <li>\n        <h2 class=\"privacy-policy-h2\">\n            Aufbewahrung Ihrer Daten:\n        <\/h2>\n        <p class=\"privacy-policy-p\">\n            Wir bewahren Ihre personenbezogenen Daten 90 Tage bis 2 Jahre lang auf, nachdem Benutzer ihre Konten gek\u00fcndigt haben, oder so lange wir sie ben\u00f6tigen, um die Zwecke zu erf\u00fcllen, f\u00fcr die sie gem\u00e4\u00df dieser Datenschutzrichtlinie erhoben wurden. Wir m\u00fcssen m\u00f6glicherweise bestimmte Informationen f\u00fcr l\u00e4ngere Zeitr\u00e4ume aufbewahren, beispielsweise zur Aufzeichnung\/Berichterstattung gem\u00e4\u00df geltendem Recht oder aus anderen legitimen Gr\u00fcnden wie der Durchsetzung gesetzlicher Rechte, Betrugspr\u00e4vention usw. Verbleibende anonyme Informationen und aggregierte Informationen, die Sie weder direkt noch indirekt identifizieren, k\u00f6nnen auf unbestimmte Zeit gespeichert werden.\n        <\/p>\n    <\/li>\n    \n    <li>\n        <h2 class=\"privacy-policy-h2\">\n            Ihre Rechte:\n        <\/h2>\n        <p class=\"privacy-policy-p\">\n            Abh\u00e4ngig vom geltenden Gesetz haben Sie m\u00f6glicherweise das Recht, auf Ihre personenbezogenen Daten zuzugreifen und diese zu berichtigen oder zu l\u00f6schen oder eine Kopie Ihrer personenbezogenen Daten zu erhalten, die aktive Verarbeitung Ihrer Daten einzuschr\u00e4nken oder ihr zu widersprechen, uns aufzufordern, Ihre personenbezogenen Daten an eine andere Stelle weiterzugeben (zu \u00fcbertragen), Ihre Einwilligung zur Verarbeitung Ihrer Daten zu widerrufen, eine Beschwerde bei einer gesetzlichen Beh\u00f6rde einzureichen und andere Rechte, die nach geltendem Recht relevant sein k\u00f6nnen. Um diese Rechte auszu\u00fcben, k\u00f6nnen Sie uns unter panormosart@gmail.com schreiben. Wir werden auf Ihre Anfrage gem\u00e4\u00df geltendem Recht antworten.\n        <\/p>\n\n        \n        <p class=\"privacy-policy-p\">\n            Bitte beachten Sie: Wenn Sie uns die Erfassung oder Verarbeitung der erforderlichen personenbezogenen Daten nicht gestatten oder Ihre Zustimmung zur Verarbeitung dieser Daten f\u00fcr die erforderlichen Zwecke widerrufen, k\u00f6nnen Sie m\u00f6glicherweise nicht auf die Dienste zugreifen oder diese nutzen, f\u00fcr die Ihre Daten abgefragt wurden.\n        <\/p>\n    <\/li>\n        <li>\n        <h2 class=\"privacy-policy-h2\">\n            Cookies usw.\n        <\/h2>\n        <p class=\"privacy-policy-p\">\n\n            \n            Weitere Informationen dazu, wie wir diese verwenden und welche Optionen Sie in Bezug auf diese Tracking-Technologien haben, finden Sie in unserer\n            <a href=\"https:\/\/tinos-rentavilla.com\/de_de\/\">Cookie-Richtlinie.<\/a>\n        <\/p>\n    <\/li>\n    \n    <li>\n        <h2 class=\"privacy-policy-h2\">\n            Sicherheit:\n        <\/h2>\n        <p class=\"privacy-policy-p\">\n            Die Sicherheit Ihrer Daten ist uns wichtig und wir ergreifen angemessene Sicherheitsma\u00dfnahmen, um den Verlust, Missbrauch oder die unbefugte \u00c4nderung Ihrer Daten in unserem Besitz zu verhindern. Angesichts der damit verbundenen Risiken k\u00f6nnen wir jedoch keine absolute Sicherheit garantieren und k\u00f6nnen daher die Sicherheit der von Ihnen an uns \u00fcbermittelten Daten nicht gew\u00e4hrleisten oder garantieren. Sie \u00fcbermitteln diese Daten auf eigenes Risiko.\n        <\/p>\n    <\/li>\n\n        <li>\n        <h2 class=\"privacy-policy-h2\">\n            Links von Drittanbietern und Verwendung Ihrer Informationen:\n        <\/h2>\n        <p class=\"privacy-policy-p\">\n            Unser Service kann Links zu anderen Websites enthalten, die nicht von uns betrieben werden. Diese Datenschutzrichtlinie bezieht sich nicht auf die Datenschutzrichtlinien und andere Praktiken von Drittanbietern, einschlie\u00dflich Drittanbietern, die Websites oder Dienste betreiben, die \u00fcber einen Link im Service zug\u00e4nglich sein k\u00f6nnen. Wir empfehlen Ihnen dringend, die Datenschutzrichtlinien aller von Ihnen besuchten Websites zu \u00fcberpr\u00fcfen. Wir haben keine Kontrolle \u00fcber und \u00fcbernehmen keine Verantwortung f\u00fcr den Inhalt, die Datenschutzrichtlinien oder Praktiken von Websites oder Diensten Dritter.\n        <\/p>\n    <\/li>\n    \n    <li>\n        <h2 class=\"privacy-policy-h2\">\n            Beschwerde-\/Datenschutzbeauftragter:\n        <\/h2>\n        <p class=\"privacy-policy-p\">\n            Wenn Sie Fragen oder Bedenken hinsichtlich der Verarbeitung Ihrer bei uns verf\u00fcgbaren Daten haben, k\u00f6nnen Sie sich per E-Mail an unseren Beschwerdebeauftragten unter Nikolaos Saltamanikas, PANORMOS TINOS, wenden. E-Mail: panormosart@gmail.com. Wir werden Ihre Bedenken gem\u00e4\u00df geltendem Recht behandeln.\n        <\/p>\n    <\/li>\n<\/ol>\n<p class=\"privacy-policy-p\">\n    Datenschutzerkl\u00e4rung erstellt mit  <a target=\"_blank\" href=\"https:\/\/www.cookieyes.com\/?utm_source=PP&#038;utm_medium=footer&#038;utm_campaign=UW\">KeksJa<\/a>.\n<\/p>","protected":false},"excerpt":{"rendered":"<p>Last Updated On 13-Nov-2024 Effective Date 14-Nov-2024 This Privacy Policy describes the policies of Nikolaos Saltamanikas, PANORMOS TINOS, Tinos 84201, Greece, email: panormosart@gmail.com, phone: 00306940000002 on the collection, use and disclosure of your information that we collect when you use our website ( https:\/\/tinos-rentavilla.com\/ ). (the \u201cService\u201d). By accessing or using the Service, you are&hellip;<\/p>","protected":false},"author":1,"featured_media":0,"parent":0,"menu_order":0,"comment_status":"closed","ping_status":"closed","template":"","meta":{"rs_blank_template":"","rs_page_bg_color":"","slide_template_v7":"","footnotes":""},"class_list":["post-17735","page","type-page","status-publish","hentry"],"yoast_head":"<!-- This site is optimized with the Yoast SEO plugin v27.3 - https:\/\/yoast.com\/product\/yoast-seo-wordpress\/ -->\n<title>Privacy Policy | Panormos Art Villa&#039;s &amp; Suites<\/title>\n<meta name=\"robots\" content=\"index, follow, max-snippet:-1, max-image-preview:large, max-video-preview:-1\" \/>\n<link rel=\"canonical\" href=\"https:\/\/tinos-rentavilla.com\/de_de\/privacy-policy\/\" \/>\n<meta property=\"og:locale\" content=\"de_DE\" \/>\n<meta property=\"og:type\" content=\"article\" \/>\n<meta property=\"og:title\" content=\"Privacy Policy | Panormos Art Villa&#039;s &amp; Suites\" \/>\n<meta property=\"og:description\" content=\"Last Updated On 13-Nov-2024 Effective Date 14-Nov-2024 This Privacy Policy describes the policies of Nikolaos Saltamanikas, PANORMOS TINOS, Tinos 84201, Greece, email: panormosart@gmail.com, phone: 00306940000002 on the collection, use and disclosure of your information that we collect when you use our website ( https:\/\/tinos-rentavilla.com\/ ). (the \u201cService\u201d). By accessing or using the Service, you are&hellip;\" \/>\n<meta property=\"og:url\" content=\"https:\/\/tinos-rentavilla.com\/de_de\/privacy-policy\/\" \/>\n<meta property=\"og:site_name\" content=\"Panormos Art Villa&#039;s &amp; Suites\" \/>\n<meta property=\"article:modified_time\" content=\"2025-09-27T21:49:01+00:00\" \/>\n<meta name=\"twitter:card\" content=\"summary_large_image\" \/>\n<meta name=\"twitter:label1\" content=\"Gesch\u00e4tzte Lesezeit\" \/>\n\t<meta name=\"twitter:data1\" content=\"4\u00a0Minuten\" \/>\n<script type=\"application\/ld+json\" class=\"yoast-schema-graph\">{\"@context\":\"https:\\\/\\\/schema.org\",\"@graph\":[{\"@type\":\"WebPage\",\"@id\":\"https:\\\/\\\/tinos-rentavilla.com\\\/privacy-policy\\\/\",\"url\":\"https:\\\/\\\/tinos-rentavilla.com\\\/privacy-policy\\\/\",\"name\":\"Privacy Policy | Panormos Art Villa&#039;s &amp; Suites\",\"isPartOf\":{\"@id\":\"https:\\\/\\\/tinos-rentavilla.com\\\/#website\"},\"datePublished\":\"2024-11-13T22:54:29+00:00\",\"dateModified\":\"2025-09-27T21:49:01+00:00\",\"breadcrumb\":{\"@id\":\"https:\\\/\\\/tinos-rentavilla.com\\\/privacy-policy\\\/#breadcrumb\"},\"inLanguage\":\"de\",\"potentialAction\":[{\"@type\":\"ReadAction\",\"target\":[\"https:\\\/\\\/tinos-rentavilla.com\\\/privacy-policy\\\/\"]}]},{\"@type\":\"BreadcrumbList\",\"@id\":\"https:\\\/\\\/tinos-rentavilla.com\\\/privacy-policy\\\/#breadcrumb\",\"itemListElement\":[{\"@type\":\"ListItem\",\"position\":1,\"name\":\"Home\",\"item\":\"https:\\\/\\\/tinos-rentavilla.com\\\/\"},{\"@type\":\"ListItem\",\"position\":2,\"name\":\"Privacy Policy\"}]},{\"@type\":\"WebSite\",\"@id\":\"https:\\\/\\\/tinos-rentavilla.com\\\/#website\",\"url\":\"https:\\\/\\\/tinos-rentavilla.com\\\/\",\"name\":\"Panormos Art Villa&#039;s &amp; Suites\",\"description\":\"\",\"potentialAction\":[{\"@type\":\"SearchAction\",\"target\":{\"@type\":\"EntryPoint\",\"urlTemplate\":\"https:\\\/\\\/tinos-rentavilla.com\\\/?s={search_term_string}\"},\"query-input\":{\"@type\":\"PropertyValueSpecification\",\"valueRequired\":true,\"valueName\":\"search_term_string\"}}],\"inLanguage\":\"de\"}]}<\/script>\n<!-- \/ Yoast SEO plugin. -->","yoast_head_json":{"title":"Privacy Policy | Panormos Art Villa&#039;s &amp; Suites","robots":{"index":"index","follow":"follow","max-snippet":"max-snippet:-1","max-image-preview":"max-image-preview:large","max-video-preview":"max-video-preview:-1"},"canonical":"https:\/\/tinos-rentavilla.com\/de_de\/privacy-policy\/","og_locale":"de_DE","og_type":"article","og_title":"Privacy Policy | Panormos Art Villa&#039;s &amp; Suites","og_description":"Last Updated On 13-Nov-2024 Effective Date 14-Nov-2024 This Privacy Policy describes the policies of Nikolaos Saltamanikas, PANORMOS TINOS, Tinos 84201, Greece, email: panormosart@gmail.com, phone: 00306940000002 on the collection, use and disclosure of your information that we collect when you use our website ( https:\/\/tinos-rentavilla.com\/ ). (the \u201cService\u201d). By accessing or using the Service, you are&hellip;","og_url":"https:\/\/tinos-rentavilla.com\/de_de\/privacy-policy\/","og_site_name":"Panormos Art Villa&#039;s &amp; Suites","article_modified_time":"2025-09-27T21:49:01+00:00","twitter_card":"summary_large_image","twitter_misc":{"Gesch\u00e4tzte Lesezeit":"4\u00a0Minuten"},"schema":{"@context":"https:\/\/schema.org","@graph":[{"@type":"WebPage","@id":"https:\/\/tinos-rentavilla.com\/privacy-policy\/","url":"https:\/\/tinos-rentavilla.com\/privacy-policy\/","name":"Privacy Policy | Panormos Art Villa&#039;s &amp; Suites","isPartOf":{"@id":"https:\/\/tinos-rentavilla.com\/#website"},"datePublished":"2024-11-13T22:54:29+00:00","dateModified":"2025-09-27T21:49:01+00:00","breadcrumb":{"@id":"https:\/\/tinos-rentavilla.com\/privacy-policy\/#breadcrumb"},"inLanguage":"de","potentialAction":[{"@type":"ReadAction","target":["https:\/\/tinos-rentavilla.com\/privacy-policy\/"]}]},{"@type":"BreadcrumbList","@id":"https:\/\/tinos-rentavilla.com\/privacy-policy\/#breadcrumb","itemListElement":[{"@type":"ListItem","position":1,"name":"Home","item":"https:\/\/tinos-rentavilla.com\/"},{"@type":"ListItem","position":2,"name":"Privacy Policy"}]},{"@type":"WebSite","@id":"https:\/\/tinos-rentavilla.com\/#website","url":"https:\/\/tinos-rentavilla.com\/","name":"Panormos Art Villas &amp; Suites","description":"","potentialAction":[{"@type":"SearchAction","target":{"@type":"EntryPoint","urlTemplate":"https:\/\/tinos-rentavilla.com\/?s={search_term_string}"},"query-input":{"@type":"PropertyValueSpecification","valueRequired":true,"valueName":"search_term_string"}}],"inLanguage":"de"}]}},"_links":{"self":[{"href":"https:\/\/tinos-rentavilla.com\/de_de\/wp-json\/wp\/v2\/pages\/17735","targetHints":{"allow":["GET"]}}],"collection":[{"href":"https:\/\/tinos-rentavilla.com\/de_de\/wp-json\/wp\/v2\/pages"}],"about":[{"href":"https:\/\/tinos-rentavilla.com\/de_de\/wp-json\/wp\/v2\/types\/page"}],"author":[{"embeddable":true,"href":"https:\/\/tinos-rentavilla.com\/de_de\/wp-json\/wp\/v2\/users\/1"}],"replies":[{"embeddable":true,"href":"https:\/\/tinos-rentavilla.com\/de_de\/wp-json\/wp\/v2\/comments?post=17735"}],"version-history":[{"count":1,"href":"https:\/\/tinos-rentavilla.com\/de_de\/wp-json\/wp\/v2\/pages\/17735\/revisions"}],"predecessor-version":[{"id":17736,"href":"https:\/\/tinos-rentavilla.com\/de_de\/wp-json\/wp\/v2\/pages\/17735\/revisions\/17736"}],"wp:attachment":[{"href":"https:\/\/tinos-rentavilla.com\/de_de\/wp-json\/wp\/v2\/media?parent=17735"}],"curies":[{"name":"wp","href":"https:\/\/api.w.org\/{rel}","templated":true}]}}