{"id":17737,"date":"2024-11-14T01:10:05","date_gmt":"2024-11-13T23:10:05","guid":{"rendered":"https:\/\/tinos-rentavilla.com\/?page_id=17737"},"modified":"2025-09-28T00:49:01","modified_gmt":"2025-09-27T21:49:01","slug":"cookie-policy","status":"publish","type":"page","link":"https:\/\/tinos-rentavilla.com\/de_de\/cookie-policy\/","title":{"rendered":"Cookie-Richtlinie"},"content":{"rendered":"<style>\n    a.cky-banner-element {\n        padding: 8px 30px;\n        background: #F8F9FA;\n        color: #858A8F;\n        border: 1px solid #DEE2E6;\n        box-sizing: border-box;\n        border-radius: 2px;\n        cursor: pointer;\n}\n<\/style>\n\n<p>\n    G\u00fcltig ab: 13. November 2024 <br>\n    Zuletzt aktualisiert: 13. November 2024\n<\/p>\n\n&nbsp;\n<h5>Was sind Cookies?<\/h5>\n<div class=\"cookie-policy-p\"><p>In dieser Cookie-Richtlinie wird erl\u00e4utert, was Cookies sind und wie wir sie verwenden, welche Arten von Cookies wir verwenden, welche Informationen wir mithilfe von Cookies sammeln und wie diese Informationen verwendet werden und wie die Cookie-Einstellungen verwaltet werden.<\/p> <p>Cookies sind kleine Textdateien, in denen kleine Informationen gespeichert werden. Sie werden auf Ihrem Ger\u00e4t gespeichert, wenn die Website in Ihren Browser geladen wird. Diese Cookies helfen uns dabei, die Website ordnungsgem\u00e4\u00df funktionieren zu lassen, sie sicherer zu machen, ein besseres Benutzererlebnis zu bieten und die Leistung der Website zu verstehen sowie zu analysieren, was funktioniert und wo Verbesserungen erforderlich sind.<\/p><\/div>\n\n&nbsp;\n<h5>Wie verwenden wir Cookies?<\/h5>\n<div class=\"cookie-policy-p\"><p>Wie die meisten Onlinedienste verwendet unsere Website Erstanbieter- und Drittanbieter-Cookies f\u00fcr verschiedene Zwecke. Erstanbieter-Cookies sind meist erforderlich, damit die Website ordnungsgem\u00e4\u00df funktioniert, und erfassen keine personenbezogenen Daten von Ihnen.<\/p> <p>Die auf unserer Website verwendeten Cookies von Drittanbietern dienen in erster Linie dazu, die Leistung der Website zu verstehen, wie Sie mit unserer Website interagieren, die Sicherheit unserer Dienste zu gew\u00e4hrleisten, f\u00fcr Sie relevante Werbung bereitzustellen und Ihnen insgesamt eine bessere und verbesserte Benutzererfahrung zu bieten und Ihre zuk\u00fcnftigen Interaktionen mit unserer Website zu beschleunigen.<\/p><\/div>\n\n&nbsp;\n    <h5>Arten von Cookies, die wir verwenden<\/h5>\n\n    <div class=\"cky-audit-table-element\"><\/div>\n\n&nbsp;\n    <h5 style=\"margin-bottom:20px;\">Cookie-Einstellungen verwalten<\/h5>\n\n    <a class=\"cky-banner-element\">Cookie-Einstellungen<\/a> <br\/>\n\n    <div><p>Sie k\u00f6nnen Ihre Cookie-Einstellungen jederzeit \u00e4ndern, indem Sie auf die Schaltfl\u00e4che oben klicken. Dadurch k\u00f6nnen Sie das Cookie-Einwilligungsbanner erneut aufrufen und Ihre Einstellungen \u00e4ndern oder Ihre Einwilligung sofort widerrufen. <\/p> <p>Dar\u00fcber hinaus bieten verschiedene Browser unterschiedliche Methoden zum Blockieren und L\u00f6schen von Cookies, die von Websites verwendet werden. Sie k\u00f6nnen die Einstellungen Ihres Browsers \u00e4ndern, um Cookies zu blockieren\/l\u00f6schen. Nachfolgend finden Sie Links zu den Supportdokumenten zum Verwalten und L\u00f6schen von Cookies in den wichtigsten Webbrowsern.<\/p> <p>Chrom: <a target=\"_blank\" href=\"https:\/\/support.google.com\/accounts\/answer\/32050\">https:\/\/support.google.com\/accounts\/answer\/32050<\/a><\/p><p>Safari: <a target=\"_blank\" href=\"https:\/\/support.apple.com\/en-in\/guide\/safari\/sfri11471\/mac\">https:\/\/support.apple.com\/en-in\/guide\/safari\/sfri11471\/mac<\/a><\/p><p>Feuerfuchs: <a target=\"_blank\" href=\"https:\/\/support.mozilla.org\/en-US\/kb\/clear-cookies-and-site-data-firefox?redirectslug=delete-cookies-remove-info-websites-stored&amp;redirectlocale=en-US\">https:\/\/support.mozilla.org\/en-US\/kb\/clear-cookies-and-site-data-firefox?redirectslug=delete-cookies-remove-info-websites-stored&amp;redirectlocale=en-US<\/a><\/p><p>Internet Explorer: <a target=\"_blank\" href=\"https:\/\/support.microsoft.com\/en-us\/topic\/how-to-delete-cookie-files-in-internet-explorer-bca9446f-d873-78de-77ba-d42645fa52fc\">https:\/\/support.microsoft.com\/en-us\/topic\/how-to-delete-cookie-files-in-internet-explorer-bca9446f-d873-78de-77ba-d42645fa52fc<\/a><\/p><p>Wenn Sie einen anderen Webbrowser verwenden, besuchen Sie bitte die offiziellen Supportdokumente Ihres Browsers.<\/p><\/div>\n\n\n&nbsp;\n<p class=\"cookie-policy-p\">\n    Cookie-Richtlinie Erstellt von  <a target=\"_blank\" href=\"https:\/\/www.cookieyes.com\/?utm_source=CP&#038;utm_medium=footer&#038;utm_campaign=UW\">CookieYes \u2013 Generator f\u00fcr Cookie-Richtlinien<\/a>.\n<\/p>","protected":false},"excerpt":{"rendered":"<p>Effective Date: 13-Nov-2024 Last Updated: 13-Nov-2024 &nbsp; What are cookies? This Cookie Policy explains what cookies are and how we use them, the types of cookies we use i.e, the information we collect using cookies and how that information is used, and how to manage the cookie settings. Cookies are small text files that are&hellip;<\/p>","protected":false},"author":1,"featured_media":0,"parent":0,"menu_order":0,"comment_status":"closed","ping_status":"closed","template":"","meta":{"rs_blank_template":"","rs_page_bg_color":"","slide_template_v7":"","footnotes":""},"class_list":["post-17737","page","type-page","status-publish","hentry"],"yoast_head":"<!-- This site is optimized with the Yoast SEO plugin v27.3 - https:\/\/yoast.com\/product\/yoast-seo-wordpress\/ -->\n<title>Cookie Policy | Panormos Art Villa&#039;s &amp; Suites<\/title>\n<meta name=\"robots\" content=\"index, follow, max-snippet:-1, max-image-preview:large, max-video-preview:-1\" \/>\n<link rel=\"canonical\" href=\"https:\/\/tinos-rentavilla.com\/de_de\/cookie-policy\/\" \/>\n<meta property=\"og:locale\" content=\"de_DE\" \/>\n<meta property=\"og:type\" content=\"article\" \/>\n<meta property=\"og:title\" content=\"Cookie Policy | Panormos Art Villa&#039;s &amp; Suites\" \/>\n<meta property=\"og:description\" content=\"Effective Date: 13-Nov-2024 Last Updated: 13-Nov-2024 &nbsp; What are cookies? This Cookie Policy explains what cookies are and how we use them, the types of cookies we use i.e, the information we collect using cookies and how that information is used, and how to manage the cookie settings. Cookies are small text files that are&hellip;\" \/>\n<meta property=\"og:url\" content=\"https:\/\/tinos-rentavilla.com\/de_de\/cookie-policy\/\" \/>\n<meta property=\"og:site_name\" content=\"Panormos Art Villa&#039;s &amp; Suites\" \/>\n<meta property=\"article:modified_time\" content=\"2025-09-27T21:49:01+00:00\" \/>\n<meta name=\"twitter:card\" content=\"summary_large_image\" \/>\n<meta name=\"twitter:label1\" content=\"Gesch\u00e4tzte Lesezeit\" \/>\n\t<meta name=\"twitter:data1\" content=\"2\u00a0Minuten\" \/>\n<script type=\"application\/ld+json\" class=\"yoast-schema-graph\">{\"@context\":\"https:\\\/\\\/schema.org\",\"@graph\":[{\"@type\":\"WebPage\",\"@id\":\"https:\\\/\\\/tinos-rentavilla.com\\\/cookie-policy\\\/\",\"url\":\"https:\\\/\\\/tinos-rentavilla.com\\\/cookie-policy\\\/\",\"name\":\"Cookie Policy | Panormos Art Villa&#039;s &amp; Suites\",\"isPartOf\":{\"@id\":\"https:\\\/\\\/tinos-rentavilla.com\\\/#website\"},\"datePublished\":\"2024-11-13T23:10:05+00:00\",\"dateModified\":\"2025-09-27T21:49:01+00:00\",\"breadcrumb\":{\"@id\":\"https:\\\/\\\/tinos-rentavilla.com\\\/cookie-policy\\\/#breadcrumb\"},\"inLanguage\":\"de\",\"potentialAction\":[{\"@type\":\"ReadAction\",\"target\":[\"https:\\\/\\\/tinos-rentavilla.com\\\/cookie-policy\\\/\"]}]},{\"@type\":\"BreadcrumbList\",\"@id\":\"https:\\\/\\\/tinos-rentavilla.com\\\/cookie-policy\\\/#breadcrumb\",\"itemListElement\":[{\"@type\":\"ListItem\",\"position\":1,\"name\":\"Home\",\"item\":\"https:\\\/\\\/tinos-rentavilla.com\\\/\"},{\"@type\":\"ListItem\",\"position\":2,\"name\":\"Cookie Policy\"}]},{\"@type\":\"WebSite\",\"@id\":\"https:\\\/\\\/tinos-rentavilla.com\\\/#website\",\"url\":\"https:\\\/\\\/tinos-rentavilla.com\\\/\",\"name\":\"Panormos Art Villa&#039;s &amp; Suites\",\"description\":\"\",\"potentialAction\":[{\"@type\":\"SearchAction\",\"target\":{\"@type\":\"EntryPoint\",\"urlTemplate\":\"https:\\\/\\\/tinos-rentavilla.com\\\/?s={search_term_string}\"},\"query-input\":{\"@type\":\"PropertyValueSpecification\",\"valueRequired\":true,\"valueName\":\"search_term_string\"}}],\"inLanguage\":\"de\"}]}<\/script>\n<!-- \/ Yoast SEO plugin. -->","yoast_head_json":{"title":"Cookie Policy | Panormos Art Villa&#039;s &amp; Suites","robots":{"index":"index","follow":"follow","max-snippet":"max-snippet:-1","max-image-preview":"max-image-preview:large","max-video-preview":"max-video-preview:-1"},"canonical":"https:\/\/tinos-rentavilla.com\/de_de\/cookie-policy\/","og_locale":"de_DE","og_type":"article","og_title":"Cookie Policy | Panormos Art Villa&#039;s &amp; Suites","og_description":"Effective Date: 13-Nov-2024 Last Updated: 13-Nov-2024 &nbsp; What are cookies? This Cookie Policy explains what cookies are and how we use them, the types of cookies we use i.e, the information we collect using cookies and how that information is used, and how to manage the cookie settings. Cookies are small text files that are&hellip;","og_url":"https:\/\/tinos-rentavilla.com\/de_de\/cookie-policy\/","og_site_name":"Panormos Art Villa&#039;s &amp; Suites","article_modified_time":"2025-09-27T21:49:01+00:00","twitter_card":"summary_large_image","twitter_misc":{"Gesch\u00e4tzte Lesezeit":"2\u00a0Minuten"},"schema":{"@context":"https:\/\/schema.org","@graph":[{"@type":"WebPage","@id":"https:\/\/tinos-rentavilla.com\/cookie-policy\/","url":"https:\/\/tinos-rentavilla.com\/cookie-policy\/","name":"Cookie Policy | Panormos Art Villa&#039;s &amp; Suites","isPartOf":{"@id":"https:\/\/tinos-rentavilla.com\/#website"},"datePublished":"2024-11-13T23:10:05+00:00","dateModified":"2025-09-27T21:49:01+00:00","breadcrumb":{"@id":"https:\/\/tinos-rentavilla.com\/cookie-policy\/#breadcrumb"},"inLanguage":"de","potentialAction":[{"@type":"ReadAction","target":["https:\/\/tinos-rentavilla.com\/cookie-policy\/"]}]},{"@type":"BreadcrumbList","@id":"https:\/\/tinos-rentavilla.com\/cookie-policy\/#breadcrumb","itemListElement":[{"@type":"ListItem","position":1,"name":"Home","item":"https:\/\/tinos-rentavilla.com\/"},{"@type":"ListItem","position":2,"name":"Cookie Policy"}]},{"@type":"WebSite","@id":"https:\/\/tinos-rentavilla.com\/#website","url":"https:\/\/tinos-rentavilla.com\/","name":"Panormos Art Villas &amp; Suites","description":"","potentialAction":[{"@type":"SearchAction","target":{"@type":"EntryPoint","urlTemplate":"https:\/\/tinos-rentavilla.com\/?s={search_term_string}"},"query-input":{"@type":"PropertyValueSpecification","valueRequired":true,"valueName":"search_term_string"}}],"inLanguage":"de"}]}},"_links":{"self":[{"href":"https:\/\/tinos-rentavilla.com\/de_de\/wp-json\/wp\/v2\/pages\/17737","targetHints":{"allow":["GET"]}}],"collection":[{"href":"https:\/\/tinos-rentavilla.com\/de_de\/wp-json\/wp\/v2\/pages"}],"about":[{"href":"https:\/\/tinos-rentavilla.com\/de_de\/wp-json\/wp\/v2\/types\/page"}],"author":[{"embeddable":true,"href":"https:\/\/tinos-rentavilla.com\/de_de\/wp-json\/wp\/v2\/users\/1"}],"replies":[{"embeddable":true,"href":"https:\/\/tinos-rentavilla.com\/de_de\/wp-json\/wp\/v2\/comments?post=17737"}],"version-history":[{"count":1,"href":"https:\/\/tinos-rentavilla.com\/de_de\/wp-json\/wp\/v2\/pages\/17737\/revisions"}],"predecessor-version":[{"id":17738,"href":"https:\/\/tinos-rentavilla.com\/de_de\/wp-json\/wp\/v2\/pages\/17737\/revisions\/17738"}],"wp:attachment":[{"href":"https:\/\/tinos-rentavilla.com\/de_de\/wp-json\/wp\/v2\/media?parent=17737"}],"curies":[{"name":"wp","href":"https:\/\/api.w.org\/{rel}","templated":true}]}}