{"id":17908,"date":"2025-01-14T20:50:19","date_gmt":"2025-01-14T18:50:19","guid":{"rendered":"https:\/\/tinos-rentavilla.com\/?page_id=17908"},"modified":"2025-09-28T00:49:01","modified_gmt":"2025-09-27T21:49:01","slug":"panormos-art-villa-suites-rental-policies","status":"publish","type":"page","link":"https:\/\/tinos-rentavilla.com\/de_de\/panormos-art-villa-suites-rental-policies\/","title":{"rendered":"Mietbedingungen von Panormos Art Villa&#039;s &amp; Suites"},"content":{"rendered":"<ul class=\"wp-block-list\">\n<li><strong>Mindestaufenthaltsdauer<\/strong><br>In der Nebensaison ist ein Mindestaufenthalt von 2 N\u00e4chten und in der Mittelsaison ein Mindestaufenthalt von 3 N\u00e4chten erforderlich, in der Hochsaison ein Mindestaufenthalt von 4 N\u00e4chten und in der Hochsaison eine Woche (5 N\u00e4chte\/6 Tage \u2013 Woche).<\/li>\n\n\n\n<li><strong>Einzahlungsrichtlinie:<\/strong><br>In der Neben-, Mittel- und Hochsaison ist bei der Best\u00e4tigung eine nicht r\u00fcckzahlbare Anzahlung in H\u00f6he von 50% der gesamten Reservierungskosten erforderlich. Der Restbetrag muss bis zu einem Monat vor der Ankunft beglichen werden.<\/li>\n\n\n\n<li>In der Hochsaison ist bei der Best\u00e4tigung eine nicht r\u00fcckerstattbare Anzahlung in H\u00f6he von 50% der gesamten Reservierungskosten erforderlich. Der Restbetrag muss bis zu 50 Tage vor der Ankunft beglichen werden.<\/li>\n\n\n\n<li><strong>Stornierungsbedingungen:<\/strong><br>F\u00fcr die Neben-, Mittel- und Hochsaison gilt: Bei einer Stornierung der Reservierung weniger als 40 Tage vor der Ankunft werden die restlichen Reservierungskosten als Stornierungsgeb\u00fchr berechnet.<\/li>\n\n\n\n<li>F\u00fcr die Hochsaison gilt: Falls die Reservierung weniger als 50 Monate vor der Ankunft storniert wird, werden die restlichen Reservierungskosten als Stornierungsgeb\u00fchr berechnet.<\/li>\n\n\n\n<li><strong>No-Show-Richtlinie:<\/strong><br>100% der Reservierung werden als Strafgeb\u00fchr erhoben.<\/li>\n\n\n\n<li><strong>Bedingungen f\u00fcr eine vorzeitige Abreise:<\/strong><br>100% der verbleibenden Reservierungskosten werden als Strafgeb\u00fchr erhoben.<\/li>\n<\/ul>\n\n\n\n<p>ZAHLUNGEN<\/p>\n\n\n\n<p>1. Bei der Ankunft werden keine Kreditkarten oder pers\u00f6nlichen Schecks akzeptiert.<br>2. Alle Zahlungen per internationalem Bankscheck auf die Firmenkonten des Unternehmens oder das Konto des Eigent\u00fcmers,<br>3. Die Zahlung erfolgt in EURO. Alle Betr\u00e4ge sollten abz\u00fcglich Bankgeb\u00fchren eingehen. Bitte weisen Sie Ihre Bank an, dies zu tun.<br>4. Ausgaben au\u00dferhalb der EU-\u00dcberweisungen oder Fremdw\u00e4hrung werden von der Kaution abgezogen<br>5. Als Zahlungsnachweis gilt der Tag, an dem die \u00dcberweisung auf unserem Bankkonto eingeht und NICHT der Tag, an dem das Geld von den Bankkonten der G\u00e4ste \u00fcberwiesen wird.<br>6.Panormos Art Villas &amp; Suites haftet in keinem Fall f\u00fcr Stornierungen oder Verluste von Reservierungen aufgrund fehlerhafter Zahlungsverfahren oder Verz\u00f6gerungen des internationalen Bankensystems.<br>7. Mit der letzten Zahlung wird eine offizielle Rechnung\/Quittung ausgestellt.<\/p>\n\n\n\n<ul class=\"wp-block-list\">\n<li>Kaution:<br>Zu Beginn Ihres Aufenthalts m\u00fcssen Sie eine Kaution hinterlegen, um die ordnungsgem\u00e4\u00dfe Nutzung und Pflege der Einrichtung, Ausr\u00fcstung sowie die Nutzungsbedingungen und Abreisebedingungen zu gew\u00e4hrleisten. Der Betrag wird am Anreisetag von Ihrer Kreditkarte einbehalten, jedoch nicht von Ihrem Konto abgebucht, es sei denn, es liegen Schadenersatzanspr\u00fcche vor. Die Kaution wird eine Woche nach Ende Ihres Aufenthalts zur\u00fcckerstattet, sofern eine Inspektion ergeben hat, dass die Unterkunft keine Sch\u00e4den aufweist und alle Nutzungsbedingungen eingehalten wurden. Die individuellen Merkmale der Villa k\u00f6nnen besondere Bedingungen in Bezug auf die Kaution mit sich bringen, die in den besonderen Bedingungen der Unterkunft festgelegt werden.<br>Das Vorgenannte gilt nur f\u00fcr Standardbuchungen. Wenn Sie eine Immobilie f\u00fcr eine Veranstaltung mieten, verlangen wir zus\u00e4tzlich zur Veranstaltungsgeb\u00fchr eine zus\u00e4tzliche Schadenskaution.<\/li>\n<\/ul>\n\n\n\n<p><strong>Zustand der Villen und Suiten:<br><\/strong>Die G\u00e4ste m\u00fcssen daf\u00fcr sorgen, dass das Objekt in einem ansehnlichen und aufger\u00e4umten Zustand zur\u00fcckgegeben wird, einschlie\u00dflich der Leerung des K\u00fchlschranks, des Gefrierschranks und der Entfernung von M\u00fcll\/Abfall. Dies ist auch dann erforderlich, wenn der Gast eine Endreinigung bezahlt hat oder eine solche bereits im Mietpreis enthalten ist. Panormos Art Villas &amp; Suites beh\u00e4lt sich das Recht vor, zus\u00e4tzliche Reinigungskosten zur\u00fcckzufordern, wenn die G\u00e4ste das Objekt nicht in dem oben genannten Zustand hinterlassen.<\/p>\n\n\n\n<p><strong>Raucherrichtlinie:<br><\/strong>F\u00fcr den Komfort und die Sicherheit unserer G\u00e4ste ist das Rauchen im gesamten Haus nicht gestattet. Wenn festgestellt wird, dass G\u00e4ste in der Villa und den Suiten geraucht haben, verf\u00e4llt die gesamte Kaution, um die Kosten f\u00fcr die Reinigung der Klimaanlage und das Ausr\u00e4uchern der M\u00f6bel usw. zu decken.<br>Wir behalten uns das Recht vor, dem Hauptgast zus\u00e4tzliche Kosten in Rechnung zu stellen, die sich aus der Umsiedlung zuk\u00fcnftiger G\u00e4ste w\u00e4hrend der Reinigung und Desinfizierung der Villa ergeben.<\/p>\n\n\n\n<p><strong>L\u00e4rm und Partys:<br><\/strong>G\u00e4sten ist es nicht gestattet, im Haus und\/oder auf dem Grundst\u00fcck Partys zu veranstalten. G\u00e4sten ist es nicht gestattet, w\u00e4hrend ihres Aufenthalts au\u00dferhalb der von den \u00f6rtlichen Beh\u00f6rden festgelegten zul\u00e4ssigen Zeitr\u00e4ume laute Musik zu spielen.<br>Falls die G\u00e4ste die \u00f6ffentliche Ordnung durch L\u00e4rm st\u00f6ren und sich nach der Ermahnung nicht beruhigen, kann dies als schwerwiegender Versto\u00df gegen die Bestimmungen des Mietvertrags angesehen werden. In diesem Fall sind Panormos Art Villas and Suites berechtigt, den Mietvertrag mit sofortiger Wirkung und ohne vorherige Ank\u00fcndigung zu k\u00fcndigen. Der Gast ist verpflichtet, die Villa zusammen mit allen dort untergebrachten Personen innerhalb von 2 (zwei) Stunden endg\u00fcltig zu verlassen. Er hat auch keinen Anspruch auf R\u00fcckerstattung des gezahlten Mietpreises f\u00fcr die Unterkunft gegen\u00fcber Panormos Art Villas &amp; Suites.<\/p>\n\n\n\n<p><strong>RECHTLICHER HAFTUNGSAUSSCHLUSS:<br><\/strong>Panormos Art Villas &amp; Suites \u00fcbernimmt keinerlei Haftung f\u00fcr K\u00f6rperverletzungen, Todesf\u00e4lle, Verluste oder Sch\u00e4den an pers\u00f6nlichen Gegenst\u00e4nden, die unseren G\u00e4sten w\u00e4hrend ihres Aufenthalts entstehen, ungeachtet der Ursache.<br>Panormos Art Villas &amp; Suites \u00fcbernimmt keine Haftung oder Stornierung der Buchung infolge von Krieg, Kriegsgefahr, Aufruhr oder B\u00fcrgerstreik, terroristischen Aktivit\u00e4ten (angedroht oder tats\u00e4chlich), Naturkatastrophen, Feuer, Krankheit, Wetterbedingungen, Ma\u00dfnahmen einer Regierung oder Beh\u00f6rde an einem Flughafen oder Hafen, technischen Problemen im Zusammenhang mit dem Transport und den Flughafenvorschriften aufgrund technischer, mechanischer oder elektrischer St\u00f6rungen oder bei der Unterbringung des Kunden oder anderen Umst\u00e4nden, die als \u201eh\u00f6here Gewalt\u201c oder Naturkatastrophen oder \u00e4hnliche Ereignisse gelten.<\/p>\n\n\n\n<p><strong>V. HAUSTIERE<br><br><\/strong>In vielen Unterk\u00fcnften sind Haustiere (Hunde, Katzen, beides oder eines von beiden) willkommen.<br><br>DIE VORHERIGE ZUSTIMMUNG DES EIGENT\u00dcMERS IST UNBEDINGT ERFORDERLICH, UM IHR HAUSTIER MITZUBRINGEN, UNGEACHTET OB IN DEN VILLEN ODER SUITEN \u201eHAUSTIERE ERLAUBT\u201c ANGEGEBEN IST ODER NICHT!<br><br>Wenn keine solche vorherige Vereinbarung besteht und ein Haustier auf dem Gel\u00e4nde angetroffen wird (oder mehr als vereinbart), hat der Eigent\u00fcmer das Recht, die Vermietung abzulehnen, den Vertrag sofort zu k\u00fcndigen und die Zahlung einzubehalten.<\/p>\n\n\n\n<ul class=\"wp-block-list\">\n<li>Haustiere d\u00fcrfen NICHT auf Tischen, Sofas, St\u00fchlen, Betten oder Sonnenliegen schlafen\/klettern, sie essen, schlafen und leben auf dem Boden<\/li>\n\n\n\n<li>Haustiere d\u00fcrfen nicht in andere benachbarte Villen\/Anwesen streunen, sie m\u00fcssen jederzeit bei ihren Besitzern bleiben<\/li>\n\n\n\n<li>Haustiere m\u00fcssen w\u00e4hrend der Reinigung des Hauses bei Ihnen bleiben oder in Anwesenheit der Reinigungskraft aus dem Haus entfernt werden<\/li>\n\n\n\n<li>Haustiere d\u00fcrfen Balkone und Terrassen nicht verschmutzen, sondern m\u00fcssen ihre Hinterlassenschaften aufsammeln<\/li>\n\n\n\n<li>Hunde d\u00fcrfen nachts nicht heulen oder bellen und die Nachbarn bel\u00e4stigen<\/li>\n\n\n\n<li>Das griechische Gesetz schreibt vor, dass Hunde an freien Str\u00e4nden an der Leine gef\u00fchrt werden m\u00fcssen und dass ihnen der Zutritt zu \u00f6ffentlichen Str\u00e4nden untersagt ist.<br><br>Ein Versto\u00df gegen eine dieser Regeln kann zum Verlust Ihrer Kaution und m\u00f6glicherweise zur Aussetzung Ihres Mietvertrags und Urlaubs in der Villa oder Suite f\u00fchren.<br><br>Villen und Suiten, in denen Haustiere erlaubt sind, k\u00f6nnen<br><br>\u2022 eine erh\u00f6hte Kaution verlangen<br>\u2022 Fragen Sie nach einer Haustierhaltungsgeb\u00fchr<\/li>\n<\/ul>\n\n\n\n<p>Die Vermietung der Unterk\u00fcnfte erfolgt ausschlie\u00dflich zum Zwecke der Beherbergung der vereinbarten G\u00e4ste f\u00fcr den angegebenen Zeitraum und zu keinem anderen Zweck, sofern nichts anderes vorher vereinbart wurde.<br>Bei Nichteinhaltung der Bedingung ** oder einer der folgenden Bedingungen hat das Unternehmen das Recht zur sofortigen K\u00fcndigung des Mietvertrags, zum Verlust des gesamten Aufenthaltspreises (abz\u00fcglich der Kaution, wenn keine Sch\u00e4den vorliegen) und zur gewaltsamen R\u00e4umung des Anwesens sowie zur L\u00f6schung der pers\u00f6nlichen Daten der Bewohner.<br>Eigent\u00fcmer oder ihre Vertreter behalten sich das Recht vor, das Grundst\u00fcck jederzeit nach angemessener Vorank\u00fcndigung\/Benachrichtigung des Mieters zur Inspektion zu betreten.<br>Im Mietpreis sind f\u00fcr alle Objekte die Reinigung sowie der Wechsel der Bettw\u00e4sche und Handt\u00fccher wie folgt oder wie anderweitig vereinbart\/angegeben enthalten. m<br>Zu den Aufgaben des Zimmerm\u00e4dchens geh\u00f6rt die Reinigung des Hauses und das Wechseln der Bettw\u00e4sche, nicht das W\u00e4schewaschen, B\u00fcgeln oder Kochen der G\u00e4ste. Dies kann vor Ort auf Ad-hoc-Basis gegen Aufpreis arrangiert werden.<br>Aufgrund von Wasserknappheit auf den meisten Inseln und um Wasser zu sparen, werden im Normalbetrieb Handt\u00fccher zweimal pro Woche und Bettw\u00e4sche nur einmal gewechselt. Ein h\u00e4ufigerer W\u00e4schewechsel ist (je nach Unterkunft) gegen einen im Voraus vereinbarten Aufpreis m\u00f6glich.<\/p>\n\n\n\n<p><strong>BEGRIFF**<\/strong><\/p>\n\n\n\n<p>Unter KEINEN Umst\u00e4nden d\u00fcrfen die G\u00e4ste ohne vorherige Zustimmung der Eigent\u00fcmer zus\u00e4tzliche Personen unterbringen, einschlie\u00dflich und ohne Einschr\u00e4nkung \u00dcbernachtungsg\u00e4ste, Mittagessen mit externen G\u00e4sten, Partys, Empf\u00e4nge, Grillabende oder andere eint\u00e4gige\/abendliche gesellschaftliche Veranstaltungen f\u00fcr eine andere als die vereinbarte Personenzahl ODER ihren Aufenthalt ohne vorherige rechtzeitige Genehmigung verl\u00e4ngern.<\/p>\n\n\n\n<p>Der Mietpreis beinhaltet KEINE Transfers (Person oder Gep\u00e4ck) zum oder vom Anwesen, Mautgeb\u00fchren, Benzin\/Benzin, Mietwagen oder F\u00e4hrtickets hin und zur\u00fcck zu einer Insel<\/p>\n\n\n\n<p>Im Mietpreis sind keine anderen Transport- oder Transferleistungen (Hafen, Flughafen, Taxifahrten usw.) enthalten.<br>Der Miettag endet um 11:00 Uhr.<br>G\u00e4sten, die nach 11:00 Uhr \u00fcbernachten, wird eine halbe Tagesmiete gem\u00e4\u00df dem aktuellen Listenpreis der Immobilie berechnet und nicht der bezahlte\/erm\u00e4\u00dfigte Preis.<br>G\u00e4sten, die nach 17:00 Uhr \u00fcbernachten, wird ein ganzer Tag zu den gleichen Bedingungen berechnet.<\/p>\n\n\n\n<p>Sollten Sie auf die in Griechenland im Sommer h\u00e4ufig vorkommenden Bienen oder Wespen allergisch reagieren, informieren Sie uns bitte und bringen Sie Gegenmittel mit.<\/p>\n\n\n\n<p>Panormos Art Villas and Suites beh\u00e4lt sich das Recht vor, den Mietvertrag sofort zu k\u00fcndigen und sich f\u00fcr eine R\u00fcckerstattung zu entscheiden, wenn der Hausverwaltung Beweise vorliegen oder sie Beschwerden \u00fcber Verst\u00f6\u00dfe gegen griechisches Recht erh\u00e4lt.<br>Panormos Art Villas and Suites beh\u00e4lt sich das Recht vor, den Mietvertrag sofort zu k\u00fcndigen und sich f\u00fcr eine R\u00fcckerstattung zu entscheiden, wenn die Integrit\u00e4t des Eigentums aufgrund von Vernachl\u00e4ssigung, Missbrauch oder Missbrauch gef\u00e4hrdet ist.<br>Panormos Art Villas and Suite beh\u00e4lt sich das Recht vor, aufgrund unvorhergesehener Wetterbedingungen, h\u00f6herer Gewalt, Sachsch\u00e4den oder anderer Formen der Nichtverf\u00fcgbarkeit der Unterkunft jede Reservierung zu stornieren und den vollen Betrag zur\u00fcckzuerstatten und\/oder die G\u00e4ste mit vorheriger Zustimmung der G\u00e4ste in eine andere Unterkunft in der Gegend zu verlegen\/zu wechseln \u2013 sofern verf\u00fcgbar.<br>Im Falle einer Stornierung aufgrund externer Faktoren (h\u00f6here Gewalt) haften Panormos Art Villas and Suites oder die Eigent\u00fcmer unter keinen Umst\u00e4nden f\u00fcr Folgesch\u00e4den einer solchen Stornierung (Ticketverlust, zus\u00e4tzliche Geb\u00fchren usw.) und es werden keine derartigen Anspr\u00fcche anerkannt.<\/p>\n\n\n\n<p>Es ist nicht gestattet, die Einrichtung oder Dekoration der H\u00e4user (einschlie\u00dflich der Platzierung der M\u00f6bel) ohne vorherige Zustimmung der Eigent\u00fcmer von Panormos Art Villas &amp; Suites zu \u00e4ndern. Innenm\u00f6bel bleiben drinnen und Au\u00dfenm\u00f6bel drau\u00dfen! Eine Umgestaltung der H\u00e4user oder Suiten kann zur Stornierung der Buchung und zum Verlust (\u03ba\u03b1\u03c4\u03ac\u03c3\u03c7\u03b5\u03c3\u03b7) des gesamten Aufenthalts und der Kaution f\u00fchren.<\/p>\n\n\n\n<p>Der\/die Mieter sind f\u00fcr jegliche Sch\u00e4den oder die Entfernung\/Zerst\u00f6rung von Gegenst\u00e4nden auf und um das Grundst\u00fcck verantwortlich, einschlie\u00dflich und ohne Einschr\u00e4nkung Pflanzen, Au\u00dfenstrukturen usw. Von den G\u00e4sten wird erwartet, dass sie die Villen und Suiten und deren Inhalt respektieren. Gegenst\u00e4nde aus den Villen und Suiten, einschlie\u00dflich und ohne Einschr\u00e4nkung Bettw\u00e4sche und\/oder Dekorationsgegenst\u00e4nde, verbleiben in den Villen und Suiten!<br>Abh\u00e4ngig von den Richtlinien der einzelnen H\u00e4user oder Suiten sind Haustiere nur mit vorheriger Zustimmung und Genehmigung der Eigent\u00fcmer von Panormos Art Villas &amp; Suites erlaubt. Die Eigent\u00fcmer von Panormos Art Villas &amp; Suites behalten sich das Recht vor, den Mietvertrag zu k\u00fcndigen, wenn ein Haustier ohne vorherige Zustimmung auf dem Gel\u00e4nde gefunden wird. Bitte lesen Sie das n\u00e4chste Kapitel V. HAUSTIERE<\/p>\n\n\n\n<p><strong>Mit der \u00dcberweisung einer Buchungsanzahlung best\u00e4tigt der Mieter automatisch die Akzeptanz dieser Mietbedingungen.<\/strong><\/p>\n\n\n\n<p><strong>Die Gerichte von Athen, Griechenland, sollen alle Streitigkeiten beilegen<\/strong><\/p>","protected":false},"excerpt":{"rendered":"<p>PAYMENTS 1.No credit cards or personal checks on arrival are accepted.2. All payments by international bank drafts to the company\u2019s corporate accounts or Owners\u2019 account supplied3. Payment all made in EURO. All amounts should be received NET of bank charges, please instruct your bank to do so4. Expenses beyond the EU remittances or foreign currency&hellip;<\/p>","protected":false},"author":1,"featured_media":0,"parent":0,"menu_order":0,"comment_status":"closed","ping_status":"closed","template":"","meta":{"rs_blank_template":"","rs_page_bg_color":"","slide_template_v7":"","footnotes":""},"class_list":["post-17908","page","type-page","status-publish","hentry"],"yoast_head":"<!-- This site is optimized with the Yoast SEO plugin v27.3 - https:\/\/yoast.com\/product\/yoast-seo-wordpress\/ -->\n<title>Panormos\u00a0Art Villa&#039;s &amp; Suites Rental Policies | Panormos Art Villa&#039;s &amp; Suites<\/title>\n<meta name=\"robots\" content=\"index, follow, max-snippet:-1, max-image-preview:large, max-video-preview:-1\" \/>\n<link rel=\"canonical\" href=\"https:\/\/tinos-rentavilla.com\/de_de\/panormos-art-villa-suites-rental-policies\/\" \/>\n<meta property=\"og:locale\" content=\"de_DE\" \/>\n<meta property=\"og:type\" content=\"article\" \/>\n<meta property=\"og:title\" content=\"Panormos\u00a0Art Villa&#039;s &amp; Suites Rental Policies | Panormos Art Villa&#039;s &amp; Suites\" \/>\n<meta property=\"og:description\" content=\"PAYMENTS 1.No credit cards or personal checks on arrival are accepted.2. All payments by international bank drafts to the company\u2019s corporate accounts or Owners\u2019 account supplied3. Payment all made in EURO. All amounts should be received NET of bank charges, please instruct your bank to do so4. Expenses beyond the EU remittances or foreign currency&hellip;\" \/>\n<meta property=\"og:url\" content=\"https:\/\/tinos-rentavilla.com\/de_de\/panormos-art-villa-suites-rental-policies\/\" \/>\n<meta property=\"og:site_name\" content=\"Panormos Art Villa&#039;s &amp; Suites\" \/>\n<meta property=\"article:modified_time\" content=\"2025-09-27T21:49:01+00:00\" \/>\n<meta name=\"twitter:card\" content=\"summary_large_image\" \/>\n<meta name=\"twitter:label1\" content=\"Gesch\u00e4tzte Lesezeit\" \/>\n\t<meta name=\"twitter:data1\" content=\"9\u00a0Minuten\" \/>\n<script type=\"application\/ld+json\" class=\"yoast-schema-graph\">{\"@context\":\"https:\\\/\\\/schema.org\",\"@graph\":[{\"@type\":\"WebPage\",\"@id\":\"https:\\\/\\\/tinos-rentavilla.com\\\/panormos-art-villa-suites-rental-policies\\\/\",\"url\":\"https:\\\/\\\/tinos-rentavilla.com\\\/panormos-art-villa-suites-rental-policies\\\/\",\"name\":\"Panormos\u00a0Art Villa's & Suites Rental Policies | Panormos Art Villa&#039;s &amp; Suites\",\"isPartOf\":{\"@id\":\"https:\\\/\\\/tinos-rentavilla.com\\\/#website\"},\"datePublished\":\"2025-01-14T18:50:19+00:00\",\"dateModified\":\"2025-09-27T21:49:01+00:00\",\"breadcrumb\":{\"@id\":\"https:\\\/\\\/tinos-rentavilla.com\\\/panormos-art-villa-suites-rental-policies\\\/#breadcrumb\"},\"inLanguage\":\"de\",\"potentialAction\":[{\"@type\":\"ReadAction\",\"target\":[\"https:\\\/\\\/tinos-rentavilla.com\\\/panormos-art-villa-suites-rental-policies\\\/\"]}]},{\"@type\":\"BreadcrumbList\",\"@id\":\"https:\\\/\\\/tinos-rentavilla.com\\\/panormos-art-villa-suites-rental-policies\\\/#breadcrumb\",\"itemListElement\":[{\"@type\":\"ListItem\",\"position\":1,\"name\":\"Home\",\"item\":\"https:\\\/\\\/tinos-rentavilla.com\\\/\"},{\"@type\":\"ListItem\",\"position\":2,\"name\":\"Panormos\u00a0Art Villa&#8217;s &#038; Suites Rental Policies\"}]},{\"@type\":\"WebSite\",\"@id\":\"https:\\\/\\\/tinos-rentavilla.com\\\/#website\",\"url\":\"https:\\\/\\\/tinos-rentavilla.com\\\/\",\"name\":\"Panormos Art Villa&#039;s &amp; Suites\",\"description\":\"\",\"potentialAction\":[{\"@type\":\"SearchAction\",\"target\":{\"@type\":\"EntryPoint\",\"urlTemplate\":\"https:\\\/\\\/tinos-rentavilla.com\\\/?s={search_term_string}\"},\"query-input\":{\"@type\":\"PropertyValueSpecification\",\"valueRequired\":true,\"valueName\":\"search_term_string\"}}],\"inLanguage\":\"de\"}]}<\/script>\n<!-- \/ Yoast SEO plugin. -->","yoast_head_json":{"title":"Panormos\u00a0Art Villa's & Suites Rental Policies | Panormos Art Villa&#039;s &amp; Suites","robots":{"index":"index","follow":"follow","max-snippet":"max-snippet:-1","max-image-preview":"max-image-preview:large","max-video-preview":"max-video-preview:-1"},"canonical":"https:\/\/tinos-rentavilla.com\/de_de\/panormos-art-villa-suites-rental-policies\/","og_locale":"de_DE","og_type":"article","og_title":"Panormos\u00a0Art Villa's & Suites Rental Policies | Panormos Art Villa&#039;s &amp; Suites","og_description":"PAYMENTS 1.No credit cards or personal checks on arrival are accepted.2. All payments by international bank drafts to the company\u2019s corporate accounts or Owners\u2019 account supplied3. Payment all made in EURO. All amounts should be received NET of bank charges, please instruct your bank to do so4. Expenses beyond the EU remittances or foreign currency&hellip;","og_url":"https:\/\/tinos-rentavilla.com\/de_de\/panormos-art-villa-suites-rental-policies\/","og_site_name":"Panormos Art Villa&#039;s &amp; Suites","article_modified_time":"2025-09-27T21:49:01+00:00","twitter_card":"summary_large_image","twitter_misc":{"Gesch\u00e4tzte Lesezeit":"9\u00a0Minuten"},"schema":{"@context":"https:\/\/schema.org","@graph":[{"@type":"WebPage","@id":"https:\/\/tinos-rentavilla.com\/panormos-art-villa-suites-rental-policies\/","url":"https:\/\/tinos-rentavilla.com\/panormos-art-villa-suites-rental-policies\/","name":"Panormos\u00a0Art Villa's & Suites Rental Policies | Panormos Art Villa&#039;s &amp; Suites","isPartOf":{"@id":"https:\/\/tinos-rentavilla.com\/#website"},"datePublished":"2025-01-14T18:50:19+00:00","dateModified":"2025-09-27T21:49:01+00:00","breadcrumb":{"@id":"https:\/\/tinos-rentavilla.com\/panormos-art-villa-suites-rental-policies\/#breadcrumb"},"inLanguage":"de","potentialAction":[{"@type":"ReadAction","target":["https:\/\/tinos-rentavilla.com\/panormos-art-villa-suites-rental-policies\/"]}]},{"@type":"BreadcrumbList","@id":"https:\/\/tinos-rentavilla.com\/panormos-art-villa-suites-rental-policies\/#breadcrumb","itemListElement":[{"@type":"ListItem","position":1,"name":"Home","item":"https:\/\/tinos-rentavilla.com\/"},{"@type":"ListItem","position":2,"name":"Panormos\u00a0Art Villa&#8217;s &#038; Suites Rental Policies"}]},{"@type":"WebSite","@id":"https:\/\/tinos-rentavilla.com\/#website","url":"https:\/\/tinos-rentavilla.com\/","name":"Panormos Art Villas &amp; Suites","description":"","potentialAction":[{"@type":"SearchAction","target":{"@type":"EntryPoint","urlTemplate":"https:\/\/tinos-rentavilla.com\/?s={search_term_string}"},"query-input":{"@type":"PropertyValueSpecification","valueRequired":true,"valueName":"search_term_string"}}],"inLanguage":"de"}]}},"_links":{"self":[{"href":"https:\/\/tinos-rentavilla.com\/de_de\/wp-json\/wp\/v2\/pages\/17908","targetHints":{"allow":["GET"]}}],"collection":[{"href":"https:\/\/tinos-rentavilla.com\/de_de\/wp-json\/wp\/v2\/pages"}],"about":[{"href":"https:\/\/tinos-rentavilla.com\/de_de\/wp-json\/wp\/v2\/types\/page"}],"author":[{"embeddable":true,"href":"https:\/\/tinos-rentavilla.com\/de_de\/wp-json\/wp\/v2\/users\/1"}],"replies":[{"embeddable":true,"href":"https:\/\/tinos-rentavilla.com\/de_de\/wp-json\/wp\/v2\/comments?post=17908"}],"version-history":[{"count":4,"href":"https:\/\/tinos-rentavilla.com\/de_de\/wp-json\/wp\/v2\/pages\/17908\/revisions"}],"predecessor-version":[{"id":17961,"href":"https:\/\/tinos-rentavilla.com\/de_de\/wp-json\/wp\/v2\/pages\/17908\/revisions\/17961"}],"wp:attachment":[{"href":"https:\/\/tinos-rentavilla.com\/de_de\/wp-json\/wp\/v2\/media?parent=17908"}],"curies":[{"name":"wp","href":"https:\/\/api.w.org\/{rel}","templated":true}]}}