{"id":12857,"date":"2017-04-04T12:23:13","date_gmt":"2017-04-04T12:23:13","guid":{"rendered":"http:\/\/template.my-church.cmsmasters.net\/?page_id=12857"},"modified":"2025-09-28T00:49:16","modified_gmt":"2025-09-27T21:49:16","slug":"terms-and-conditions","status":"publish","type":"page","link":"https:\/\/tinos-rentavilla.com\/fr_fr\/terms-and-conditions\/","title":{"rendered":"Termes et conditions"},"content":{"rendered":"<div id=\"cmsmasters_row_2951d88195\" class=\"cmsmasters_row cmsmasters_color_scheme_default cmsmasters_row_top_default cmsmasters_row_bot_default cmsmasters_row_boxed\">\n<div class=\"cmsmasters_row_outer_parent\">\n<div class=\"cmsmasters_row_outer\">\n<div class=\"cmsmasters_row_inner\">\n<div class=\"cmsmasters_row_margin\">\n<div id=\"cmsmasters_column_8fe7b13156\" class=\"cmsmasters_column one_first\">\n<div class=\"cmsmasters_column_inner\"><div class=\"cmsmasters_text\">\n<p>Les conditions g\u00e9n\u00e9rales constituent un ensemble de r\u00e8gles et de directives qu&#039;un utilisateur doit accepter pour utiliser votre site web ou votre application mobile. Elles constituent un contrat l\u00e9gal entre vous (l&#039;entreprise) qui g\u00e8re le site web ou l&#039;application mobile et l&#039;utilisateur qui y acc\u00e8de.<\/p>\n<p>C&#039;est \u00e0 vous de d\u00e9finir les r\u00e8gles et les directives que l&#039;utilisateur doit accepter. Vos conditions g\u00e9n\u00e9rales sont un accord juridique qui vous permet de vous opposer \u00e0 l&#039;utilisation abusive de votre application, d&#039;exclure des utilisateurs et de vous d\u00e9fendre contre les abus potentiels.<\/p>\n<p>Les conditions g\u00e9n\u00e9rales sont \u00e9galement appel\u00e9es conditions de service ou conditions d\u2019utilisation.<\/p>\n<p>Ce type d&#039;accord juridique peut \u00eatre utilis\u00e9 aussi bien pour votre site web que pour votre application mobile. Il n&#039;est pas obligatoire (et m\u00eame d\u00e9conseill\u00e9) d&#039;avoir des conditions g\u00e9n\u00e9rales distinctes\u00a0: une pour votre site web et une pour votre application mobile.<\/p>\n<\/div>\n<\/div><\/div>\n<\/div>\n<\/div>\n<\/div>\n<\/div>\n<\/div>","protected":false},"excerpt":{"rendered":"","protected":false},"author":1,"featured_media":0,"parent":0,"menu_order":0,"comment_status":"closed","ping_status":"closed","template":"","meta":{"rs_blank_template":"","rs_page_bg_color":"","slide_template_v7":"","footnotes":""},"class_list":["post-12857","page","type-page","status-publish","hentry"],"yoast_head":"<!-- This site is optimized with the Yoast SEO plugin v27.3 - https:\/\/yoast.com\/product\/yoast-seo-wordpress\/ -->\n<title>Terms and Conditions | Panormos Art Villa&#039;s &amp; Suites<\/title>\n<meta name=\"robots\" content=\"index, follow, max-snippet:-1, max-image-preview:large, max-video-preview:-1\" \/>\n<link rel=\"canonical\" href=\"https:\/\/tinos-rentavilla.com\/fr_fr\/terms-and-conditions\/\" \/>\n<meta property=\"og:locale\" content=\"fr_FR\" \/>\n<meta property=\"og:type\" content=\"article\" \/>\n<meta property=\"og:title\" content=\"Terms and Conditions | Panormos Art Villa&#039;s &amp; Suites\" \/>\n<meta property=\"og:url\" content=\"https:\/\/tinos-rentavilla.com\/fr_fr\/terms-and-conditions\/\" \/>\n<meta property=\"og:site_name\" content=\"Panormos Art Villa&#039;s &amp; Suites\" \/>\n<meta property=\"article:modified_time\" content=\"2025-09-27T21:49:16+00:00\" \/>\n<meta name=\"twitter:card\" content=\"summary_large_image\" \/>\n<meta name=\"twitter:label1\" content=\"Dur\u00e9e de lecture estim\u00e9e\" \/>\n\t<meta name=\"twitter:data1\" content=\"1 minute\" \/>\n<script type=\"application\/ld+json\" class=\"yoast-schema-graph\">{\"@context\":\"https:\\\/\\\/schema.org\",\"@graph\":[{\"@type\":\"WebPage\",\"@id\":\"https:\\\/\\\/tinos-rentavilla.com\\\/terms-and-conditions\\\/\",\"url\":\"https:\\\/\\\/tinos-rentavilla.com\\\/terms-and-conditions\\\/\",\"name\":\"Terms and Conditions | Panormos Art Villa&#039;s &amp; Suites\",\"isPartOf\":{\"@id\":\"https:\\\/\\\/tinos-rentavilla.com\\\/#website\"},\"datePublished\":\"2017-04-04T12:23:13+00:00\",\"dateModified\":\"2025-09-27T21:49:16+00:00\",\"breadcrumb\":{\"@id\":\"https:\\\/\\\/tinos-rentavilla.com\\\/terms-and-conditions\\\/#breadcrumb\"},\"inLanguage\":\"fr-FR\",\"potentialAction\":[{\"@type\":\"ReadAction\",\"target\":[\"https:\\\/\\\/tinos-rentavilla.com\\\/terms-and-conditions\\\/\"]}]},{\"@type\":\"BreadcrumbList\",\"@id\":\"https:\\\/\\\/tinos-rentavilla.com\\\/terms-and-conditions\\\/#breadcrumb\",\"itemListElement\":[{\"@type\":\"ListItem\",\"position\":1,\"name\":\"Home\",\"item\":\"https:\\\/\\\/tinos-rentavilla.com\\\/\"},{\"@type\":\"ListItem\",\"position\":2,\"name\":\"Terms and Conditions\"}]},{\"@type\":\"WebSite\",\"@id\":\"https:\\\/\\\/tinos-rentavilla.com\\\/#website\",\"url\":\"https:\\\/\\\/tinos-rentavilla.com\\\/\",\"name\":\"Panormos Art Villa&#039;s &amp; Suites\",\"description\":\"\",\"potentialAction\":[{\"@type\":\"SearchAction\",\"target\":{\"@type\":\"EntryPoint\",\"urlTemplate\":\"https:\\\/\\\/tinos-rentavilla.com\\\/?s={search_term_string}\"},\"query-input\":{\"@type\":\"PropertyValueSpecification\",\"valueRequired\":true,\"valueName\":\"search_term_string\"}}],\"inLanguage\":\"fr-FR\"}]}<\/script>\n<!-- \/ Yoast SEO plugin. -->","yoast_head_json":{"title":"Terms and Conditions | Panormos Art Villa&#039;s &amp; Suites","robots":{"index":"index","follow":"follow","max-snippet":"max-snippet:-1","max-image-preview":"max-image-preview:large","max-video-preview":"max-video-preview:-1"},"canonical":"https:\/\/tinos-rentavilla.com\/fr_fr\/terms-and-conditions\/","og_locale":"fr_FR","og_type":"article","og_title":"Terms and Conditions | Panormos Art Villa&#039;s &amp; Suites","og_url":"https:\/\/tinos-rentavilla.com\/fr_fr\/terms-and-conditions\/","og_site_name":"Panormos Art Villa&#039;s &amp; Suites","article_modified_time":"2025-09-27T21:49:16+00:00","twitter_card":"summary_large_image","twitter_misc":{"Dur\u00e9e de lecture estim\u00e9e":"1 minute"},"schema":{"@context":"https:\/\/schema.org","@graph":[{"@type":"WebPage","@id":"https:\/\/tinos-rentavilla.com\/terms-and-conditions\/","url":"https:\/\/tinos-rentavilla.com\/terms-and-conditions\/","name":"Terms and Conditions | Panormos Art Villa&#039;s &amp; Suites","isPartOf":{"@id":"https:\/\/tinos-rentavilla.com\/#website"},"datePublished":"2017-04-04T12:23:13+00:00","dateModified":"2025-09-27T21:49:16+00:00","breadcrumb":{"@id":"https:\/\/tinos-rentavilla.com\/terms-and-conditions\/#breadcrumb"},"inLanguage":"fr-FR","potentialAction":[{"@type":"ReadAction","target":["https:\/\/tinos-rentavilla.com\/terms-and-conditions\/"]}]},{"@type":"BreadcrumbList","@id":"https:\/\/tinos-rentavilla.com\/terms-and-conditions\/#breadcrumb","itemListElement":[{"@type":"ListItem","position":1,"name":"Home","item":"https:\/\/tinos-rentavilla.com\/"},{"@type":"ListItem","position":2,"name":"Terms and Conditions"}]},{"@type":"WebSite","@id":"https:\/\/tinos-rentavilla.com\/#website","url":"https:\/\/tinos-rentavilla.com\/","name":"Panormos Art Villa&#039;s &amp; Suites","description":"","potentialAction":[{"@type":"SearchAction","target":{"@type":"EntryPoint","urlTemplate":"https:\/\/tinos-rentavilla.com\/?s={search_term_string}"},"query-input":{"@type":"PropertyValueSpecification","valueRequired":true,"valueName":"search_term_string"}}],"inLanguage":"fr-FR"}]}},"_links":{"self":[{"href":"https:\/\/tinos-rentavilla.com\/fr_fr\/wp-json\/wp\/v2\/pages\/12857","targetHints":{"allow":["GET"]}}],"collection":[{"href":"https:\/\/tinos-rentavilla.com\/fr_fr\/wp-json\/wp\/v2\/pages"}],"about":[{"href":"https:\/\/tinos-rentavilla.com\/fr_fr\/wp-json\/wp\/v2\/types\/page"}],"author":[{"embeddable":true,"href":"https:\/\/tinos-rentavilla.com\/fr_fr\/wp-json\/wp\/v2\/users\/1"}],"replies":[{"embeddable":true,"href":"https:\/\/tinos-rentavilla.com\/fr_fr\/wp-json\/wp\/v2\/comments?post=12857"}],"version-history":[{"count":1,"href":"https:\/\/tinos-rentavilla.com\/fr_fr\/wp-json\/wp\/v2\/pages\/12857\/revisions"}],"predecessor-version":[{"id":18317,"href":"https:\/\/tinos-rentavilla.com\/fr_fr\/wp-json\/wp\/v2\/pages\/12857\/revisions\/18317"}],"wp:attachment":[{"href":"https:\/\/tinos-rentavilla.com\/fr_fr\/wp-json\/wp\/v2\/media?parent=12857"}],"curies":[{"name":"wp","href":"https:\/\/api.w.org\/{rel}","templated":true}]}}