{"id":17237,"date":"2024-03-23T16:24:53","date_gmt":"2024-03-23T14:24:53","guid":{"rendered":"https:\/\/tinos-rentavilla.com\/?page_id=17237"},"modified":"2025-11-09T16:00:09","modified_gmt":"2025-11-09T14:00:09","slug":"spring","status":"publish","type":"page","link":"https:\/\/tinos-rentavilla.com\/fr_fr\/four-seasons-tinos\/spring\/","title":{"rendered":"Printemps"},"content":{"rendered":"<div id=\"cmsmasters_row_e0it6qx3kq\" class=\"cmsmasters_row cmsmasters_color_scheme_default cmsmasters_row_top_default cmsmasters_row_bot_default cmsmasters_row_boxed\">\n<div class=\"cmsmasters_row_outer_parent\">\n<div class=\"cmsmasters_row_outer\">\n<div class=\"cmsmasters_row_inner\">\n<div class=\"cmsmasters_row_margin\">\n<div id=\"cmsmasters_column_5lhyy98iw5\" class=\"cmsmasters_column one_first\">\n<div class=\"cmsmasters_column_inner\"><div class=\"cmsmasters_text\">\n<h2 style=\"text-align: center;\">Comme une cuill\u00e8re sucr\u00e9e<\/h2>\n<h3 style=\"text-align: center;\">Citronniers en fleurs, sentiers verdoyants et d\u00e9votion<\/h3>\n<p style=\"text-align: center;\">La saison la plus prometteuse de l&#039;ann\u00e9e, pendant laquelle tout rena\u00eet, forme un feu d&#039;artifice de couleurs et d&#039;exp\u00e9riences pour l&#039;\u00eele de Tinos. Promenez-vous parmi les citronniers en fleurs et go\u00fbtez ensuite le bonbon au s\u00e9same avec une feuille de citronnier. Les pigeonniers et l&#039;ascension du sommet de Xombourgo avec la vue magnifique ne sont que quelques-uns des endroits que vous pouvez visiter \u00e0 Tinos au printemps.<br \/>\nEt comme il existe des dizaines de chapelles, qui n&#039;aimerait pas vivre la d\u00e9votion de la Semaine Sainte et de la R\u00e9surrection dans le lieu saint ?<br \/>\nUn bouquet de fleurs sauvages pour l&#039;\u00e9pitaphe et un morceau de Tsibiti (tarte au fromage traditionnelle de Tinos) \u00e0 midi le samedi saint, offrent au visiteur un go\u00fbt sucr\u00e9.<\/p>\n<\/div>\n<\/div><\/div>\n<\/div>\n<\/div>\n<\/div>\n<\/div>\n<\/div>\n<div id=\"cmsmasters_row_scxog92f7\" class=\"cmsmasters_row cmsmasters_color_scheme_default cmsmasters_row_top_default cmsmasters_row_bot_default cmsmasters_row_boxed\">\n<div class=\"cmsmasters_row_outer_parent\">\n<div class=\"cmsmasters_row_outer\">\n<div class=\"cmsmasters_row_inner\">\n<div class=\"cmsmasters_row_margin\">\n<div id=\"cmsmasters_column_d79paf0h4\" class=\"cmsmasters_column one_first\">\n<div class=\"cmsmasters_column_inner\"><\/div><\/div>\n<\/div>\n<\/div>\n<\/div>\n<\/div>\n<\/div>","protected":false},"excerpt":{"rendered":"","protected":false},"author":1,"featured_media":17153,"parent":17,"menu_order":0,"comment_status":"closed","ping_status":"closed","template":"","meta":{"rs_blank_template":"","rs_page_bg_color":"","slide_template_v7":"","footnotes":""},"class_list":["post-17237","page","type-page","status-publish","has-post-thumbnail","hentry"],"yoast_head":"<!-- This site is optimized with the Yoast SEO plugin v27.3 - https:\/\/yoast.com\/product\/yoast-seo-wordpress\/ -->\n<title>Spring | Panormos Art Villa&#039;s &amp; Suites<\/title>\n<meta name=\"description\" content=\"Experience spring in Tinos \u2014 blooming lemon trees, colorful landscapes, and Easter devotions. Discover the island\u2019s beauty and traditions from Panormos Art Villas &amp; Suites.\" \/>\n<meta name=\"robots\" content=\"index, follow, max-snippet:-1, max-image-preview:large, max-video-preview:-1\" \/>\n<link rel=\"canonical\" href=\"https:\/\/tinos-rentavilla.com\/fr_fr\/four-seasons-tinos\/spring\/\" \/>\n<meta property=\"og:locale\" content=\"fr_FR\" \/>\n<meta property=\"og:type\" content=\"article\" \/>\n<meta property=\"og:title\" content=\"Spring | Panormos Art Villa&#039;s &amp; Suites\" \/>\n<meta property=\"og:description\" content=\"Experience spring in Tinos \u2014 blooming lemon trees, colorful landscapes, and Easter devotions. Discover the island\u2019s beauty and traditions from Panormos Art Villas &amp; Suites.\" \/>\n<meta property=\"og:url\" content=\"https:\/\/tinos-rentavilla.com\/fr_fr\/four-seasons-tinos\/spring\/\" \/>\n<meta property=\"og:site_name\" content=\"Panormos Art Villa&#039;s &amp; Suites\" \/>\n<meta property=\"article:modified_time\" content=\"2025-11-09T14:00:09+00:00\" \/>\n<meta property=\"og:image\" content=\"https:\/\/tinos-rentavilla.com\/wp-content\/uploads\/2024\/02\/spring-\u03c0\u03b5\u03c1\u03b9\u03c3\u03c4\u03b5\u03c1\u03b9\u03c9\u03bd\u03b1\u03c2-4-1-evelyn-foskolos-scaled.jpg\" \/>\n\t<meta property=\"og:image:width\" content=\"2560\" \/>\n\t<meta property=\"og:image:height\" content=\"1669\" \/>\n\t<meta property=\"og:image:type\" content=\"image\/jpeg\" \/>\n<meta name=\"twitter:card\" content=\"summary_large_image\" \/>\n<meta name=\"twitter:label1\" content=\"Dur\u00e9e de lecture estim\u00e9e\" \/>\n\t<meta name=\"twitter:data1\" content=\"1 minute\" \/>\n<script type=\"application\/ld+json\" class=\"yoast-schema-graph\">{\"@context\":\"https:\\\/\\\/schema.org\",\"@graph\":[{\"@type\":\"WebPage\",\"@id\":\"https:\\\/\\\/tinos-rentavilla.com\\\/four-seasons-tinos\\\/spring\\\/\",\"url\":\"https:\\\/\\\/tinos-rentavilla.com\\\/four-seasons-tinos\\\/spring\\\/\",\"name\":\"Spring | Panormos Art Villa&#039;s &amp; Suites\",\"isPartOf\":{\"@id\":\"https:\\\/\\\/tinos-rentavilla.com\\\/#website\"},\"primaryImageOfPage\":{\"@id\":\"https:\\\/\\\/tinos-rentavilla.com\\\/four-seasons-tinos\\\/spring\\\/#primaryimage\"},\"image\":{\"@id\":\"https:\\\/\\\/tinos-rentavilla.com\\\/four-seasons-tinos\\\/spring\\\/#primaryimage\"},\"thumbnailUrl\":\"https:\\\/\\\/tinos-rentavilla.com\\\/wp-content\\\/uploads\\\/2024\\\/02\\\/spring-\u03c0\u03b5\u03c1\u03b9\u03c3\u03c4\u03b5\u03c1\u03b9\u03c9\u03bd\u03b1\u03c2-4-1-evelyn-foskolos-scaled.jpg\",\"datePublished\":\"2024-03-23T14:24:53+00:00\",\"dateModified\":\"2025-11-09T14:00:09+00:00\",\"description\":\"Experience spring in Tinos \u2014 blooming lemon trees, colorful landscapes, and Easter devotions. Discover the island\u2019s beauty and traditions from Panormos Art Villas & Suites.\",\"breadcrumb\":{\"@id\":\"https:\\\/\\\/tinos-rentavilla.com\\\/four-seasons-tinos\\\/spring\\\/#breadcrumb\"},\"inLanguage\":\"fr-FR\",\"potentialAction\":[{\"@type\":\"ReadAction\",\"target\":[\"https:\\\/\\\/tinos-rentavilla.com\\\/four-seasons-tinos\\\/spring\\\/\"]}]},{\"@type\":\"ImageObject\",\"inLanguage\":\"fr-FR\",\"@id\":\"https:\\\/\\\/tinos-rentavilla.com\\\/four-seasons-tinos\\\/spring\\\/#primaryimage\",\"url\":\"https:\\\/\\\/tinos-rentavilla.com\\\/wp-content\\\/uploads\\\/2024\\\/02\\\/spring-\u03c0\u03b5\u03c1\u03b9\u03c3\u03c4\u03b5\u03c1\u03b9\u03c9\u03bd\u03b1\u03c2-4-1-evelyn-foskolos-scaled.jpg\",\"contentUrl\":\"https:\\\/\\\/tinos-rentavilla.com\\\/wp-content\\\/uploads\\\/2024\\\/02\\\/spring-\u03c0\u03b5\u03c1\u03b9\u03c3\u03c4\u03b5\u03c1\u03b9\u03c9\u03bd\u03b1\u03c2-4-1-evelyn-foskolos-scaled.jpg\",\"width\":2560,\"height\":1669,\"caption\":\"spring \u03c0\u03b5\u03c1\u03b9\u03c3\u03c4\u03b5\u03c1\u03b9\u03c9\u03bd\u03b1\u03c2 4 (1) evelyn foskolos\"},{\"@type\":\"BreadcrumbList\",\"@id\":\"https:\\\/\\\/tinos-rentavilla.com\\\/four-seasons-tinos\\\/spring\\\/#breadcrumb\",\"itemListElement\":[{\"@type\":\"ListItem\",\"position\":1,\"name\":\"Home\",\"item\":\"https:\\\/\\\/tinos-rentavilla.com\\\/\"},{\"@type\":\"ListItem\",\"position\":2,\"name\":\"Four Seasons Tinos\",\"item\":\"https:\\\/\\\/tinos-rentavilla.com\\\/four-seasons-tinos\\\/\"},{\"@type\":\"ListItem\",\"position\":3,\"name\":\"Spring\"}]},{\"@type\":\"WebSite\",\"@id\":\"https:\\\/\\\/tinos-rentavilla.com\\\/#website\",\"url\":\"https:\\\/\\\/tinos-rentavilla.com\\\/\",\"name\":\"Panormos Art Villa&#039;s &amp; Suites\",\"description\":\"\",\"potentialAction\":[{\"@type\":\"SearchAction\",\"target\":{\"@type\":\"EntryPoint\",\"urlTemplate\":\"https:\\\/\\\/tinos-rentavilla.com\\\/?s={search_term_string}\"},\"query-input\":{\"@type\":\"PropertyValueSpecification\",\"valueRequired\":true,\"valueName\":\"search_term_string\"}}],\"inLanguage\":\"fr-FR\"}]}<\/script>\n<!-- \/ Yoast SEO plugin. -->","yoast_head_json":{"title":"Spring | Panormos Art Villa&#039;s &amp; Suites","description":"Experience spring in Tinos \u2014 blooming lemon trees, colorful landscapes, and Easter devotions. Discover the island\u2019s beauty and traditions from Panormos Art Villas & Suites.","robots":{"index":"index","follow":"follow","max-snippet":"max-snippet:-1","max-image-preview":"max-image-preview:large","max-video-preview":"max-video-preview:-1"},"canonical":"https:\/\/tinos-rentavilla.com\/fr_fr\/four-seasons-tinos\/spring\/","og_locale":"fr_FR","og_type":"article","og_title":"Spring | Panormos Art Villa&#039;s &amp; Suites","og_description":"Experience spring in Tinos \u2014 blooming lemon trees, colorful landscapes, and Easter devotions. Discover the island\u2019s beauty and traditions from Panormos Art Villas & Suites.","og_url":"https:\/\/tinos-rentavilla.com\/fr_fr\/four-seasons-tinos\/spring\/","og_site_name":"Panormos Art Villa&#039;s &amp; Suites","article_modified_time":"2025-11-09T14:00:09+00:00","og_image":[{"width":2560,"height":1669,"url":"https:\/\/tinos-rentavilla.com\/wp-content\/uploads\/2024\/02\/spring-\u03c0\u03b5\u03c1\u03b9\u03c3\u03c4\u03b5\u03c1\u03b9\u03c9\u03bd\u03b1\u03c2-4-1-evelyn-foskolos-scaled.jpg","type":"image\/jpeg"}],"twitter_card":"summary_large_image","twitter_misc":{"Dur\u00e9e de lecture estim\u00e9e":"1 minute"},"schema":{"@context":"https:\/\/schema.org","@graph":[{"@type":"WebPage","@id":"https:\/\/tinos-rentavilla.com\/four-seasons-tinos\/spring\/","url":"https:\/\/tinos-rentavilla.com\/four-seasons-tinos\/spring\/","name":"Spring | Panormos Art Villa&#039;s &amp; Suites","isPartOf":{"@id":"https:\/\/tinos-rentavilla.com\/#website"},"primaryImageOfPage":{"@id":"https:\/\/tinos-rentavilla.com\/four-seasons-tinos\/spring\/#primaryimage"},"image":{"@id":"https:\/\/tinos-rentavilla.com\/four-seasons-tinos\/spring\/#primaryimage"},"thumbnailUrl":"https:\/\/tinos-rentavilla.com\/wp-content\/uploads\/2024\/02\/spring-\u03c0\u03b5\u03c1\u03b9\u03c3\u03c4\u03b5\u03c1\u03b9\u03c9\u03bd\u03b1\u03c2-4-1-evelyn-foskolos-scaled.jpg","datePublished":"2024-03-23T14:24:53+00:00","dateModified":"2025-11-09T14:00:09+00:00","description":"Experience spring in Tinos \u2014 blooming lemon trees, colorful landscapes, and Easter devotions. Discover the island\u2019s beauty and traditions from Panormos Art Villas & Suites.","breadcrumb":{"@id":"https:\/\/tinos-rentavilla.com\/four-seasons-tinos\/spring\/#breadcrumb"},"inLanguage":"fr-FR","potentialAction":[{"@type":"ReadAction","target":["https:\/\/tinos-rentavilla.com\/four-seasons-tinos\/spring\/"]}]},{"@type":"ImageObject","inLanguage":"fr-FR","@id":"https:\/\/tinos-rentavilla.com\/four-seasons-tinos\/spring\/#primaryimage","url":"https:\/\/tinos-rentavilla.com\/wp-content\/uploads\/2024\/02\/spring-\u03c0\u03b5\u03c1\u03b9\u03c3\u03c4\u03b5\u03c1\u03b9\u03c9\u03bd\u03b1\u03c2-4-1-evelyn-foskolos-scaled.jpg","contentUrl":"https:\/\/tinos-rentavilla.com\/wp-content\/uploads\/2024\/02\/spring-\u03c0\u03b5\u03c1\u03b9\u03c3\u03c4\u03b5\u03c1\u03b9\u03c9\u03bd\u03b1\u03c2-4-1-evelyn-foskolos-scaled.jpg","width":2560,"height":1669,"caption":"spring \u03c0\u03b5\u03c1\u03b9\u03c3\u03c4\u03b5\u03c1\u03b9\u03c9\u03bd\u03b1\u03c2 4 (1) evelyn foskolos"},{"@type":"BreadcrumbList","@id":"https:\/\/tinos-rentavilla.com\/four-seasons-tinos\/spring\/#breadcrumb","itemListElement":[{"@type":"ListItem","position":1,"name":"Home","item":"https:\/\/tinos-rentavilla.com\/"},{"@type":"ListItem","position":2,"name":"Four Seasons Tinos","item":"https:\/\/tinos-rentavilla.com\/four-seasons-tinos\/"},{"@type":"ListItem","position":3,"name":"Spring"}]},{"@type":"WebSite","@id":"https:\/\/tinos-rentavilla.com\/#website","url":"https:\/\/tinos-rentavilla.com\/","name":"Panormos Art Villa&#039;s &amp; Suites","description":"","potentialAction":[{"@type":"SearchAction","target":{"@type":"EntryPoint","urlTemplate":"https:\/\/tinos-rentavilla.com\/?s={search_term_string}"},"query-input":{"@type":"PropertyValueSpecification","valueRequired":true,"valueName":"search_term_string"}}],"inLanguage":"fr-FR"}]}},"_links":{"self":[{"href":"https:\/\/tinos-rentavilla.com\/fr_fr\/wp-json\/wp\/v2\/pages\/17237","targetHints":{"allow":["GET"]}}],"collection":[{"href":"https:\/\/tinos-rentavilla.com\/fr_fr\/wp-json\/wp\/v2\/pages"}],"about":[{"href":"https:\/\/tinos-rentavilla.com\/fr_fr\/wp-json\/wp\/v2\/types\/page"}],"author":[{"embeddable":true,"href":"https:\/\/tinos-rentavilla.com\/fr_fr\/wp-json\/wp\/v2\/users\/1"}],"replies":[{"embeddable":true,"href":"https:\/\/tinos-rentavilla.com\/fr_fr\/wp-json\/wp\/v2\/comments?post=17237"}],"version-history":[{"count":12,"href":"https:\/\/tinos-rentavilla.com\/fr_fr\/wp-json\/wp\/v2\/pages\/17237\/revisions"}],"predecessor-version":[{"id":18433,"href":"https:\/\/tinos-rentavilla.com\/fr_fr\/wp-json\/wp\/v2\/pages\/17237\/revisions\/18433"}],"up":[{"embeddable":true,"href":"https:\/\/tinos-rentavilla.com\/fr_fr\/wp-json\/wp\/v2\/pages\/17"}],"wp:featuredmedia":[{"embeddable":true,"href":"https:\/\/tinos-rentavilla.com\/fr_fr\/wp-json\/wp\/v2\/media\/17153"}],"wp:attachment":[{"href":"https:\/\/tinos-rentavilla.com\/fr_fr\/wp-json\/wp\/v2\/media?parent=17237"}],"curies":[{"name":"wp","href":"https:\/\/api.w.org\/{rel}","templated":true}]}}