{"id":17304,"date":"2024-03-23T19:56:15","date_gmt":"2024-03-23T17:56:15","guid":{"rendered":"https:\/\/tinos-rentavilla.com\/?page_id=17304"},"modified":"2025-11-09T16:00:40","modified_gmt":"2025-11-09T14:00:40","slug":"summer","status":"publish","type":"page","link":"https:\/\/tinos-rentavilla.com\/fr_fr\/four-seasons-tinos\/summer\/","title":{"rendered":"\u00c9t\u00e9"},"content":{"rendered":"<div id=\"cmsmasters_row_e0it6qx3kq\" class=\"cmsmasters_row cmsmasters_color_scheme_default cmsmasters_row_top_default cmsmasters_row_bot_default cmsmasters_row_boxed\">\n<div class=\"cmsmasters_row_outer_parent\">\n<div class=\"cmsmasters_row_outer\">\n<div class=\"cmsmasters_row_inner\">\n<div class=\"cmsmasters_row_margin\">\n<div id=\"cmsmasters_column_5lhyy98iw5\" class=\"cmsmasters_column one_first\">\n<div class=\"cmsmasters_column_inner\"><div class=\"cmsmasters_text\">\n<h2 style=\"text-align: center;\">L&#039;\u00e9t\u00e9 est toujours la meilleure saison<\/h2>\n<h3 style=\"text-align: center;\">Gouttes de ros\u00e9e du matin, feuilles de c\u00e2pres savoureuses et insouciance<\/h3>\n<p style=\"text-align: center;\">L&#039;endroit o\u00f9 les midis d&#039;\u00e9t\u00e9 prennent le sens ultime de la paresse est Tinos. Asseyez-vous sous un platane sur la place de Pyrgos pour sentir la vraie brise fra\u00eeche. Promenez-vous dans les ruelles pav\u00e9es de Chora au cr\u00e9puscule. Et si pendant la journ\u00e9e vous pouvez profiter de la baignade, de la plong\u00e9e, des vagues pour surfer sur les plages de dentelle de l&#039;\u00eele, il existe un autre type de plaisir pendant les nuits \u00e0 Tinos. Sous la pleine lune ou non, vous d\u00e9gusterez du poisson frais \u00e0 Panormos, vous grimperez \u00e0 Arnados - o\u00f9 l&#039;on a l&#039;impression que le temps s&#039;est arr\u00eat\u00e9 - ou vous passerez un bon moment dans l&#039;un des festivals des villages de l&#039;\u00eele.<br \/>\nSi vous \u00eates sur l&#039;\u00eele le 23 juillet, ne manquez pas la procession de l&#039;ic\u00f4ne de la Vierge Marie dans le couvent o\u00f9 elle a \u00e9t\u00e9 d\u00e9couverte. Et la saison commence le 15 ao\u00fbt dans l&#039;\u00e9glise de Panagia Tinos, o\u00f9 les fid\u00e8les de tout le pays affluent et o\u00f9 tout semble festif. C&#039;est ainsi que l&#039;on ressent l&#039;\u00e9t\u00e9 sur l&#039;\u00eele de Chalepa, comme la limonade maison et le nougat traditionnel.<\/p>\n<\/div>\n<\/div><\/div>\n<\/div>\n<\/div>\n<\/div>\n<\/div>\n<\/div>\n<div id=\"cmsmasters_row_scxog92f7\" class=\"cmsmasters_row cmsmasters_color_scheme_default cmsmasters_row_top_default cmsmasters_row_bot_default cmsmasters_row_boxed\">\n<div class=\"cmsmasters_row_outer_parent\">\n<div class=\"cmsmasters_row_outer\">\n<div class=\"cmsmasters_row_inner\">\n<div class=\"cmsmasters_row_margin\">\n<div id=\"cmsmasters_column_d79paf0h4\" class=\"cmsmasters_column one_first\">\n<div class=\"cmsmasters_column_inner\"><\/div><\/div>\n<\/div>\n<\/div>\n<\/div>\n<\/div>\n<\/div>","protected":false},"excerpt":{"rendered":"","protected":false},"author":1,"featured_media":17308,"parent":17,"menu_order":0,"comment_status":"closed","ping_status":"closed","template":"","meta":{"rs_blank_template":"","rs_page_bg_color":"","slide_template_v7":"","footnotes":""},"class_list":["post-17304","page","type-page","status-publish","has-post-thumbnail","hentry"],"yoast_head":"<!-- This site is optimized with the Yoast SEO plugin v27.3 - https:\/\/yoast.com\/product\/yoast-seo-wordpress\/ -->\n<title>Summer | Panormos Art Villa&#039;s &amp; Suites<\/title>\n<meta name=\"description\" content=\"Feel the magic of summer in Tinos \u2014 golden beaches, moonlit nights, village festivals, and fresh seaside dining. Discover authentic island life from Panormos Art Villas &amp; Suites.\" \/>\n<meta name=\"robots\" content=\"index, follow, max-snippet:-1, max-image-preview:large, max-video-preview:-1\" \/>\n<link rel=\"canonical\" href=\"https:\/\/tinos-rentavilla.com\/fr_fr\/four-seasons-tinos\/summer\/\" \/>\n<meta property=\"og:locale\" content=\"fr_FR\" \/>\n<meta property=\"og:type\" content=\"article\" \/>\n<meta property=\"og:title\" content=\"Summer | Panormos Art Villa&#039;s &amp; Suites\" \/>\n<meta property=\"og:description\" content=\"Feel the magic of summer in Tinos \u2014 golden beaches, moonlit nights, village festivals, and fresh seaside dining. Discover authentic island life from Panormos Art Villas &amp; Suites.\" \/>\n<meta property=\"og:url\" content=\"https:\/\/tinos-rentavilla.com\/fr_fr\/four-seasons-tinos\/summer\/\" \/>\n<meta property=\"og:site_name\" content=\"Panormos Art Villa&#039;s &amp; Suites\" \/>\n<meta property=\"article:modified_time\" content=\"2025-11-09T14:00:40+00:00\" \/>\n<meta property=\"og:image\" content=\"https:\/\/tinos-rentavilla.com\/wp-content\/uploads\/2024\/03\/summer-livada_0190-scaled-e1733765432706.jpg\" \/>\n\t<meta property=\"og:image:width\" content=\"2560\" \/>\n\t<meta property=\"og:image:height\" content=\"1463\" \/>\n\t<meta property=\"og:image:type\" content=\"image\/jpeg\" \/>\n<meta name=\"twitter:card\" content=\"summary_large_image\" \/>\n<meta name=\"twitter:label1\" content=\"Dur\u00e9e de lecture estim\u00e9e\" \/>\n\t<meta name=\"twitter:data1\" content=\"2 minutes\" \/>\n<script type=\"application\/ld+json\" class=\"yoast-schema-graph\">{\"@context\":\"https:\\\/\\\/schema.org\",\"@graph\":[{\"@type\":\"WebPage\",\"@id\":\"https:\\\/\\\/tinos-rentavilla.com\\\/four-seasons-tinos\\\/summer\\\/\",\"url\":\"https:\\\/\\\/tinos-rentavilla.com\\\/four-seasons-tinos\\\/summer\\\/\",\"name\":\"Summer | Panormos Art Villa&#039;s &amp; Suites\",\"isPartOf\":{\"@id\":\"https:\\\/\\\/tinos-rentavilla.com\\\/#website\"},\"primaryImageOfPage\":{\"@id\":\"https:\\\/\\\/tinos-rentavilla.com\\\/four-seasons-tinos\\\/summer\\\/#primaryimage\"},\"image\":{\"@id\":\"https:\\\/\\\/tinos-rentavilla.com\\\/four-seasons-tinos\\\/summer\\\/#primaryimage\"},\"thumbnailUrl\":\"https:\\\/\\\/tinos-rentavilla.com\\\/wp-content\\\/uploads\\\/2024\\\/03\\\/summer-livada_0190-scaled-e1733765432706.jpg\",\"datePublished\":\"2024-03-23T17:56:15+00:00\",\"dateModified\":\"2025-11-09T14:00:40+00:00\",\"description\":\"Feel the magic of summer in Tinos \u2014 golden beaches, moonlit nights, village festivals, and fresh seaside dining. Discover authentic island life from Panormos Art Villas & Suites.\",\"breadcrumb\":{\"@id\":\"https:\\\/\\\/tinos-rentavilla.com\\\/four-seasons-tinos\\\/summer\\\/#breadcrumb\"},\"inLanguage\":\"fr-FR\",\"potentialAction\":[{\"@type\":\"ReadAction\",\"target\":[\"https:\\\/\\\/tinos-rentavilla.com\\\/four-seasons-tinos\\\/summer\\\/\"]}]},{\"@type\":\"ImageObject\",\"inLanguage\":\"fr-FR\",\"@id\":\"https:\\\/\\\/tinos-rentavilla.com\\\/four-seasons-tinos\\\/summer\\\/#primaryimage\",\"url\":\"https:\\\/\\\/tinos-rentavilla.com\\\/wp-content\\\/uploads\\\/2024\\\/03\\\/summer-livada_0190-scaled-e1733765432706.jpg\",\"contentUrl\":\"https:\\\/\\\/tinos-rentavilla.com\\\/wp-content\\\/uploads\\\/2024\\\/03\\\/summer-livada_0190-scaled-e1733765432706.jpg\",\"width\":2560,\"height\":1463,\"caption\":\"summer livada 0190\"},{\"@type\":\"BreadcrumbList\",\"@id\":\"https:\\\/\\\/tinos-rentavilla.com\\\/four-seasons-tinos\\\/summer\\\/#breadcrumb\",\"itemListElement\":[{\"@type\":\"ListItem\",\"position\":1,\"name\":\"Home\",\"item\":\"https:\\\/\\\/tinos-rentavilla.com\\\/\"},{\"@type\":\"ListItem\",\"position\":2,\"name\":\"Four Seasons Tinos\",\"item\":\"https:\\\/\\\/tinos-rentavilla.com\\\/four-seasons-tinos\\\/\"},{\"@type\":\"ListItem\",\"position\":3,\"name\":\"Summer\"}]},{\"@type\":\"WebSite\",\"@id\":\"https:\\\/\\\/tinos-rentavilla.com\\\/#website\",\"url\":\"https:\\\/\\\/tinos-rentavilla.com\\\/\",\"name\":\"Panormos Art Villa&#039;s &amp; Suites\",\"description\":\"\",\"potentialAction\":[{\"@type\":\"SearchAction\",\"target\":{\"@type\":\"EntryPoint\",\"urlTemplate\":\"https:\\\/\\\/tinos-rentavilla.com\\\/?s={search_term_string}\"},\"query-input\":{\"@type\":\"PropertyValueSpecification\",\"valueRequired\":true,\"valueName\":\"search_term_string\"}}],\"inLanguage\":\"fr-FR\"}]}<\/script>\n<!-- \/ Yoast SEO plugin. -->","yoast_head_json":{"title":"Summer | Panormos Art Villa&#039;s &amp; Suites","description":"Feel the magic of summer in Tinos \u2014 golden beaches, moonlit nights, village festivals, and fresh seaside dining. Discover authentic island life from Panormos Art Villas & Suites.","robots":{"index":"index","follow":"follow","max-snippet":"max-snippet:-1","max-image-preview":"max-image-preview:large","max-video-preview":"max-video-preview:-1"},"canonical":"https:\/\/tinos-rentavilla.com\/fr_fr\/four-seasons-tinos\/summer\/","og_locale":"fr_FR","og_type":"article","og_title":"Summer | Panormos Art Villa&#039;s &amp; Suites","og_description":"Feel the magic of summer in Tinos \u2014 golden beaches, moonlit nights, village festivals, and fresh seaside dining. Discover authentic island life from Panormos Art Villas & Suites.","og_url":"https:\/\/tinos-rentavilla.com\/fr_fr\/four-seasons-tinos\/summer\/","og_site_name":"Panormos Art Villa&#039;s &amp; Suites","article_modified_time":"2025-11-09T14:00:40+00:00","og_image":[{"width":2560,"height":1463,"url":"https:\/\/tinos-rentavilla.com\/wp-content\/uploads\/2024\/03\/summer-livada_0190-scaled-e1733765432706.jpg","type":"image\/jpeg"}],"twitter_card":"summary_large_image","twitter_misc":{"Dur\u00e9e de lecture estim\u00e9e":"2 minutes"},"schema":{"@context":"https:\/\/schema.org","@graph":[{"@type":"WebPage","@id":"https:\/\/tinos-rentavilla.com\/four-seasons-tinos\/summer\/","url":"https:\/\/tinos-rentavilla.com\/four-seasons-tinos\/summer\/","name":"Summer | Panormos Art Villa&#039;s &amp; Suites","isPartOf":{"@id":"https:\/\/tinos-rentavilla.com\/#website"},"primaryImageOfPage":{"@id":"https:\/\/tinos-rentavilla.com\/four-seasons-tinos\/summer\/#primaryimage"},"image":{"@id":"https:\/\/tinos-rentavilla.com\/four-seasons-tinos\/summer\/#primaryimage"},"thumbnailUrl":"https:\/\/tinos-rentavilla.com\/wp-content\/uploads\/2024\/03\/summer-livada_0190-scaled-e1733765432706.jpg","datePublished":"2024-03-23T17:56:15+00:00","dateModified":"2025-11-09T14:00:40+00:00","description":"Feel the magic of summer in Tinos \u2014 golden beaches, moonlit nights, village festivals, and fresh seaside dining. Discover authentic island life from Panormos Art Villas & Suites.","breadcrumb":{"@id":"https:\/\/tinos-rentavilla.com\/four-seasons-tinos\/summer\/#breadcrumb"},"inLanguage":"fr-FR","potentialAction":[{"@type":"ReadAction","target":["https:\/\/tinos-rentavilla.com\/four-seasons-tinos\/summer\/"]}]},{"@type":"ImageObject","inLanguage":"fr-FR","@id":"https:\/\/tinos-rentavilla.com\/four-seasons-tinos\/summer\/#primaryimage","url":"https:\/\/tinos-rentavilla.com\/wp-content\/uploads\/2024\/03\/summer-livada_0190-scaled-e1733765432706.jpg","contentUrl":"https:\/\/tinos-rentavilla.com\/wp-content\/uploads\/2024\/03\/summer-livada_0190-scaled-e1733765432706.jpg","width":2560,"height":1463,"caption":"summer livada 0190"},{"@type":"BreadcrumbList","@id":"https:\/\/tinos-rentavilla.com\/four-seasons-tinos\/summer\/#breadcrumb","itemListElement":[{"@type":"ListItem","position":1,"name":"Home","item":"https:\/\/tinos-rentavilla.com\/"},{"@type":"ListItem","position":2,"name":"Four Seasons Tinos","item":"https:\/\/tinos-rentavilla.com\/four-seasons-tinos\/"},{"@type":"ListItem","position":3,"name":"Summer"}]},{"@type":"WebSite","@id":"https:\/\/tinos-rentavilla.com\/#website","url":"https:\/\/tinos-rentavilla.com\/","name":"Panormos Art Villa&#039;s &amp; Suites","description":"","potentialAction":[{"@type":"SearchAction","target":{"@type":"EntryPoint","urlTemplate":"https:\/\/tinos-rentavilla.com\/?s={search_term_string}"},"query-input":{"@type":"PropertyValueSpecification","valueRequired":true,"valueName":"search_term_string"}}],"inLanguage":"fr-FR"}]}},"_links":{"self":[{"href":"https:\/\/tinos-rentavilla.com\/fr_fr\/wp-json\/wp\/v2\/pages\/17304","targetHints":{"allow":["GET"]}}],"collection":[{"href":"https:\/\/tinos-rentavilla.com\/fr_fr\/wp-json\/wp\/v2\/pages"}],"about":[{"href":"https:\/\/tinos-rentavilla.com\/fr_fr\/wp-json\/wp\/v2\/types\/page"}],"author":[{"embeddable":true,"href":"https:\/\/tinos-rentavilla.com\/fr_fr\/wp-json\/wp\/v2\/users\/1"}],"replies":[{"embeddable":true,"href":"https:\/\/tinos-rentavilla.com\/fr_fr\/wp-json\/wp\/v2\/comments?post=17304"}],"version-history":[{"count":7,"href":"https:\/\/tinos-rentavilla.com\/fr_fr\/wp-json\/wp\/v2\/pages\/17304\/revisions"}],"predecessor-version":[{"id":18434,"href":"https:\/\/tinos-rentavilla.com\/fr_fr\/wp-json\/wp\/v2\/pages\/17304\/revisions\/18434"}],"up":[{"embeddable":true,"href":"https:\/\/tinos-rentavilla.com\/fr_fr\/wp-json\/wp\/v2\/pages\/17"}],"wp:featuredmedia":[{"embeddable":true,"href":"https:\/\/tinos-rentavilla.com\/fr_fr\/wp-json\/wp\/v2\/media\/17308"}],"wp:attachment":[{"href":"https:\/\/tinos-rentavilla.com\/fr_fr\/wp-json\/wp\/v2\/media?parent=17304"}],"curies":[{"name":"wp","href":"https:\/\/api.w.org\/{rel}","templated":true}]}}