{"id":17314,"date":"2024-03-23T20:04:08","date_gmt":"2024-03-23T18:04:08","guid":{"rendered":"https:\/\/tinos-rentavilla.com\/?page_id=17314"},"modified":"2025-11-09T16:01:14","modified_gmt":"2025-11-09T14:01:14","slug":"autumn","status":"publish","type":"page","link":"https:\/\/tinos-rentavilla.com\/fr_fr\/four-seasons-tinos\/autumn\/","title":{"rendered":"Automne"},"content":{"rendered":"<div id=\"cmsmasters_row_e0it6qx3kq\" class=\"cmsmasters_row cmsmasters_color_scheme_default cmsmasters_row_top_default cmsmasters_row_bot_default cmsmasters_row_boxed\">\n<div class=\"cmsmasters_row_outer_parent\">\n<div class=\"cmsmasters_row_outer\">\n<div class=\"cmsmasters_row_inner\">\n<div class=\"cmsmasters_row_margin\">\n<div id=\"cmsmasters_column_5lhyy98iw5\" class=\"cmsmasters_column one_first\">\n<div class=\"cmsmasters_column_inner\"><div class=\"cmsmasters_text\">\n<h2 style=\"text-align: center;\">Ruelles pav\u00e9es, tartes au fenouil aromatiques et d\u00e9lices<\/h2>\n<p style=\"text-align: center;\">C&#039;est la saison o\u00f9 la nature se pr\u00e9pare \u00e0 changer de costume. Il est temps de d\u00e9couvrir l&#039;aspect inconnu de l&#039;\u00eele. Une fois que le rugissement de la foule s&#039;est calm\u00e9, pr\u00e9parez-vous \u00e0 voir les choses qui rendent Tinos unique. Visitez Pyrgos, un mus\u00e9e d&#039;art populaire en plein air. Observez le tissage de paniers \u00e0 Volax. Descendez \u00e0 Kambos, o\u00f9 le mus\u00e9e de Kostas Tsoklis, les fontaines et les cr\u00eates sont \u00e0 voir.<\/p>\n<\/div>\n<\/div><\/div>\n<\/div>\n<\/div>\n<\/div>\n<\/div>\n<\/div>\n<div id=\"cmsmasters_row_scxog92f7\" class=\"cmsmasters_row cmsmasters_color_scheme_default cmsmasters_row_top_default cmsmasters_row_bot_default cmsmasters_row_boxed\">\n<div class=\"cmsmasters_row_outer_parent\">\n<div class=\"cmsmasters_row_outer\">\n<div class=\"cmsmasters_row_inner\">\n<div class=\"cmsmasters_row_margin\">\n<div id=\"cmsmasters_column_d79paf0h4\" class=\"cmsmasters_column one_first\">\n<div class=\"cmsmasters_column_inner\"><\/div><\/div>\n<\/div>\n<\/div>\n<\/div>\n<\/div>\n<\/div>","protected":false},"excerpt":{"rendered":"","protected":false},"author":1,"featured_media":17149,"parent":17,"menu_order":0,"comment_status":"closed","ping_status":"closed","template":"","meta":{"rs_blank_template":"","rs_page_bg_color":"","slide_template_v7":"","footnotes":""},"class_list":["post-17314","page","type-page","status-publish","has-post-thumbnail","hentry"],"yoast_head":"<!-- This site is optimized with the Yoast SEO plugin v27.3 - https:\/\/yoast.com\/product\/yoast-seo-wordpress\/ -->\n<title>Autumn | Panormos Art Villa&#039;s &amp; Suites<\/title>\n<meta name=\"description\" content=\"Discover autumn in Tinos \u2014 peaceful villages, aromatic fennel pies, and cultural gems like Pyrgos and Volax. Enjoy the island\u2019s quiet beauty from Panormos Art Villas &amp; Suites.\" \/>\n<meta name=\"robots\" content=\"index, follow, max-snippet:-1, max-image-preview:large, max-video-preview:-1\" \/>\n<link rel=\"canonical\" href=\"https:\/\/tinos-rentavilla.com\/fr_fr\/four-seasons-tinos\/autumn\/\" \/>\n<meta property=\"og:locale\" content=\"fr_FR\" \/>\n<meta property=\"og:type\" content=\"article\" \/>\n<meta property=\"og:title\" content=\"Autumn | Panormos Art Villa&#039;s &amp; Suites\" \/>\n<meta property=\"og:description\" content=\"Discover autumn in Tinos \u2014 peaceful villages, aromatic fennel pies, and cultural gems like Pyrgos and Volax. Enjoy the island\u2019s quiet beauty from Panormos Art Villas &amp; Suites.\" \/>\n<meta property=\"og:url\" content=\"https:\/\/tinos-rentavilla.com\/fr_fr\/four-seasons-tinos\/autumn\/\" \/>\n<meta property=\"og:site_name\" content=\"Panormos Art Villa&#039;s &amp; Suites\" \/>\n<meta property=\"article:modified_time\" content=\"2025-11-09T14:01:14+00:00\" \/>\n<meta property=\"og:image\" content=\"https:\/\/tinos-rentavilla.com\/wp-content\/uploads\/2024\/02\/autumn-\u0391\u039c\u03a0\u0395\u039b\u03a9\u039d\u0391\u03a3-4-evelyn-foskolos-scaled.jpg\" \/>\n\t<meta property=\"og:image:width\" content=\"2560\" \/>\n\t<meta property=\"og:image:height\" content=\"1703\" \/>\n\t<meta property=\"og:image:type\" content=\"image\/jpeg\" \/>\n<meta name=\"twitter:card\" content=\"summary_large_image\" \/>\n<meta name=\"twitter:label1\" content=\"Dur\u00e9e de lecture estim\u00e9e\" \/>\n\t<meta name=\"twitter:data1\" content=\"1 minute\" \/>\n<script type=\"application\/ld+json\" class=\"yoast-schema-graph\">{\"@context\":\"https:\\\/\\\/schema.org\",\"@graph\":[{\"@type\":\"WebPage\",\"@id\":\"https:\\\/\\\/tinos-rentavilla.com\\\/four-seasons-tinos\\\/autumn\\\/\",\"url\":\"https:\\\/\\\/tinos-rentavilla.com\\\/four-seasons-tinos\\\/autumn\\\/\",\"name\":\"Autumn | Panormos Art Villa&#039;s &amp; Suites\",\"isPartOf\":{\"@id\":\"https:\\\/\\\/tinos-rentavilla.com\\\/#website\"},\"primaryImageOfPage\":{\"@id\":\"https:\\\/\\\/tinos-rentavilla.com\\\/four-seasons-tinos\\\/autumn\\\/#primaryimage\"},\"image\":{\"@id\":\"https:\\\/\\\/tinos-rentavilla.com\\\/four-seasons-tinos\\\/autumn\\\/#primaryimage\"},\"thumbnailUrl\":\"https:\\\/\\\/tinos-rentavilla.com\\\/wp-content\\\/uploads\\\/2024\\\/02\\\/autumn-\u0391\u039c\u03a0\u0395\u039b\u03a9\u039d\u0391\u03a3-4-evelyn-foskolos-scaled.jpg\",\"datePublished\":\"2024-03-23T18:04:08+00:00\",\"dateModified\":\"2025-11-09T14:01:14+00:00\",\"description\":\"Discover autumn in Tinos \u2014 peaceful villages, aromatic fennel pies, and cultural gems like Pyrgos and Volax. Enjoy the island\u2019s quiet beauty from Panormos Art Villas & Suites.\",\"breadcrumb\":{\"@id\":\"https:\\\/\\\/tinos-rentavilla.com\\\/four-seasons-tinos\\\/autumn\\\/#breadcrumb\"},\"inLanguage\":\"fr-FR\",\"potentialAction\":[{\"@type\":\"ReadAction\",\"target\":[\"https:\\\/\\\/tinos-rentavilla.com\\\/four-seasons-tinos\\\/autumn\\\/\"]}]},{\"@type\":\"ImageObject\",\"inLanguage\":\"fr-FR\",\"@id\":\"https:\\\/\\\/tinos-rentavilla.com\\\/four-seasons-tinos\\\/autumn\\\/#primaryimage\",\"url\":\"https:\\\/\\\/tinos-rentavilla.com\\\/wp-content\\\/uploads\\\/2024\\\/02\\\/autumn-\u0391\u039c\u03a0\u0395\u039b\u03a9\u039d\u0391\u03a3-4-evelyn-foskolos-scaled.jpg\",\"contentUrl\":\"https:\\\/\\\/tinos-rentavilla.com\\\/wp-content\\\/uploads\\\/2024\\\/02\\\/autumn-\u0391\u039c\u03a0\u0395\u039b\u03a9\u039d\u0391\u03a3-4-evelyn-foskolos-scaled.jpg\",\"width\":2560,\"height\":1703,\"caption\":\"autumn \u0391\u039c\u03a0\u0395\u039b\u03a9\u039d\u0391\u03a3 (4) evelyn foskolos\"},{\"@type\":\"BreadcrumbList\",\"@id\":\"https:\\\/\\\/tinos-rentavilla.com\\\/four-seasons-tinos\\\/autumn\\\/#breadcrumb\",\"itemListElement\":[{\"@type\":\"ListItem\",\"position\":1,\"name\":\"Home\",\"item\":\"https:\\\/\\\/tinos-rentavilla.com\\\/\"},{\"@type\":\"ListItem\",\"position\":2,\"name\":\"Four Seasons Tinos\",\"item\":\"https:\\\/\\\/tinos-rentavilla.com\\\/four-seasons-tinos\\\/\"},{\"@type\":\"ListItem\",\"position\":3,\"name\":\"Autumn\"}]},{\"@type\":\"WebSite\",\"@id\":\"https:\\\/\\\/tinos-rentavilla.com\\\/#website\",\"url\":\"https:\\\/\\\/tinos-rentavilla.com\\\/\",\"name\":\"Panormos Art Villa&#039;s &amp; Suites\",\"description\":\"\",\"potentialAction\":[{\"@type\":\"SearchAction\",\"target\":{\"@type\":\"EntryPoint\",\"urlTemplate\":\"https:\\\/\\\/tinos-rentavilla.com\\\/?s={search_term_string}\"},\"query-input\":{\"@type\":\"PropertyValueSpecification\",\"valueRequired\":true,\"valueName\":\"search_term_string\"}}],\"inLanguage\":\"fr-FR\"}]}<\/script>\n<!-- \/ Yoast SEO plugin. -->","yoast_head_json":{"title":"Autumn | Panormos Art Villa&#039;s &amp; Suites","description":"Discover autumn in Tinos \u2014 peaceful villages, aromatic fennel pies, and cultural gems like Pyrgos and Volax. Enjoy the island\u2019s quiet beauty from Panormos Art Villas & Suites.","robots":{"index":"index","follow":"follow","max-snippet":"max-snippet:-1","max-image-preview":"max-image-preview:large","max-video-preview":"max-video-preview:-1"},"canonical":"https:\/\/tinos-rentavilla.com\/fr_fr\/four-seasons-tinos\/autumn\/","og_locale":"fr_FR","og_type":"article","og_title":"Autumn | Panormos Art Villa&#039;s &amp; Suites","og_description":"Discover autumn in Tinos \u2014 peaceful villages, aromatic fennel pies, and cultural gems like Pyrgos and Volax. Enjoy the island\u2019s quiet beauty from Panormos Art Villas & Suites.","og_url":"https:\/\/tinos-rentavilla.com\/fr_fr\/four-seasons-tinos\/autumn\/","og_site_name":"Panormos Art Villa&#039;s &amp; Suites","article_modified_time":"2025-11-09T14:01:14+00:00","og_image":[{"width":2560,"height":1703,"url":"https:\/\/tinos-rentavilla.com\/wp-content\/uploads\/2024\/02\/autumn-\u0391\u039c\u03a0\u0395\u039b\u03a9\u039d\u0391\u03a3-4-evelyn-foskolos-scaled.jpg","type":"image\/jpeg"}],"twitter_card":"summary_large_image","twitter_misc":{"Dur\u00e9e de lecture estim\u00e9e":"1 minute"},"schema":{"@context":"https:\/\/schema.org","@graph":[{"@type":"WebPage","@id":"https:\/\/tinos-rentavilla.com\/four-seasons-tinos\/autumn\/","url":"https:\/\/tinos-rentavilla.com\/four-seasons-tinos\/autumn\/","name":"Autumn | Panormos Art Villa&#039;s &amp; Suites","isPartOf":{"@id":"https:\/\/tinos-rentavilla.com\/#website"},"primaryImageOfPage":{"@id":"https:\/\/tinos-rentavilla.com\/four-seasons-tinos\/autumn\/#primaryimage"},"image":{"@id":"https:\/\/tinos-rentavilla.com\/four-seasons-tinos\/autumn\/#primaryimage"},"thumbnailUrl":"https:\/\/tinos-rentavilla.com\/wp-content\/uploads\/2024\/02\/autumn-\u0391\u039c\u03a0\u0395\u039b\u03a9\u039d\u0391\u03a3-4-evelyn-foskolos-scaled.jpg","datePublished":"2024-03-23T18:04:08+00:00","dateModified":"2025-11-09T14:01:14+00:00","description":"Discover autumn in Tinos \u2014 peaceful villages, aromatic fennel pies, and cultural gems like Pyrgos and Volax. Enjoy the island\u2019s quiet beauty from Panormos Art Villas & Suites.","breadcrumb":{"@id":"https:\/\/tinos-rentavilla.com\/four-seasons-tinos\/autumn\/#breadcrumb"},"inLanguage":"fr-FR","potentialAction":[{"@type":"ReadAction","target":["https:\/\/tinos-rentavilla.com\/four-seasons-tinos\/autumn\/"]}]},{"@type":"ImageObject","inLanguage":"fr-FR","@id":"https:\/\/tinos-rentavilla.com\/four-seasons-tinos\/autumn\/#primaryimage","url":"https:\/\/tinos-rentavilla.com\/wp-content\/uploads\/2024\/02\/autumn-\u0391\u039c\u03a0\u0395\u039b\u03a9\u039d\u0391\u03a3-4-evelyn-foskolos-scaled.jpg","contentUrl":"https:\/\/tinos-rentavilla.com\/wp-content\/uploads\/2024\/02\/autumn-\u0391\u039c\u03a0\u0395\u039b\u03a9\u039d\u0391\u03a3-4-evelyn-foskolos-scaled.jpg","width":2560,"height":1703,"caption":"autumn \u0391\u039c\u03a0\u0395\u039b\u03a9\u039d\u0391\u03a3 (4) evelyn foskolos"},{"@type":"BreadcrumbList","@id":"https:\/\/tinos-rentavilla.com\/four-seasons-tinos\/autumn\/#breadcrumb","itemListElement":[{"@type":"ListItem","position":1,"name":"Home","item":"https:\/\/tinos-rentavilla.com\/"},{"@type":"ListItem","position":2,"name":"Four Seasons Tinos","item":"https:\/\/tinos-rentavilla.com\/four-seasons-tinos\/"},{"@type":"ListItem","position":3,"name":"Autumn"}]},{"@type":"WebSite","@id":"https:\/\/tinos-rentavilla.com\/#website","url":"https:\/\/tinos-rentavilla.com\/","name":"Panormos Art Villa&#039;s &amp; Suites","description":"","potentialAction":[{"@type":"SearchAction","target":{"@type":"EntryPoint","urlTemplate":"https:\/\/tinos-rentavilla.com\/?s={search_term_string}"},"query-input":{"@type":"PropertyValueSpecification","valueRequired":true,"valueName":"search_term_string"}}],"inLanguage":"fr-FR"}]}},"_links":{"self":[{"href":"https:\/\/tinos-rentavilla.com\/fr_fr\/wp-json\/wp\/v2\/pages\/17314","targetHints":{"allow":["GET"]}}],"collection":[{"href":"https:\/\/tinos-rentavilla.com\/fr_fr\/wp-json\/wp\/v2\/pages"}],"about":[{"href":"https:\/\/tinos-rentavilla.com\/fr_fr\/wp-json\/wp\/v2\/types\/page"}],"author":[{"embeddable":true,"href":"https:\/\/tinos-rentavilla.com\/fr_fr\/wp-json\/wp\/v2\/users\/1"}],"replies":[{"embeddable":true,"href":"https:\/\/tinos-rentavilla.com\/fr_fr\/wp-json\/wp\/v2\/comments?post=17314"}],"version-history":[{"count":3,"href":"https:\/\/tinos-rentavilla.com\/fr_fr\/wp-json\/wp\/v2\/pages\/17314\/revisions"}],"predecessor-version":[{"id":18196,"href":"https:\/\/tinos-rentavilla.com\/fr_fr\/wp-json\/wp\/v2\/pages\/17314\/revisions\/18196"}],"up":[{"embeddable":true,"href":"https:\/\/tinos-rentavilla.com\/fr_fr\/wp-json\/wp\/v2\/pages\/17"}],"wp:featuredmedia":[{"embeddable":true,"href":"https:\/\/tinos-rentavilla.com\/fr_fr\/wp-json\/wp\/v2\/media\/17149"}],"wp:attachment":[{"href":"https:\/\/tinos-rentavilla.com\/fr_fr\/wp-json\/wp\/v2\/media?parent=17314"}],"curies":[{"name":"wp","href":"https:\/\/api.w.org\/{rel}","templated":true}]}}