{"id":17735,"date":"2024-11-14T00:54:29","date_gmt":"2024-11-13T22:54:29","guid":{"rendered":"https:\/\/tinos-rentavilla.com\/?page_id=17735"},"modified":"2025-09-28T00:49:01","modified_gmt":"2025-09-27T21:49:01","slug":"privacy-policy","status":"publish","type":"page","link":"https:\/\/tinos-rentavilla.com\/fr_fr\/privacy-policy\/","title":{"rendered":"politique de confidentialit\u00e9"},"content":{"rendered":"<br><span>Derni\u00e8re mise \u00e0 jour le 13 novembre 2024<\/span>\n<br><span>Date d&#039;entr\u00e9e en vigueur : 14 novembre 2024<\/span>\n<\/h1>\n\n<p class=\"privacy-policy-p\">\n    Cette politique de confidentialit\u00e9 d\u00e9crit les politiques de Nikolaos Saltamanikas, PANORMOS TINOS, Tinos 84201, Gr\u00e8ce, e-mail : panormosart@gmail.com, t\u00e9l\u00e9phone : 00306940000002 sur la collecte, l&#039;utilisation et la divulgation de vos informations que nous collectons lorsque vous utilisez notre site Web ( https:\/\/tinos-rentavilla.com\/ ). (le \u00ab Service \u00bb). En acc\u00e9dant au Service ou en l&#039;utilisant, vous consentez \u00e0 la collecte, \u00e0 l&#039;utilisation et \u00e0 la divulgation de vos informations conform\u00e9ment \u00e0 la pr\u00e9sente politique de confidentialit\u00e9. Si vous n&#039;y consentez pas, veuillez ne pas acc\u00e9der au Service ni l&#039;utiliser.\n<\/p>\n\n<p class=\"privacy-policy-p\">\n    Nous pouvons modifier cette politique de confidentialit\u00e9 \u00e0 tout moment sans pr\u00e9avis et publierons la politique de confidentialit\u00e9 r\u00e9vis\u00e9e sur le Service. La politique r\u00e9vis\u00e9e entrera en vigueur 180 jours apr\u00e8s sa publication sur le Service et votre acc\u00e8s ou utilisation continue du Service apr\u00e8s ce d\u00e9lai constituera votre acceptation de la politique de confidentialit\u00e9 r\u00e9vis\u00e9e. Nous vous recommandons donc de consulter r\u00e9guli\u00e8rement cette page.\n<\/p>\n\n<ol class=\"privacy-policy-ol\">\n        <li>\n        <h2 class=\"privacy-policy-h2\">\n            Informations que nous collectons :\n        <\/h2>\n\n        \n        <p class=\"privacy-policy-p\">\n            Nous collecterons et traiterons les informations personnelles suivantes vous concernant :\n        <\/p>\n        <ol class=\"privacy-policy-ol\">\n\n                        <li>Nom<\/li>\n            \n                        <li>E-mail<\/li>\n            \n                        <li>Mobile<\/li>\n            \n            \n            \n            \n            \n                        \n                                    \n        <\/ol>\n        \n\n        \n\n    <\/li>\n\n    \n    \n\n        <li>\n        <h2 class=\"privacy-policy-h2\">\n            Comment nous utilisons vos informations :\n        <\/h2>\n        <p class=\"privacy-policy-p\">\n            Nous utiliserons les informations que nous collectons \u00e0 votre sujet aux fins suivantes :\n        <\/p>\n        <ol class=\"privacy-policy-ol\">\n\n            \n            \n            \n                        <li>Recueil de commentaires clients<\/li>\n            \n            \n                        <li>Traitement des paiements<\/li>\n            \n            \n            \n            \n                        <li>G\u00e9rer la commande client<\/li>\n            \n            \n            \n                        <li>R\u00e9solution des litiges<\/li>\n            \n            \n        <\/ol>\n        <p class=\"privacy-policy-p\">\n            Si nous souhaitons utiliser vos informations \u00e0 d&#039;autres fins, nous vous demanderons votre consentement et utiliserons vos informations uniquement apr\u00e8s avoir re\u00e7u votre consentement et uniquement aux fins pour lesquelles vous avez accord\u00e9 votre consentement, \u00e0 moins que nous ne soyons tenus de faire autrement par la loi.\n        <\/p>\n    <\/li>\n    \n    \n    <li>\n        <h2 class=\"privacy-policy-h2\">\n            Comment nous partageons vos informations :\n        <\/h2>\n\n\n                <p class=\"privacy-policy-p\">\n            Nous ne transf\u00e9rerons pas vos informations personnelles \u00e0 des tiers sans demander votre consentement, sauf dans des circonstances limit\u00e9es telles que d\u00e9crites ci-dessous :\n        <\/p>\n        <ol class=\"privacy-policy-ol\">\n            \n            \n            \n            \n                        <li>Analytique<\/li>\n            \n            \n                    <\/ol>\n        \n        <p class=\"privacy-policy-p\">\n            Nous exigeons que ces tiers utilisent les informations personnelles que nous leur transf\u00e9rons uniquement aux fins pour lesquelles elles ont \u00e9t\u00e9 transf\u00e9r\u00e9es et qu&#039;ils ne les conservent pas plus longtemps que n\u00e9cessaire pour atteindre l&#039;objectif susmentionn\u00e9.\n        <\/p>\n        <p class=\"privacy-policy-p\">\n            Nous pouvons \u00e9galement divulguer vos informations personnelles pour les raisons suivantes\u00a0: (1) pour nous conformer \u00e0 la loi, \u00e0 la r\u00e9glementation, \u00e0 une d\u00e9cision de justice ou \u00e0 toute autre proc\u00e9dure judiciaire en vigueur\u00a0; (2) pour faire respecter vos accords avec nous, y compris la pr\u00e9sente politique de confidentialit\u00e9\u00a0; ou (3) pour r\u00e9pondre aux r\u00e9clamations selon lesquelles votre utilisation du Service viole les droits d&#039;un tiers. Si le Service ou notre soci\u00e9t\u00e9 fusionne ou est acquise avec une autre soci\u00e9t\u00e9, vos informations seront l&#039;un des actifs transf\u00e9r\u00e9s au nouveau propri\u00e9taire.\n        <\/p>\n    <\/li>\n    \n\n        <li>\n        <h2 class=\"privacy-policy-h2\">\n            Conservation de vos informations :\n        <\/h2>\n        <p class=\"privacy-policy-p\">\n            Nous conserverons vos informations personnelles pendant 90 jours \u00e0 2 ans apr\u00e8s la r\u00e9siliation du compte de l&#039;utilisateur ou aussi longtemps que n\u00e9cessaire pour atteindre les objectifs pour lesquels elles ont \u00e9t\u00e9 collect\u00e9es, comme indiqu\u00e9 dans la pr\u00e9sente politique de confidentialit\u00e9. Nous pouvons avoir besoin de conserver certaines informations pendant des p\u00e9riodes plus longues, par exemple pour la tenue de registres\/rapports conform\u00e9ment \u00e0 la loi applicable ou pour d&#039;autres raisons l\u00e9gitimes telles que l&#039;application de droits l\u00e9gaux, la pr\u00e9vention de la fraude, etc. Les informations anonymes r\u00e9siduelles et les informations agr\u00e9g\u00e9es, qui ne vous identifient pas (directement ou indirectement), peuvent \u00eatre stock\u00e9es ind\u00e9finiment.\n        <\/p>\n    <\/li>\n    \n    <li>\n        <h2 class=\"privacy-policy-h2\">\n            Vos droits :\n        <\/h2>\n        <p class=\"privacy-policy-p\">\n            Selon la loi applicable, vous pouvez avoir le droit d&#039;acc\u00e9der \u00e0 vos donn\u00e9es personnelles et de les rectifier ou de les effacer, ou de recevoir une copie de vos donn\u00e9es personnelles, de restreindre ou de vous opposer au traitement actif de vos donn\u00e9es, de nous demander de partager (transf\u00e9rer) vos informations personnelles \u00e0 une autre entit\u00e9, de retirer tout consentement que vous nous avez donn\u00e9 pour traiter vos donn\u00e9es, le droit de d\u00e9poser une plainte aupr\u00e8s d&#039;une autorit\u00e9 statutaire et tout autre droit pouvant \u00eatre pertinent en vertu des lois applicables. Pour exercer ces droits, vous pouvez nous \u00e9crire \u00e0 panormosart@gmail.com. Nous r\u00e9pondrons \u00e0 votre demande conform\u00e9ment \u00e0 la loi applicable.\n        <\/p>\n\n        \n        <p class=\"privacy-policy-p\">\n            Veuillez noter que si vous ne nous autorisez pas \u00e0 collecter ou \u00e0 traiter les informations personnelles requises ou si vous retirez votre consentement au traitement de ces informations aux fins requises, vous risquez de ne pas pouvoir acc\u00e9der ou utiliser les services pour lesquels vos informations ont \u00e9t\u00e9 demand\u00e9es.\n        <\/p>\n    <\/li>\n        <li>\n        <h2 class=\"privacy-policy-h2\">\n            Biscuits etc.\n        <\/h2>\n        <p class=\"privacy-policy-p\">\n\n            \n            Pour en savoir plus sur la mani\u00e8re dont nous les utilisons et sur vos choix concernant ces technologies de suivi, veuillez consulter notre\n            <a href=\"https:\/\/tinos-rentavilla.com\/fr_fr\/\">Politique relative aux cookies.<\/a>\n        <\/p>\n    <\/li>\n    \n    <li>\n        <h2 class=\"privacy-policy-h2\">\n            S\u00e9curit\u00e9:\n        <\/h2>\n        <p class=\"privacy-policy-p\">\n            La s\u00e9curit\u00e9 de vos informations est importante pour nous et nous utiliserons des mesures de s\u00e9curit\u00e9 raisonnables pour emp\u00eacher la perte, l&#039;utilisation abusive ou la modification non autoris\u00e9e de vos informations sous notre contr\u00f4le. Cependant, compte tenu des risques inh\u00e9rents, nous ne pouvons pas garantir une s\u00e9curit\u00e9 absolue et, par cons\u00e9quent, nous ne pouvons pas assurer ou garantir la s\u00e9curit\u00e9 des informations que vous nous transmettez et vous le faites \u00e0 vos propres risques.\n        <\/p>\n    <\/li>\n\n        <li>\n        <h2 class=\"privacy-policy-h2\">\n            Liens tiers et utilisation de vos informations :\n        <\/h2>\n        <p class=\"privacy-policy-p\">\n            Notre Service peut contenir des liens vers d&#039;autres sites Web qui ne sont pas exploit\u00e9s par nous. La pr\u00e9sente Politique de confidentialit\u00e9 ne traite pas de la politique de confidentialit\u00e9 et des autres pratiques de tiers, y compris de tout tiers exploitant un site Web ou un service pouvant \u00eatre accessible via un lien sur le Service. Nous vous conseillons vivement de consulter la politique de confidentialit\u00e9 de chaque site que vous visitez. Nous n&#039;avons aucun contr\u00f4le sur le contenu, les politiques de confidentialit\u00e9 ou les pratiques de tout site ou service tiers et n&#039;assumons aucune responsabilit\u00e9 \u00e0 leur \u00e9gard.\n        <\/p>\n    <\/li>\n    \n    <li>\n        <h2 class=\"privacy-policy-h2\">\n            D\u00e9l\u00e9gu\u00e9 aux r\u00e9clamations \/ \u00e0 la protection des donn\u00e9es :\n        <\/h2>\n        <p class=\"privacy-policy-p\">\n            Si vous avez des questions ou des inqui\u00e9tudes concernant le traitement de vos informations dont nous disposons, vous pouvez envoyer un e-mail \u00e0 notre responsable des r\u00e9clamations \u00e0 Nikolaos Saltamanikas, PANORMOS TINOS, e-mail : panormosart@gmail.com. Nous r\u00e9pondrons \u00e0 vos pr\u00e9occupations conform\u00e9ment \u00e0 la loi applicable.\n        <\/p>\n    <\/li>\n<\/ol>\n<p class=\"privacy-policy-p\">\n    Politique de confidentialit\u00e9 g\u00e9n\u00e9r\u00e9e avec  <a target=\"_blank\" href=\"https:\/\/www.cookieyes.com\/?utm_source=PP&#038;utm_medium=footer&#038;utm_campaign=UW\">CookieOui<\/a>.\n<\/p>","protected":false},"excerpt":{"rendered":"<p>Last Updated On 13-Nov-2024 Effective Date 14-Nov-2024 This Privacy Policy describes the policies of Nikolaos Saltamanikas, PANORMOS TINOS, Tinos 84201, Greece, email: panormosart@gmail.com, phone: 00306940000002 on the collection, use and disclosure of your information that we collect when you use our website ( https:\/\/tinos-rentavilla.com\/ ). (the \u201cService\u201d). By accessing or using the Service, you are\u2026<\/p>","protected":false},"author":1,"featured_media":0,"parent":0,"menu_order":0,"comment_status":"closed","ping_status":"closed","template":"","meta":{"rs_blank_template":"","rs_page_bg_color":"","slide_template_v7":"","footnotes":""},"class_list":["post-17735","page","type-page","status-publish","hentry"],"yoast_head":"<!-- This site is optimized with the Yoast SEO plugin v27.3 - https:\/\/yoast.com\/product\/yoast-seo-wordpress\/ -->\n<title>Privacy Policy | Panormos Art Villa&#039;s &amp; Suites<\/title>\n<meta name=\"robots\" content=\"index, follow, max-snippet:-1, max-image-preview:large, max-video-preview:-1\" \/>\n<link rel=\"canonical\" href=\"https:\/\/tinos-rentavilla.com\/fr_fr\/privacy-policy\/\" \/>\n<meta property=\"og:locale\" content=\"fr_FR\" \/>\n<meta property=\"og:type\" content=\"article\" \/>\n<meta property=\"og:title\" content=\"Privacy Policy | Panormos Art Villa&#039;s &amp; Suites\" \/>\n<meta property=\"og:description\" content=\"Last Updated On 13-Nov-2024 Effective Date 14-Nov-2024 This Privacy Policy describes the policies of Nikolaos Saltamanikas, PANORMOS TINOS, Tinos 84201, Greece, email: panormosart@gmail.com, phone: 00306940000002 on the collection, use and disclosure of your information that we collect when you use our website ( https:\/\/tinos-rentavilla.com\/ ). (the \u201cService\u201d). By accessing or using the Service, you are\u2026\" \/>\n<meta property=\"og:url\" content=\"https:\/\/tinos-rentavilla.com\/fr_fr\/privacy-policy\/\" \/>\n<meta property=\"og:site_name\" content=\"Panormos Art Villa&#039;s &amp; Suites\" \/>\n<meta property=\"article:modified_time\" content=\"2025-09-27T21:49:01+00:00\" \/>\n<meta name=\"twitter:card\" content=\"summary_large_image\" \/>\n<meta name=\"twitter:label1\" content=\"Dur\u00e9e de lecture estim\u00e9e\" \/>\n\t<meta name=\"twitter:data1\" content=\"4 minutes\" \/>\n<script type=\"application\/ld+json\" class=\"yoast-schema-graph\">{\"@context\":\"https:\\\/\\\/schema.org\",\"@graph\":[{\"@type\":\"WebPage\",\"@id\":\"https:\\\/\\\/tinos-rentavilla.com\\\/privacy-policy\\\/\",\"url\":\"https:\\\/\\\/tinos-rentavilla.com\\\/privacy-policy\\\/\",\"name\":\"Privacy Policy | Panormos Art Villa&#039;s &amp; Suites\",\"isPartOf\":{\"@id\":\"https:\\\/\\\/tinos-rentavilla.com\\\/#website\"},\"datePublished\":\"2024-11-13T22:54:29+00:00\",\"dateModified\":\"2025-09-27T21:49:01+00:00\",\"breadcrumb\":{\"@id\":\"https:\\\/\\\/tinos-rentavilla.com\\\/privacy-policy\\\/#breadcrumb\"},\"inLanguage\":\"fr-FR\",\"potentialAction\":[{\"@type\":\"ReadAction\",\"target\":[\"https:\\\/\\\/tinos-rentavilla.com\\\/privacy-policy\\\/\"]}]},{\"@type\":\"BreadcrumbList\",\"@id\":\"https:\\\/\\\/tinos-rentavilla.com\\\/privacy-policy\\\/#breadcrumb\",\"itemListElement\":[{\"@type\":\"ListItem\",\"position\":1,\"name\":\"Home\",\"item\":\"https:\\\/\\\/tinos-rentavilla.com\\\/\"},{\"@type\":\"ListItem\",\"position\":2,\"name\":\"Privacy Policy\"}]},{\"@type\":\"WebSite\",\"@id\":\"https:\\\/\\\/tinos-rentavilla.com\\\/#website\",\"url\":\"https:\\\/\\\/tinos-rentavilla.com\\\/\",\"name\":\"Panormos Art Villa&#039;s &amp; Suites\",\"description\":\"\",\"potentialAction\":[{\"@type\":\"SearchAction\",\"target\":{\"@type\":\"EntryPoint\",\"urlTemplate\":\"https:\\\/\\\/tinos-rentavilla.com\\\/?s={search_term_string}\"},\"query-input\":{\"@type\":\"PropertyValueSpecification\",\"valueRequired\":true,\"valueName\":\"search_term_string\"}}],\"inLanguage\":\"fr-FR\"}]}<\/script>\n<!-- \/ Yoast SEO plugin. -->","yoast_head_json":{"title":"Privacy Policy | Panormos Art Villa&#039;s &amp; Suites","robots":{"index":"index","follow":"follow","max-snippet":"max-snippet:-1","max-image-preview":"max-image-preview:large","max-video-preview":"max-video-preview:-1"},"canonical":"https:\/\/tinos-rentavilla.com\/fr_fr\/privacy-policy\/","og_locale":"fr_FR","og_type":"article","og_title":"Privacy Policy | Panormos Art Villa&#039;s &amp; Suites","og_description":"Last Updated On 13-Nov-2024 Effective Date 14-Nov-2024 This Privacy Policy describes the policies of Nikolaos Saltamanikas, PANORMOS TINOS, Tinos 84201, Greece, email: panormosart@gmail.com, phone: 00306940000002 on the collection, use and disclosure of your information that we collect when you use our website ( https:\/\/tinos-rentavilla.com\/ ). (the \u201cService\u201d). By accessing or using the Service, you are\u2026","og_url":"https:\/\/tinos-rentavilla.com\/fr_fr\/privacy-policy\/","og_site_name":"Panormos Art Villa&#039;s &amp; Suites","article_modified_time":"2025-09-27T21:49:01+00:00","twitter_card":"summary_large_image","twitter_misc":{"Dur\u00e9e de lecture estim\u00e9e":"4 minutes"},"schema":{"@context":"https:\/\/schema.org","@graph":[{"@type":"WebPage","@id":"https:\/\/tinos-rentavilla.com\/privacy-policy\/","url":"https:\/\/tinos-rentavilla.com\/privacy-policy\/","name":"Privacy Policy | Panormos Art Villa&#039;s &amp; Suites","isPartOf":{"@id":"https:\/\/tinos-rentavilla.com\/#website"},"datePublished":"2024-11-13T22:54:29+00:00","dateModified":"2025-09-27T21:49:01+00:00","breadcrumb":{"@id":"https:\/\/tinos-rentavilla.com\/privacy-policy\/#breadcrumb"},"inLanguage":"fr-FR","potentialAction":[{"@type":"ReadAction","target":["https:\/\/tinos-rentavilla.com\/privacy-policy\/"]}]},{"@type":"BreadcrumbList","@id":"https:\/\/tinos-rentavilla.com\/privacy-policy\/#breadcrumb","itemListElement":[{"@type":"ListItem","position":1,"name":"Home","item":"https:\/\/tinos-rentavilla.com\/"},{"@type":"ListItem","position":2,"name":"Privacy Policy"}]},{"@type":"WebSite","@id":"https:\/\/tinos-rentavilla.com\/#website","url":"https:\/\/tinos-rentavilla.com\/","name":"Panormos Art Villa&#039;s &amp; Suites","description":"","potentialAction":[{"@type":"SearchAction","target":{"@type":"EntryPoint","urlTemplate":"https:\/\/tinos-rentavilla.com\/?s={search_term_string}"},"query-input":{"@type":"PropertyValueSpecification","valueRequired":true,"valueName":"search_term_string"}}],"inLanguage":"fr-FR"}]}},"_links":{"self":[{"href":"https:\/\/tinos-rentavilla.com\/fr_fr\/wp-json\/wp\/v2\/pages\/17735","targetHints":{"allow":["GET"]}}],"collection":[{"href":"https:\/\/tinos-rentavilla.com\/fr_fr\/wp-json\/wp\/v2\/pages"}],"about":[{"href":"https:\/\/tinos-rentavilla.com\/fr_fr\/wp-json\/wp\/v2\/types\/page"}],"author":[{"embeddable":true,"href":"https:\/\/tinos-rentavilla.com\/fr_fr\/wp-json\/wp\/v2\/users\/1"}],"replies":[{"embeddable":true,"href":"https:\/\/tinos-rentavilla.com\/fr_fr\/wp-json\/wp\/v2\/comments?post=17735"}],"version-history":[{"count":1,"href":"https:\/\/tinos-rentavilla.com\/fr_fr\/wp-json\/wp\/v2\/pages\/17735\/revisions"}],"predecessor-version":[{"id":17736,"href":"https:\/\/tinos-rentavilla.com\/fr_fr\/wp-json\/wp\/v2\/pages\/17735\/revisions\/17736"}],"wp:attachment":[{"href":"https:\/\/tinos-rentavilla.com\/fr_fr\/wp-json\/wp\/v2\/media?parent=17735"}],"curies":[{"name":"wp","href":"https:\/\/api.w.org\/{rel}","templated":true}]}}