{"id":17908,"date":"2025-01-14T20:50:19","date_gmt":"2025-01-14T18:50:19","guid":{"rendered":"https:\/\/tinos-rentavilla.com\/?page_id=17908"},"modified":"2025-09-28T00:49:01","modified_gmt":"2025-09-27T21:49:01","slug":"panormos-art-villa-suites-rental-policies","status":"publish","type":"page","link":"https:\/\/tinos-rentavilla.com\/fr_fr\/panormos-art-villa-suites-rental-policies\/","title":{"rendered":"Politiques de location de Panormos Art Villa et Suites"},"content":{"rendered":"<ul class=\"wp-block-list\">\n<li><strong>Dur\u00e9e minimale du s\u00e9jour<\/strong><br>Un s\u00e9jour minimum de 2 nuits est requis pour la basse saison et de 3 nuits pour la moyenne saison, de 4 nuits pour la haute saison et d&#039;une semaine (5 nuits \/ 6 jours - semaine) pour la haute saison.<\/li>\n\n\n\n<li><strong>Politique de d\u00e9p\u00f4t :<\/strong><br>Pour la basse, moyenne et haute saison, un acompte de 50% du co\u00fbt total de la r\u00e9servation est requis lors de la confirmation, non remboursable et le solde restant doit \u00eatre r\u00e9gl\u00e9 jusqu&#039;\u00e0 1 mois avant l&#039;arriv\u00e9e.<\/li>\n\n\n\n<li>Pour la haute saison, un acompte de 50% du co\u00fbt total de la r\u00e9servation est requis lors de la confirmation, non remboursable et le solde restant doit \u00eatre r\u00e9gl\u00e9 jusqu&#039;\u00e0 50 jours avant l&#039;arriv\u00e9e.<\/li>\n\n\n\n<li><strong>Politique d&#039;annulation :<\/strong><br>Pour la Basse, Moyenne et Haute Saison : en cas d&#039;annulation de la r\u00e9servation moins de 40 jours avant l&#039;arriv\u00e9e, le montant restant de la r\u00e9servation sera factur\u00e9 \u00e0 titre de frais d&#039;annulation.<\/li>\n\n\n\n<li>Pour la haute saison : si la r\u00e9servation est annul\u00e9e moins de 50 mois avant l&#039;arriv\u00e9e, le co\u00fbt restant de la r\u00e9servation sera factur\u00e9 \u00e0 titre de frais d&#039;annulation.<\/li>\n\n\n\n<li><strong>Politique de non-pr\u00e9sentation :<\/strong><br>100% de la r\u00e9servation seront factur\u00e9s \u00e0 titre de p\u00e9nalit\u00e9.<\/li>\n\n\n\n<li><strong>Politique de d\u00e9part anticip\u00e9 :<\/strong><br>100% du co\u00fbt de la r\u00e9servation restant seront factur\u00e9s \u00e0 titre de p\u00e9nalit\u00e9.<\/li>\n<\/ul>\n\n\n\n<p>PAIEMENTS<\/p>\n\n\n\n<p>1. Aucune carte de cr\u00e9dit ni ch\u00e8que personnel \u00e0 l&#039;arriv\u00e9e ne sont accept\u00e9s.<br>2. Tous les paiements par traites bancaires internationales sur les comptes d&#039;entreprise de la soci\u00e9t\u00e9 ou sur le compte des propri\u00e9taires fournis<br>3. Le paiement est effectu\u00e9 en EURO. Tous les montants doivent \u00eatre re\u00e7us NET de frais bancaires, veuillez demander \u00e0 votre banque de le faire<br>4. Les d\u00e9penses au-del\u00e0 des transferts de fonds de l&#039;UE ou des devises \u00e9trang\u00e8res seront soumises \u00e0 partir du d\u00e9p\u00f4t de garantie<br>5. La preuve de paiement est le jour o\u00f9 le virement est d\u00e9pos\u00e9 sur nos comptes bancaires et NON le jour o\u00f9 les fonds sont transf\u00e9r\u00e9s depuis les comptes bancaires des clients.<br>6.Panormos Art Villas &amp; Suites n&#039;est en aucun cas responsable de l&#039;annulation ou de la perte de r\u00e9servations en raison de proc\u00e9dures de paiement erron\u00e9es ou de retards du syst\u00e8me bancaire international<br>7. Une facture\/un re\u00e7u officiel sera \u00e9mis avec le dernier paiement<\/p>\n\n\n\n<ul class=\"wp-block-list\">\n<li>Caution:<br>Au d\u00e9but de votre s\u00e9jour, vous devrez verser une caution pour garantir l&#039;utilisation et l&#039;entretien corrects du mobilier, des \u00e9quipements et des conditions d&#039;utilisation et de d\u00e9part. Le montant sera retenu sur votre carte de cr\u00e9dit le jour de votre arriv\u00e9e, mais ne sera pas d\u00e9bit\u00e9 de votre compte sauf en cas de r\u00e9clamation pour dommages. Le formulaire de caution vous sera restitu\u00e9 une semaine apr\u00e8s la fin de votre s\u00e9jour \u00e0 condition qu&#039;un \u00e9tat des lieux ait d\u00e9montr\u00e9 que le logement n&#039;a pas \u00e9t\u00e9 endommag\u00e9 et que toutes les conditions d&#039;utilisation aient \u00e9t\u00e9 respect\u00e9es. Les caract\u00e9ristiques individuelles de la villa peuvent impliquer des conditions sp\u00e9cifiques concernant la caution, qui seront d\u00e9finies dans les conditions particuli\u00e8res du logement.<br>Les conditions ci-dessus s&#039;appliquent uniquement aux r\u00e9servations standard. Si vous louez une propri\u00e9t\u00e9 pour organiser une r\u00e9ception, en plus des frais de location de salle, nous exigerons \u00e9galement un d\u00e9p\u00f4t de garantie suppl\u00e9mentaire.<\/li>\n<\/ul>\n\n\n\n<p><strong>Villas et Suites \u00c9tat :<br><\/strong>Les locataires doivent s&#039;assurer que la propri\u00e9t\u00e9 est restitu\u00e9e dans un \u00e9tat pr\u00e9sentable et rang\u00e9, en vidant le r\u00e9frig\u00e9rateur, le cong\u00e9lateur et en \u00e9liminant les d\u00e9chets. Ceci est obligatoire m\u00eame si le locataire a pay\u00e9 un nettoyage final ou si un tel nettoyage est d\u00e9j\u00e0 inclus dans le loyer. Panormos Art Villas &amp; Suites se r\u00e9serve le droit de r\u00e9clamer les frais de nettoyage suppl\u00e9mentaires si les locataires ne laissent pas la propri\u00e9t\u00e9 dans l&#039;\u00e9tat mentionn\u00e9 ci-dessus.<\/p>\n\n\n\n<p><strong>Politique sur le tabagisme :<br><\/strong>Pour le confort et la s\u00e9curit\u00e9 de nos h\u00f4tes, il est interdit de fumer dans toute la maison. Si les h\u00f4tes sont surpris \u00e0 fumer \u00e0 l&#039;int\u00e9rieur de la villa et des suites, la totalit\u00e9 de la caution sera confisqu\u00e9e pour couvrir les frais de nettoyage du syst\u00e8me de climatisation et de fumigation des meubles, etc.<br>Nous nous r\u00e9servons le droit de poursuivre le client principal pour tous frais suppl\u00e9mentaires r\u00e9sultant de la n\u00e9cessit\u00e9 de reloger les futurs clients pendant que la villa est nettoy\u00e9e et fumig\u00e9e.<\/p>\n\n\n\n<p><strong>Bruit et f\u00eates :<br><\/strong>Les clients ne sont pas autoris\u00e9s \u00e0 organiser des f\u00eates dans la maison et\/ou autour de la propri\u00e9t\u00e9. Les clients ne sont pas autoris\u00e9s \u00e0 \u00e9couter de la musique forte pendant leur s\u00e9jour, en dehors des plages horaires autoris\u00e9es, telles que d\u00e9termin\u00e9es par les autorit\u00e9s locales.<br>Dans le cas o\u00f9 les clients perturbent l&#039;ordre public par du bruit et ne se calment pas apr\u00e8s l&#039;avertissement, cela peut \u00eatre consid\u00e9r\u00e9 comme une violation grave des dispositions du contrat de location, auquel cas Panormos Art Villas and Suites est autoris\u00e9 \u00e0 r\u00e9silier le contrat de location qui entre en vigueur imm\u00e9diatement, sans aucun pr\u00e9avis, et le client est oblig\u00e9 de quitter d\u00e9finitivement la villa avec toutes les personnes qui y s\u00e9journent dans un d\u00e9lai de 2 (deux) heures, et n&#039;a pas non plus le droit d&#039;exiger un remboursement du prix de location de l&#039;h\u00e9bergement pay\u00e9, aupr\u00e8s de Panormos Art Villas &amp; Suites.<\/p>\n\n\n\n<p><strong>AVIS JURIDIQUE : :<br><\/strong>Panormos Art Villas &amp; Suites n&#039;accepte aucune responsabilit\u00e9 pour les blessures corporelles, les d\u00e9c\u00e8s, les pertes ou les dommages aux effets personnels, subis par ou survenus \u00e0 l&#039;un de nos clients, quelle qu&#039;en soit la cause, pendant leur s\u00e9jour.<br>Panormos Art Villas &amp; Suites n&#039;accepte aucune responsabilit\u00e9 ou annulation de la r\u00e9servation, en raison d&#039;une guerre, d&#039;une menace de guerre, d&#039;une \u00e9meute ou d&#039;une gr\u00e8ve civile, d&#039;une activit\u00e9 terroriste (menac\u00e9e ou r\u00e9elle), d&#039;une catastrophe naturelle, d&#039;un incendie, d&#039;une maladie, des conditions m\u00e9t\u00e9orologiques, d&#039;une action dans un a\u00e9roport ou un port par tout gouvernement ou autorit\u00e9 publique, des probl\u00e8mes techniques li\u00e9s aux transports et aux r\u00e9glementations a\u00e9roportuaires caus\u00e9s par des pannes techniques, m\u00e9caniques ou \u00e9lectriques ou avec l&#039;h\u00e9bergement du client ou d&#039;autres circonstances constituant un \u00ab cas de force majeure \u00bb ou des cas de force majeure ou d&#039;autres \u00e9v\u00e9nements similaires.<\/p>\n\n\n\n<p><strong>V. ANIMAUX DOMESTIQUES<br><br><\/strong>De nombreuses propri\u00e9t\u00e9s accueillent les animaux de compagnie (chiens, chats, l&#039;un ou l&#039;autre).<br><br>LE CONSENTEMENT PR\u00c9ALABLE DU PROPRI\u00c9TAIRE EST ABSOLUMENT N\u00c9CESSAIRE POUR QUE VOUS AMENIEZ VOTRE ANIMAL DE COMPAGNIE AVEC VOUS, QUE LES VILLAS OU LES SUITES INDIQUENT \u00ab ANIMAUX DE COMPAGNIE ACCEPT\u00c9S \u00bb OU NON !<br><br>Si, sans accord pr\u00e9alable, un animal est trouv\u00e9 sur les lieux (ou plus que convenu), le propri\u00e9taire a le droit de refuser la location, d&#039;annuler imm\u00e9diatement le contrat et de retenir le paiement.<\/p>\n\n\n\n<ul class=\"wp-block-list\">\n<li>les animaux domestiques ne sont strictement PAS autoris\u00e9s \u00e0 dormir\/grimper sur les tables, les canap\u00e9s, les chaises, les lits ou les transats, ils mangent, dorment et vivent sur le sol<\/li>\n\n\n\n<li>les animaux domestiques ne sont pas autoris\u00e9s \u00e0 errer dans d&#039;autres villas\/propri\u00e9t\u00e9s voisines, ils doivent rester avec leurs propri\u00e9taires \u00e0 tout moment<\/li>\n\n\n\n<li>les animaux domestiques doivent \u00eatre confin\u00e9s avec vous lorsque la maison est nettoy\u00e9e ou retir\u00e9s de la maison lorsque le nettoyeur est pr\u00e9sent<\/li>\n\n\n\n<li>les animaux domestiques ne sont pas autoris\u00e9s \u00e0 jeter des d\u00e9tritus sur les balcons et les terrasses, ramassez apr\u00e8s eux<\/li>\n\n\n\n<li>les chiens ne sont pas autoris\u00e9s \u00e0 hurler ou \u00e0 aboyer la nuit et \u00e0 d\u00e9ranger les voisins<\/li>\n\n\n\n<li>La loi grecque impose que les chiens soient tenus en laisse sur les plages libres et qu&#039;ils n&#039;aient pas acc\u00e8s aux plages publiques<br><br>Le non-respect de l&#039;une de ces r\u00e8gles peut entra\u00eener la confiscation de votre d\u00e9p\u00f4t de garantie et \u00e9ventuellement la suspension de votre bail et de vos vacances \u00e0 la villa ou \u00e0 la suite.<br><br>Les villas et suites qui acceptent les animaux de compagnie peuvent<br><br>\u2022 demander une augmentation du d\u00e9p\u00f4t de garantie<br>\u2022 demander des frais de garde d&#039;animaux<\/li>\n<\/ul>\n\n\n\n<p>La location des r\u00e9sidences est destin\u00e9e uniquement \u00e0 l&#039;h\u00e9bergement r\u00e9sidentiel des invit\u00e9s convenus pour la p\u00e9riode de temps d\u00e9termin\u00e9e et \u00e0 aucune autre utilisation, sauf accord contraire pr\u00e9alable.<br>Le non-respect de la clause ** ou de l&#039;une des conditions suivantes donne \u00e0 la Soci\u00e9t\u00e9 le droit de r\u00e9silier imm\u00e9diatement le contrat de location, la confiscation de la totalit\u00e9 du montant du s\u00e9jour, \u00e0 l&#039;exclusion du montant du d\u00e9p\u00f4t de garantie si aucun dommage n&#039;est pr\u00e9sent, l&#039;\u00e9vacuation forc\u00e9e de la propri\u00e9t\u00e9 et les contacts personnels des occupants<br>Les propri\u00e9taires ou les agents qui les repr\u00e9sentent se r\u00e9servent le droit d&#039;entrer dans la propri\u00e9t\u00e9 pour inspection \u00e0 tout moment avec un avertissement\/pr\u00e9avis raisonnable au locataire.<br>Le prix de location comprend le nettoyage de toutes les propri\u00e9t\u00e9s, le changement du linge de maison et des serviettes comme suit, ou comme convenu\/indiqu\u00e9 autrement.<br>Les t\u00e2ches de la femme de m\u00e9nage consistent \u00e0 nettoyer la maison et \u00e0 changer le linge, mais pas \u00e0 faire la lessive, le repassage ou la cuisine des invit\u00e9s. Cela peut \u00eatre organis\u00e9 localement sur une base ad hoc moyennant des frais suppl\u00e9mentaires<br>En raison de p\u00e9nuries d&#039;eau dans la plupart des \u00eeles et dans un souci d&#039;\u00e9conomie d&#039;eau, dans le cours normal des activit\u00e9s, les serviettes seront chang\u00e9es deux fois par semaine et les draps une seule fois. Un changement de linge plus fr\u00e9quent peut \u00eatre possible (selon l&#039;\u00e9tablissement) moyennant un suppl\u00e9ment convenu \u00e0 l&#039;avance.<\/p>\n\n\n\n<p><strong>TERME**<\/strong><\/p>\n\n\n\n<p>En AUCUNE circonstance, les invit\u00e9s ne peuvent h\u00e9berger des personnes suppl\u00e9mentaires sans le consentement pr\u00e9alable des propri\u00e9taires, y compris, mais sans s&#039;y limiter, les invit\u00e9s qui passent la nuit, les d\u00e9jeuners avec des invit\u00e9s ext\u00e9rieurs, les f\u00eates, les r\u00e9ceptions, les barbecues ou autres \u00e9v\u00e9nements sociaux d&#039;un jour\/nuit pour tout autre nombre de personnes que celles convenues OU prolonger leur s\u00e9jour sans approbation pr\u00e9alable en temps opportun<\/p>\n\n\n\n<p>Le prix de location n&#039;inclut PAS les transferts (personne ou bagages) vers ou depuis la propri\u00e9t\u00e9, les p\u00e9ages, l&#039;essence, la location de voiture ou le billet de ferry aller-retour vers une \u00eele.<\/p>\n\n\n\n<p>Le prix de location n&#039;inclut aucun autre moyen de transport ou transfert (port, a\u00e9roport, trajets en taxi, autres)<br>La journ\u00e9e de location se termine \u00e0 11h00.<br>Les clients s\u00e9journant apr\u00e8s 11h00 seront factur\u00e9s 1\/2 journ\u00e9e de location selon le prix catalogue actuel de la propri\u00e9t\u00e9 et non le prix pay\u00e9\/r\u00e9duit.<br>Les clients s\u00e9journant apr\u00e8s 17h00 seront factur\u00e9s une journ\u00e9e compl\u00e8te selon les m\u00eames conditions.<\/p>\n\n\n\n<p>Si vous \u00eates allergique aux abeilles ou aux gu\u00eapes courantes en Gr\u00e8ce pendant l&#039;\u00e9t\u00e9, veuillez nous en informer et apporter des antidotes.<\/p>\n\n\n\n<p>Panormos Art Villas and Suites se r\u00e9serve le droit de mettre fin imm\u00e9diatement au contrat de location et de choisir de rembourser ou non, dans le cas o\u00f9 la direction immobili\u00e8re dispose de preuves ou re\u00e7oit des plaintes pour violation de la loi grecque.<br>Panormos Art Villas and Suites se r\u00e9serve le droit de mettre fin imm\u00e9diatement au contrat de location et de choisir de rembourser ou non, dans le cas o\u00f9 ils estiment que l&#039;int\u00e9grit\u00e9 de la propri\u00e9t\u00e9 est en danger en raison d&#039;une n\u00e9gligence, d&#039;une mauvaise utilisation ou d&#039;un abus.<br>Panormos Art Villas and Suite se r\u00e9serve le droit d&#039;annuler et de rembourser int\u00e9gralement toute r\u00e9servation en raison de conditions m\u00e9t\u00e9orologiques impr\u00e9vues, de cas de force majeure, de dommages mat\u00e9riels ou d&#039;autres formes d&#039;indisponibilit\u00e9 forc\u00e9e de biens et\/ou de d\u00e9placer\/changer d&#039;autres h\u00e9bergements pour les clients - si disponibles - dans la r\u00e9gion, avec le consentement pr\u00e9alable des clients.<br>En cas d&#039;annulation due \u00e0 des facteurs externes (cas de force majeure), Panormos Art Villas and Suites ou les propri\u00e9taires ne seront en aucun cas responsables des dommages cons\u00e9cutifs \u00e0 une telle annulation (perte de billet, frais suppl\u00e9mentaires, etc.) et aucune r\u00e9clamation de ce type ne sera honor\u00e9e.<\/p>\n\n\n\n<p>Il est interdit de modifier l&#039;agencement ou la d\u00e9coration des maisons (y compris l&#039;emplacement des meubles) sans le consentement pr\u00e9alable des propri\u00e9taires de Panormos Art Villas &amp; Suites. Le mobilier int\u00e9rieur reste \u00e0 l&#039;int\u00e9rieur et le mobilier ext\u00e9rieur \u00e0 l&#039;ext\u00e9rieur ! Le r\u00e9am\u00e9nagement des maisons ou des suites peut entra\u00eener l&#039;annulation de la r\u00e9servation et la perte (\u03ba\u03b1\u03c4\u03ac\u03c3\u03c7\u03b5\u03c3\u03b7) de la totalit\u00e9 du s\u00e9jour et du montant de la caution.<\/p>\n\n\n\n<p>Le(s) locataire(s) est\/sont responsable(s) de tout dommage ou de l&#039;enl\u00e8vement\/destruction d&#039;objets sur et autour des propri\u00e9t\u00e9s, y compris, mais sans s&#039;y limiter, les plantes, les structures ext\u00e9rieures, etc. Les clients sont tenus de respecter les villas et les suites et leur contenu. Les articles des villas et des suites, y compris, mais sans s&#039;y limiter, le linge et\/ou les objets d\u00e9coratifs restent avec les villas et les suites !<br>Selon la politique de chaque maison ou suite, les animaux domestiques ne sont autoris\u00e9s qu&#039;avec le consentement pr\u00e9alable et l&#039;approbation des propri\u00e9taires de Panormos Art Villas &amp; Suites. Les propri\u00e9taires de Panormos Art Villas &amp; Suites se r\u00e9servent le droit d&#039;annuler le contrat de location si un animal domestique est trouv\u00e9 sur les lieux sans consentement pr\u00e9alable. Veuillez consulter le chapitre suivant V. ANIMAUX DOMESTIQUES<\/p>\n\n\n\n<p><strong>L&#039;envoi d&#039;un acompte de r\u00e9servation v\u00e9rifie automatiquement l&#039;acceptation par le locataire des pr\u00e9sentes conditions de location.<\/strong><\/p>\n\n\n\n<p><strong>Les tribunaux d&#039;Ath\u00e8nes en Gr\u00e8ce sont pr\u00eats \u00e0 r\u00e9gler tous les litiges<\/strong><\/p>","protected":false},"excerpt":{"rendered":"<p>PAYMENTS 1.No credit cards or personal checks on arrival are accepted.2. All payments by international bank drafts to the company\u2019s corporate accounts or Owners\u2019 account supplied3. Payment all made in EURO. All amounts should be received NET of bank charges, please instruct your bank to do so4. Expenses beyond the EU remittances or foreign currency\u2026<\/p>","protected":false},"author":1,"featured_media":0,"parent":0,"menu_order":0,"comment_status":"closed","ping_status":"closed","template":"","meta":{"rs_blank_template":"","rs_page_bg_color":"","slide_template_v7":"","footnotes":""},"class_list":["post-17908","page","type-page","status-publish","hentry"],"yoast_head":"<!-- This site is optimized with the Yoast SEO plugin v27.3 - https:\/\/yoast.com\/product\/yoast-seo-wordpress\/ -->\n<title>Panormos\u00a0Art Villa&#039;s &amp; Suites Rental Policies | Panormos Art Villa&#039;s &amp; Suites<\/title>\n<meta name=\"robots\" content=\"index, follow, max-snippet:-1, max-image-preview:large, max-video-preview:-1\" \/>\n<link rel=\"canonical\" href=\"https:\/\/tinos-rentavilla.com\/fr_fr\/panormos-art-villa-suites-rental-policies\/\" \/>\n<meta property=\"og:locale\" content=\"fr_FR\" \/>\n<meta property=\"og:type\" content=\"article\" \/>\n<meta property=\"og:title\" content=\"Panormos\u00a0Art Villa&#039;s &amp; Suites Rental Policies | Panormos Art Villa&#039;s &amp; Suites\" \/>\n<meta property=\"og:description\" content=\"PAYMENTS 1.No credit cards or personal checks on arrival are accepted.2. All payments by international bank drafts to the company\u2019s corporate accounts or Owners\u2019 account supplied3. Payment all made in EURO. All amounts should be received NET of bank charges, please instruct your bank to do so4. Expenses beyond the EU remittances or foreign currency\u2026\" \/>\n<meta property=\"og:url\" content=\"https:\/\/tinos-rentavilla.com\/fr_fr\/panormos-art-villa-suites-rental-policies\/\" \/>\n<meta property=\"og:site_name\" content=\"Panormos Art Villa&#039;s &amp; Suites\" \/>\n<meta property=\"article:modified_time\" content=\"2025-09-27T21:49:01+00:00\" \/>\n<meta name=\"twitter:card\" content=\"summary_large_image\" \/>\n<meta name=\"twitter:label1\" content=\"Dur\u00e9e de lecture estim\u00e9e\" \/>\n\t<meta name=\"twitter:data1\" content=\"9 minutes\" \/>\n<script type=\"application\/ld+json\" class=\"yoast-schema-graph\">{\"@context\":\"https:\\\/\\\/schema.org\",\"@graph\":[{\"@type\":\"WebPage\",\"@id\":\"https:\\\/\\\/tinos-rentavilla.com\\\/panormos-art-villa-suites-rental-policies\\\/\",\"url\":\"https:\\\/\\\/tinos-rentavilla.com\\\/panormos-art-villa-suites-rental-policies\\\/\",\"name\":\"Panormos\u00a0Art Villa's & Suites Rental Policies | Panormos Art Villa&#039;s &amp; Suites\",\"isPartOf\":{\"@id\":\"https:\\\/\\\/tinos-rentavilla.com\\\/#website\"},\"datePublished\":\"2025-01-14T18:50:19+00:00\",\"dateModified\":\"2025-09-27T21:49:01+00:00\",\"breadcrumb\":{\"@id\":\"https:\\\/\\\/tinos-rentavilla.com\\\/panormos-art-villa-suites-rental-policies\\\/#breadcrumb\"},\"inLanguage\":\"fr-FR\",\"potentialAction\":[{\"@type\":\"ReadAction\",\"target\":[\"https:\\\/\\\/tinos-rentavilla.com\\\/panormos-art-villa-suites-rental-policies\\\/\"]}]},{\"@type\":\"BreadcrumbList\",\"@id\":\"https:\\\/\\\/tinos-rentavilla.com\\\/panormos-art-villa-suites-rental-policies\\\/#breadcrumb\",\"itemListElement\":[{\"@type\":\"ListItem\",\"position\":1,\"name\":\"Home\",\"item\":\"https:\\\/\\\/tinos-rentavilla.com\\\/\"},{\"@type\":\"ListItem\",\"position\":2,\"name\":\"Panormos\u00a0Art Villa&#8217;s &#038; Suites Rental Policies\"}]},{\"@type\":\"WebSite\",\"@id\":\"https:\\\/\\\/tinos-rentavilla.com\\\/#website\",\"url\":\"https:\\\/\\\/tinos-rentavilla.com\\\/\",\"name\":\"Panormos Art Villa&#039;s &amp; Suites\",\"description\":\"\",\"potentialAction\":[{\"@type\":\"SearchAction\",\"target\":{\"@type\":\"EntryPoint\",\"urlTemplate\":\"https:\\\/\\\/tinos-rentavilla.com\\\/?s={search_term_string}\"},\"query-input\":{\"@type\":\"PropertyValueSpecification\",\"valueRequired\":true,\"valueName\":\"search_term_string\"}}],\"inLanguage\":\"fr-FR\"}]}<\/script>\n<!-- \/ Yoast SEO plugin. -->","yoast_head_json":{"title":"Panormos\u00a0Art Villa's & Suites Rental Policies | Panormos Art Villa&#039;s &amp; Suites","robots":{"index":"index","follow":"follow","max-snippet":"max-snippet:-1","max-image-preview":"max-image-preview:large","max-video-preview":"max-video-preview:-1"},"canonical":"https:\/\/tinos-rentavilla.com\/fr_fr\/panormos-art-villa-suites-rental-policies\/","og_locale":"fr_FR","og_type":"article","og_title":"Panormos\u00a0Art Villa's & Suites Rental Policies | Panormos Art Villa&#039;s &amp; Suites","og_description":"PAYMENTS 1.No credit cards or personal checks on arrival are accepted.2. All payments by international bank drafts to the company\u2019s corporate accounts or Owners\u2019 account supplied3. Payment all made in EURO. All amounts should be received NET of bank charges, please instruct your bank to do so4. Expenses beyond the EU remittances or foreign currency\u2026","og_url":"https:\/\/tinos-rentavilla.com\/fr_fr\/panormos-art-villa-suites-rental-policies\/","og_site_name":"Panormos Art Villa&#039;s &amp; Suites","article_modified_time":"2025-09-27T21:49:01+00:00","twitter_card":"summary_large_image","twitter_misc":{"Dur\u00e9e de lecture estim\u00e9e":"9 minutes"},"schema":{"@context":"https:\/\/schema.org","@graph":[{"@type":"WebPage","@id":"https:\/\/tinos-rentavilla.com\/panormos-art-villa-suites-rental-policies\/","url":"https:\/\/tinos-rentavilla.com\/panormos-art-villa-suites-rental-policies\/","name":"Panormos\u00a0Art Villa's & Suites Rental Policies | Panormos Art Villa&#039;s &amp; Suites","isPartOf":{"@id":"https:\/\/tinos-rentavilla.com\/#website"},"datePublished":"2025-01-14T18:50:19+00:00","dateModified":"2025-09-27T21:49:01+00:00","breadcrumb":{"@id":"https:\/\/tinos-rentavilla.com\/panormos-art-villa-suites-rental-policies\/#breadcrumb"},"inLanguage":"fr-FR","potentialAction":[{"@type":"ReadAction","target":["https:\/\/tinos-rentavilla.com\/panormos-art-villa-suites-rental-policies\/"]}]},{"@type":"BreadcrumbList","@id":"https:\/\/tinos-rentavilla.com\/panormos-art-villa-suites-rental-policies\/#breadcrumb","itemListElement":[{"@type":"ListItem","position":1,"name":"Home","item":"https:\/\/tinos-rentavilla.com\/"},{"@type":"ListItem","position":2,"name":"Panormos\u00a0Art Villa&#8217;s &#038; Suites Rental Policies"}]},{"@type":"WebSite","@id":"https:\/\/tinos-rentavilla.com\/#website","url":"https:\/\/tinos-rentavilla.com\/","name":"Panormos Art Villa&#039;s &amp; Suites","description":"","potentialAction":[{"@type":"SearchAction","target":{"@type":"EntryPoint","urlTemplate":"https:\/\/tinos-rentavilla.com\/?s={search_term_string}"},"query-input":{"@type":"PropertyValueSpecification","valueRequired":true,"valueName":"search_term_string"}}],"inLanguage":"fr-FR"}]}},"_links":{"self":[{"href":"https:\/\/tinos-rentavilla.com\/fr_fr\/wp-json\/wp\/v2\/pages\/17908","targetHints":{"allow":["GET"]}}],"collection":[{"href":"https:\/\/tinos-rentavilla.com\/fr_fr\/wp-json\/wp\/v2\/pages"}],"about":[{"href":"https:\/\/tinos-rentavilla.com\/fr_fr\/wp-json\/wp\/v2\/types\/page"}],"author":[{"embeddable":true,"href":"https:\/\/tinos-rentavilla.com\/fr_fr\/wp-json\/wp\/v2\/users\/1"}],"replies":[{"embeddable":true,"href":"https:\/\/tinos-rentavilla.com\/fr_fr\/wp-json\/wp\/v2\/comments?post=17908"}],"version-history":[{"count":4,"href":"https:\/\/tinos-rentavilla.com\/fr_fr\/wp-json\/wp\/v2\/pages\/17908\/revisions"}],"predecessor-version":[{"id":17961,"href":"https:\/\/tinos-rentavilla.com\/fr_fr\/wp-json\/wp\/v2\/pages\/17908\/revisions\/17961"}],"wp:attachment":[{"href":"https:\/\/tinos-rentavilla.com\/fr_fr\/wp-json\/wp\/v2\/media?parent=17908"}],"curies":[{"name":"wp","href":"https:\/\/api.w.org\/{rel}","templated":true}]}}